{"id":1039,"date":"2018-05-03T12:22:49","date_gmt":"2018-05-03T12:22:49","guid":{"rendered":"https:\/\/www.sind-luzyfuerza-cap.org.ar\/slyf\/?page_id=1039"},"modified":"2024-09-12T21:58:59","modified_gmt":"2024-09-12T21:58:59","slug":"turismo","status":"publish","type":"page","link":"https:\/\/www.sind-luzyfuerza-cap.org.ar\/slyf\/secretarias\/turismo\/","title":{"rendered":"Turismo"},"content":{"rendered":"<p>[vc_row css_animation=&#8221;&#8221; row_type=&#8221;row&#8221; use_row_as_full_screen_section=&#8221;no&#8221; type=&#8221;full_width&#8221; angled_section=&#8221;no&#8221; text_align=&#8221;left&#8221; background_image_as_pattern=&#8221;without_pattern&#8221;][vc_column][vc_empty_space height=&#8221;60&#8243;][\/vc_column][\/vc_row][vc_row css_animation=&#8221;&#8221; row_type=&#8221;row&#8221; use_row_as_full_screen_section=&#8221;no&#8221; type=&#8221;grid&#8221; angled_section=&#8221;no&#8221; text_align=&#8221;left&#8221; background_image_as_pattern=&#8221;without_pattern&#8221; z_index=&#8221;&#8221;][vc_column width=&#8221;2\/3&#8243;][vc_column_text]<\/p>\n<h6>Secretar\u00eda de Turismo y Recreaci\u00f3n<\/h6>\n<p>[\/vc_column_text][vc_empty_space height=&#8221;21px&#8221;]<a  itemprop=\"url\" href=\"https:\/\/www.sind-luzyfuerza-cap.org.ar\/slyf\/secretarias\/turismo\/tarifas\/\" target=\"_self\" data-hover-background-color=#1e73be  class=\"qbutton  default\" style=\"margin: 2px 2px 2px 2px; \">Tarifas<\/a><a  itemprop=\"url\" href=\"#promociones\" target=\"_self\" data-hover-background-color=#1e73be  class=\"qbutton  default\" style=\"margin: 2px 2px 2px 2px; \">Promociones<\/a><a  itemprop=\"url\" href=\"#hoteles\" target=\"_self\" data-hover-background-color=#1e73be  class=\"qbutton  default\" style=\"margin: 2px 2px 2px 2px; \">Hoteles<\/a><a  itemprop=\"url\" href=\"#campos\" target=\"_self\" data-hover-background-color=#1e73be  class=\"qbutton  default\" style=\"margin: 2px 2px 2px 2px; \">Campos de Recreo<\/a><a  itemprop=\"url\" href=\"https:\/\/www.sind-luzyfuerza-cap.org.ar\/slyf\/secretarias\/turismo\/inscripcionturismo\" target=\"_self\" data-hover-background-color=#1e73be  class=\"qbutton  default\" style=\"margin: 2px 2px 2px 2px; \">Inscripci\u00f3n Turismo<\/a>[vc_empty_space height=&#8221;50px&#8221;][vc_row_inner row_type=&#8221;row&#8221; type=&#8221;full_width&#8221; text_align=&#8221;left&#8221; css_animation=&#8221;&#8221;][vc_column_inner width=&#8221;1\/2&#8243;][vc_single_image image=&#8221;5405&#8243; img_size=&#8221;full&#8221; onclick=&#8221;img_link_large&#8221; qode_css_animation=&#8221;&#8221;][vc_empty_space height=&#8221;20px&#8221;][vc_single_image image=&#8221;5403&#8243; img_size=&#8221;full&#8221; onclick=&#8221;img_link_large&#8221; qode_css_animation=&#8221;&#8221;][vc_empty_space height=&#8221;20px&#8221;][vc_single_image image=&#8221;6374&#8243; img_size=&#8221;full&#8221; onclick=&#8221;img_link_large&#8221; qode_css_animation=&#8221;&#8221;][vc_empty_space height=&#8221;20px&#8221;][vc_single_image image=&#8221;5398&#8243; img_size=&#8221;full&#8221; onclick=&#8221;img_link_large&#8221; qode_css_animation=&#8221;&#8221;][\/vc_column_inner][vc_column_inner width=&#8221;1\/2&#8243;][vc_single_image image=&#8221;6376&#8243; img_size=&#8221;full&#8221; onclick=&#8221;img_link_large&#8221; qode_css_animation=&#8221;&#8221;][vc_empty_space height=&#8221;20px&#8221;][vc_single_image image=&#8221;6375&#8243; img_size=&#8221;full&#8221; onclick=&#8221;img_link_large&#8221; qode_css_animation=&#8221;&#8221;][vc_empty_space height=&#8221;20px&#8221;][vc_single_image image=&#8221;5400&#8243; img_size=&#8221;full&#8221; onclick=&#8221;img_link_large&#8221; qode_css_animation=&#8221;&#8221;][vc_empty_space height=&#8221;20px&#8221;][vc_single_image image=&#8221;6377&#8243; img_size=&#8221;full&#8221; onclick=&#8221;img_link_large&#8221; qode_css_animation=&#8221;&#8221;][\/vc_column_inner][\/vc_row_inner][vc_separator type=&#8221;normal&#8221;][vc_empty_space][vc_column_text]<\/p>\n<h4><span style=\"color: #000080;\">Promociones<\/span><\/h4>\n<p>[\/vc_column_text][vc_empty_space height=&#8221;21px&#8221;][vc_row_inner row_type=&#8221;row&#8221; type=&#8221;full_width&#8221; anchor=&#8221;promociones&#8221; text_align=&#8221;left&#8221; css_animation=&#8221;&#8221;][vc_column_inner width=&#8221;1\/2&#8243;][vc_single_image image=&#8221;5399&#8243; img_size=&#8221;full&#8221; qode_css_animation=&#8221;&#8221;][vc_empty_space height=&#8221;20px&#8221;][vc_single_image image=&#8221;5024&#8243; img_size=&#8221;full&#8221; onclick=&#8221;link_image&#8221; qode_css_animation=&#8221;&#8221; css=&#8221;.vc_custom_1653316439092{margin-top: 40px !important;margin-bottom: 40px !important;}&#8221;][\/vc_column_inner][vc_column_inner width=&#8221;1\/2&#8243;][vc_single_image image=&#8221;5397&#8243; img_size=&#8221;full&#8221; onclick=&#8221;link_image&#8221; qode_css_animation=&#8221;&#8221; css=&#8221;.vc_custom_1665178141721{margin-top: 0px !important;margin-bottom: 40px !important;}&#8221;][\/vc_column_inner][\/vc_row_inner][vc_empty_space][vc_separator type=&#8221;normal&#8221;][vc_empty_space height=&#8221;21px&#8221;][vc_row_inner row_type=&#8221;row&#8221; type=&#8221;full_width&#8221; anchor=&#8221;promociones&#8221; text_align=&#8221;left&#8221; css_animation=&#8221;&#8221;][vc_column_inner width=&#8221;2\/3&#8243;][vc_empty_space height=&#8221;20px&#8221;][\/vc_column_inner][vc_column_inner width=&#8221;1\/3&#8243;][vc_empty_space height=&#8221;20px&#8221;][\/vc_column_inner][\/vc_row_inner][vc_empty_space height=&#8221;21px&#8221;][vc_separator type=&#8221;normal&#8221;][vc_empty_space height=&#8221;21px&#8221;][vc_column_text]<\/p>\n<h4><span style=\"color: #000080;\">Hoteles<\/span><\/h4>\n<p>[\/vc_column_text][vc_empty_space height=&#8221;21px&#8221;][vc_row_inner row_type=&#8221;row&#8221; type=&#8221;full_width&#8221; anchor=&#8221;hoteles&#8221; text_align=&#8221;left&#8221; css_animation=&#8221;&#8221;][vc_column_inner][vc_gallery type=&#8221;image_grid&#8221; images=&#8221;6530,6532,6535,6537,6539,6540,6543,6545,6547&#8243; img_size=&#8221;full&#8221; onclick=&#8221;custom_link&#8221; column_number=&#8221;3&#8243; grayscale=&#8221;no&#8221; images_space=&#8221;gallery_with_space&#8221; custom_links=&#8221;bariloche,cordoba,mardelplata,mendoza,misiones,puntamogotes,riohondo,salta,sanbernardo&#8221;][vc_empty_space height=&#8221;21px&#8221;][vc_column_text]<\/p>\n<h4><span style=\"color: #000080;\">Campos de Recreo<\/span><\/h4>\n<p>[\/vc_column_text][vc_empty_space height=&#8221;21px&#8221;][\/vc_column_inner][\/vc_row_inner][vc_row_inner row_type=&#8221;row&#8221; type=&#8221;full_width&#8221; anchor=&#8221;campos&#8221; text_align=&#8221;left&#8221; css_animation=&#8221;&#8221;][vc_column_inner width=&#8221;1\/3&#8243;]<div class=\"image_with_text\"><img itemprop=\"image\" src=\"https:\/\/www.sind-luzyfuerza-cap.org.ar\/slyf\/wp-content\/uploads\/2018\/05\/burzaco.jpg\" alt=\"BURZACO\" \/><h3 >BURZACO<\/h3><span style=\"margin: 6px 0px;\" class=\"separator transparent\"><\/span><\/p>\n<p style=\"text-align: left;\"><strong>&#8220;2 DE OCTUBRE&#8221;<\/strong><br \/>\nCALLE GOMEZ BAO E\/ROCHA Y O. BOZAN<br \/>\nB. PARQUE CORIMAYO<br \/>\n(1852 )- BURZACO<br \/>\nTEL: 4299-0992<\/p>\n<p><\/div>[\/vc_column_inner][vc_column_inner width=&#8221;1\/3&#8243;]<div class=\"image_with_text\"><img itemprop=\"image\" src=\"https:\/\/www.sind-luzyfuerza-cap.org.ar\/slyf\/wp-content\/uploads\/2018\/05\/san-isidro.jpg\" alt=\"SAN ISIDRO\" \/><h3 >SAN ISIDRO<\/h3><span style=\"margin: 6px 0px;\" class=\"separator transparent\"><\/span><strong>&#8220;29 DE ENERO&#8221;<\/strong><br \/>\nSEBASTI\u00c1N EL CANO 660<br \/>\n(Frente a estaci\u00f3n Barrancas Tren de la Costa )<br \/>\n(1642) &#8211; LAS BARRANCAS-SAN ISIDRO<br \/>\nTEL: 4792-2955<\/div>[\/vc_column_inner][vc_column_inner width=&#8221;1\/3&#8243;]<div class=\"image_with_text\"><img itemprop=\"image\" src=\"https:\/\/www.sind-luzyfuerza-cap.org.ar\/slyf\/wp-content\/uploads\/2018\/05\/del-viso.jpg\" alt=\"DEL VISO\" \/><h3 >DEL VISO<\/h3><span style=\"margin: 6px 0px;\" class=\"separator transparent\"><\/span>RUTA 8<br \/>\nKM. 42.200<br \/>\nDEL VISO<br \/>\nTel: 02320-470271<\/div>[\/vc_column_inner][\/vc_row_inner][vc_empty_space height=&#8221;20px&#8221;][vc_row_inner row_type=&#8221;row&#8221; type=&#8221;full_width&#8221; text_align=&#8221;left&#8221; css_animation=&#8221;&#8221;][vc_column_inner width=&#8221;1\/3&#8243;]<div class=\"image_with_text\"><img itemprop=\"image\" src=\"https:\/\/www.sind-luzyfuerza-cap.org.ar\/slyf\/wp-content\/uploads\/2018\/05\/quilmes.jpg\" alt=\"QUILMES\" \/><h3 >QUILMES<\/h3><span style=\"margin: 6px 0px;\" class=\"separator transparent\"><\/span><strong>13 DE JULIO<\/strong><br \/>\nAV. OTAMENDI ESQ. ITALIA<br \/>\n(1878) &#8211; QUILMES<br \/>\nTEL: 4253-1182<\/div>[\/vc_column_inner][vc_column_inner width=&#8221;1\/3&#8243;]<div class=\"image_with_text\"><img itemprop=\"image\" src=\"https:\/\/www.sind-luzyfuerza-cap.org.ar\/slyf\/wp-content\/uploads\/2018\/05\/villa-elisa.jpg\" alt=\"VILLA ELISA\" \/><h3 >VILLA ELISA<\/h3><span style=\"margin: 6px 0px;\" class=\"separator transparent\"><\/span>CALLE 115 y 409<br \/>\n(1894) &#8211; VILLA ELISA<br \/>\nTel: 0221-4870245<\/div>[\/vc_column_inner][vc_column_inner width=&#8221;1\/3&#8243;]<div class=\"image_with_text\"><img itemprop=\"image\" src=\"https:\/\/www.sind-luzyfuerza-cap.org.ar\/slyf\/wp-content\/uploads\/2018\/05\/tigre.jpg\" alt=\"TIGRE\" \/><h3 >TIGRE<\/h3><span style=\"margin: 6px 0px;\" class=\"separator transparent\"><\/span><strong>&#8220;ISLA LUZ Y FUERZA&#8221;<\/strong><br \/>\nR\u00cdO CAPIT\u00c1N Y R\u00cdO SARMIENTO<br \/>\nFRENTE ESCUELA N\u00ba 12<br \/>\n(1648)-TIGRE<br \/>\nTEL: 4728-0627<\/div>[\/vc_column_inner][\/vc_row_inner][vc_empty_space height=&#8221;20px&#8221;][vc_row_inner row_type=&#8221;row&#8221; type=&#8221;full_width&#8221; text_align=&#8221;left&#8221; css_animation=&#8221;&#8221;][vc_column_inner width=&#8221;1\/3&#8243;]<div class=\"image_with_text\"><img itemprop=\"image\" src=\"https:\/\/www.sind-luzyfuerza-cap.org.ar\/slyf\/wp-content\/uploads\/2018\/05\/castelar.jpg\" alt=\"CASTELAR\" \/><h3 >CASTELAR<\/h3><span style=\"margin: 6px 0px;\" class=\"separator transparent\"><\/span><strong>&#8220;VILLA OLIMPICA&#8221;<\/strong><br \/>\nGAONA 6050<br \/>\nCURUCHET 2900<br \/>\n(1712) &#8211; CASTELAR<br \/>\nTEL: 4624-5694<\/div>[\/vc_column_inner][vc_column_inner width=&#8221;1\/3&#8243;]\n\n\t<a href=\"https:\/\/www.sind-luzyfuerza-cap.org.ar\/slyf\/secretarias\/turismo\/tarifas\/\" target=\"_self\"  class=\"qode-btn qode-btn-medium qode-btn-solid qode-btn-default-hover\"  >\n\t    <span class=\"qode-btn-text\">VER TARIFAS<\/span>\t<\/a>\n\n[\/vc_column_inner][vc_column_inner width=&#8221;1\/3&#8243;][\/vc_column_inner][\/vc_row_inner][vc_empty_space height=&#8221;20px&#8221;][\/vc_column][vc_column width=&#8221;1\/3&#8243;]<a  itemprop=\"url\" href=\"https:\/\/www.sind-luzyfuerza-cap.org.ar\/lyf2015p\/servlet\/uswbienvenido\" target=\"_self\" data-hover-background-color=#1e73be  class=\"qbutton  small center default\" style=\"background-color: #4a64ad;\">Acceso Usuarios Registrados<\/a>[vc_empty_space height=&#8221;20px&#8221;][vc_gallery interval=&#8221;3&#8243; images=&#8221;809,3203,3204&#8243; img_size=&#8221;full&#8221;][vc_column_text css=&#8221;.vc_custom_1573562309130{background-color: #ffffff !important;}&#8221;]<\/p>\n<p style=\"text-align: center;\"><strong><br \/>\nSubsecretario suplente: Jorge Ra\u00fal Maza<br \/>\n<\/strong><\/p>\n<p>[\/vc_column_text][vc_empty_space][vc_single_image image=&#8221;6237&#8243; img_size=&#8221;full&#8221; qode_css_animation=&#8221;&#8221;][vc_empty_space][\/vc_column][\/vc_row][vc_row css_animation=&#8221;&#8221; row_type=&#8221;row&#8221; use_row_as_full_screen_section=&#8221;no&#8221; type=&#8221;grid&#8221; angled_section=&#8221;no&#8221; text_align=&#8221;left&#8221; background_image_as_pattern=&#8221;without_pattern&#8221; background_color=&#8221;#e8e8e8&#8243; border_color=&#8221;#1e73be&#8221; z_index=&#8221;&#8221;][vc_column][vc_empty_space height=&#8221;60&#8243;][vc_column_text]<\/p>\n<h2>Noticias Generales<\/h2>\n<p>[\/vc_column_text][vc_empty_space height=&#8221;21px&#8221;]<div class='blog_slider_holder clearfix '><div class='blog_slider blog_slider_carousel' data-blogs_shown='3' data-auto_start='true'><ul class='blog_slides'><li class='item'><div class=\"item_holder\"><div class=\"blog_text_holder info_bottom\" style=\"background-color:rgba(30,115,190,0.83);\"><div class=\"blog_text_holder_outer\"><div class=\"blog_text_date_holder\"><div itemprop=\"dateCreated\" class=\"blog_slider_date_holder entry_date updated\"><span class=\"blog_slider_day\" style= \"color: rgba(0,0,0,0.01);\" >09<\/span><span class=\"blog_slider_month\" style= \"color: rgba(0,0,0,0.01);\">Mar<\/span><meta itemprop=\"interactionCount\" content=\"UserComments:0\"\/><\/div><\/div><div class=\"blog_text_holder_inner\"><h3 itemprop=\"name\" class=\"blog_slider_title entry_title\" ><a itemprop=\"url\" href=\"https:\/\/www.sind-luzyfuerza-cap.org.ar\/slyf\/titulo-de-la-noticia-vivienda-01-2\/\" >CGT &#8211; Pedido de Ratificaci\u00f3n  Convenio n\u00b0 190 de la OIT<\/a><\/h3><\/div><\/div><\/div><div class=\"blog_image_holder\"><span class=\"image\"><img width=\"1000\" height=\"540\" src=\"https:\/\/www.sind-luzyfuerza-cap.org.ar\/slyf\/wp-content\/uploads\/2020\/03\/destacada-4demarzo.jpg\" class=\"attachment-full size-full wp-post-image\" alt=\"\" loading=\"lazy\" srcset=\"https:\/\/www.sind-luzyfuerza-cap.org.ar\/slyf\/wp-content\/uploads\/2020\/03\/destacada-4demarzo.jpg 1000w, https:\/\/www.sind-luzyfuerza-cap.org.ar\/slyf\/wp-content\/uploads\/2020\/03\/destacada-4demarzo-300x162.jpg 300w, https:\/\/www.sind-luzyfuerza-cap.org.ar\/slyf\/wp-content\/uploads\/2020\/03\/destacada-4demarzo-768x415.jpg 768w, https:\/\/www.sind-luzyfuerza-cap.org.ar\/slyf\/wp-content\/uploads\/2020\/03\/destacada-4demarzo-700x378.jpg 700w\" sizes=\"(max-width: 1000px) 100vw, 1000px\" \/><\/span><\/div><\/div><\/li><li class='item'><div class=\"item_holder\"><div class=\"blog_text_holder info_bottom\" style=\"background-color:rgba(30,115,190,0.83);\"><div class=\"blog_text_holder_outer\"><div class=\"blog_text_date_holder\"><div itemprop=\"dateCreated\" class=\"blog_slider_date_holder entry_date updated\"><span class=\"blog_slider_day\" style= \"color: rgba(0,0,0,0.01);\" >15<\/span><span class=\"blog_slider_month\" style= \"color: rgba(0,0,0,0.01);\">Oct<\/span><meta itemprop=\"interactionCount\" content=\"UserComments:0\"\/><\/div><\/div><div class=\"blog_text_holder_inner\"><h3 itemprop=\"name\" class=\"blog_slider_title entry_title\" ><a itemprop=\"url\" href=\"https:\/\/www.sind-luzyfuerza-cap.org.ar\/slyf\/titulo-de-la-noticia-vivienda-01\/\" >Educaci\u00f3n &#8211; Beneficios<\/a><\/h3><\/div><\/div><\/div><div class=\"blog_image_holder\"><span class=\"image\"><img width=\"1000\" height=\"540\" src=\"https:\/\/www.sind-luzyfuerza-cap.org.ar\/slyf\/wp-content\/uploads\/2018\/03\/uai-febrero2019miniatura.jpg\" class=\"attachment-full size-full wp-post-image\" alt=\"\" loading=\"lazy\" srcset=\"https:\/\/www.sind-luzyfuerza-cap.org.ar\/slyf\/wp-content\/uploads\/2018\/03\/uai-febrero2019miniatura.jpg 1000w, https:\/\/www.sind-luzyfuerza-cap.org.ar\/slyf\/wp-content\/uploads\/2018\/03\/uai-febrero2019miniatura-300x162.jpg 300w, https:\/\/www.sind-luzyfuerza-cap.org.ar\/slyf\/wp-content\/uploads\/2018\/03\/uai-febrero2019miniatura-768x415.jpg 768w, https:\/\/www.sind-luzyfuerza-cap.org.ar\/slyf\/wp-content\/uploads\/2018\/03\/uai-febrero2019miniatura-700x378.jpg 700w\" sizes=\"(max-width: 1000px) 100vw, 1000px\" \/><\/span><\/div><\/div><\/li><li class='item'><div class=\"item_holder\"><div class=\"blog_text_holder info_bottom\" style=\"background-color:rgba(30,115,190,0.83);\"><div class=\"blog_text_holder_outer\"><div class=\"blog_text_date_holder\"><div itemprop=\"dateCreated\" class=\"blog_slider_date_holder entry_date updated\"><span class=\"blog_slider_day\" style= \"color: rgba(0,0,0,0.01);\" >15<\/span><span class=\"blog_slider_month\" style= \"color: rgba(0,0,0,0.01);\">Ene<\/span><meta itemprop=\"interactionCount\" content=\"UserComments:0\"\/><\/div><\/div><div class=\"blog_text_holder_inner\"><h3 itemprop=\"name\" class=\"blog_slider_title entry_title\" ><a itemprop=\"url\" href=\"https:\/\/www.sind-luzyfuerza-cap.org.ar\/slyf\/titulo-de-la-noticia-2\/\" >Cursos 2022<\/a><\/h3><\/div><\/div><\/div><div class=\"blog_image_holder\"><span class=\"image\"><img width=\"900\" height=\"540\" src=\"https:\/\/www.sind-luzyfuerza-cap.org.ar\/slyf\/wp-content\/uploads\/2018\/01\/CENTRO408-para-carrousell-noticias.jpg\" class=\"attachment-full size-full wp-post-image\" alt=\"\" loading=\"lazy\" srcset=\"https:\/\/www.sind-luzyfuerza-cap.org.ar\/slyf\/wp-content\/uploads\/2018\/01\/CENTRO408-para-carrousell-noticias.jpg 900w, https:\/\/www.sind-luzyfuerza-cap.org.ar\/slyf\/wp-content\/uploads\/2018\/01\/CENTRO408-para-carrousell-noticias-300x180.jpg 300w, https:\/\/www.sind-luzyfuerza-cap.org.ar\/slyf\/wp-content\/uploads\/2018\/01\/CENTRO408-para-carrousell-noticias-768x461.jpg 768w, https:\/\/www.sind-luzyfuerza-cap.org.ar\/slyf\/wp-content\/uploads\/2018\/01\/CENTRO408-para-carrousell-noticias-700x420.jpg 700w\" sizes=\"(max-width: 900px) 100vw, 900px\" \/><\/span><\/div><\/div><\/li><\/ul><ul class=\"caroufredsel-direction-nav\"><li><a id=\"caroufredsel-prev\" class=\"caroufredsel-prev\" href=\"#\"><div><i class=\"fa fa-angle-left\"><\/i><\/div><\/a><\/li><li><a class=\"caroufredsel-next\" id=\"caroufredsel-next\" href=\"#\"><div><i class=\"fa fa-angle-right\"><\/i><\/div><\/a><\/li><\/ul><\/div><\/div>[vc_empty_space height=&#8221;60&#8243;][\/vc_column][\/vc_row]<\/p>\n","protected":false},"excerpt":{"rendered":"<p>[vc_row css_animation=&#8221;&#8221; row_type=&#8221;row&#8221; use_row_as_full_screen_section=&#8221;no&#8221; type=&#8221;full_width&#8221; angled_section=&#8221;no&#8221; text_align=&#8221;left&#8221; background_image_as_pattern=&#8221;without_pattern&#8221;][vc_column][vc_empty_space height=&#8221;60&#8243;][\/vc_column][\/vc_row][vc_row css_animation=&#8221;&#8221; row_type=&#8221;row&#8221; use_row_as_full_screen_section=&#8221;no&#8221; type=&#8221;grid&#8221; angled_section=&#8221;no&#8221; text_align=&#8221;left&#8221; background_image_as_pattern=&#8221;without_pattern&#8221; z_index=&#8221;&#8221;][vc_column width=&#8221;2\/3&#8243;][vc_column_text] Secretar\u00eda de Turismo y Recreaci\u00f3n [\/vc_column_text][vc_empty_space height=&#8221;21px&#8221;][vc_empty_space height=&#8221;50px&#8221;][vc_row_inner row_type=&#8221;row&#8221; type=&#8221;full_width&#8221; text_align=&#8221;left&#8221; css_animation=&#8221;&#8221;][vc_column_inner width=&#8221;1\/2&#8243;][vc_single_image image=&#8221;5405&#8243; img_size=&#8221;full&#8221; onclick=&#8221;img_link_large&#8221; qode_css_animation=&#8221;&#8221;][vc_empty_space height=&#8221;20px&#8221;][vc_single_image image=&#8221;5403&#8243; img_size=&#8221;full&#8221; onclick=&#8221;img_link_large&#8221; qode_css_animation=&#8221;&#8221;][vc_empty_space height=&#8221;20px&#8221;][vc_single_image image=&#8221;6374&#8243; img_size=&#8221;full&#8221; onclick=&#8221;img_link_large&#8221; qode_css_animation=&#8221;&#8221;][vc_empty_space&#8230;<\/p>\n","protected":false},"author":3,"featured_media":0,"parent":405,"menu_order":0,"comment_status":"closed","ping_status":"closed","template":"full_width.php","meta":[],"_links":{"self":[{"href":"https:\/\/www.sind-luzyfuerza-cap.org.ar\/slyf\/wp-json\/wp\/v2\/pages\/1039"}],"collection":[{"href":"https:\/\/www.sind-luzyfuerza-cap.org.ar\/slyf\/wp-json\/wp\/v2\/pages"}],"about":[{"href":"https:\/\/www.sind-luzyfuerza-cap.org.ar\/slyf\/wp-json\/wp\/v2\/types\/page"}],"author":[{"embeddable":true,"href":"https:\/\/www.sind-luzyfuerza-cap.org.ar\/slyf\/wp-json\/wp\/v2\/users\/3"}],"replies":[{"embeddable":true,"href":"https:\/\/www.sind-luzyfuerza-cap.org.ar\/slyf\/wp-json\/wp\/v2\/comments?post=1039"}],"version-history":[{"count":164,"href":"https:\/\/www.sind-luzyfuerza-cap.org.ar\/slyf\/wp-json\/wp\/v2\/pages\/1039\/revisions"}],"predecessor-version":[{"id":6646,"href":"https:\/\/www.sind-luzyfuerza-cap.org.ar\/slyf\/wp-json\/wp\/v2\/pages\/1039\/revisions\/6646"}],"up":[{"embeddable":true,"href":"https:\/\/www.sind-luzyfuerza-cap.org.ar\/slyf\/wp-json\/wp\/v2\/pages\/405"}],"wp:attachment":[{"href":"https:\/\/www.sind-luzyfuerza-cap.org.ar\/slyf\/wp-json\/wp\/v2\/media?parent=1039"}],"curies":[{"name":"wp","href":"https:\/\/api.w.org\/{rel}","templated":true}]}}