{"id":172,"date":"2016-11-02T09:23:38","date_gmt":"2016-11-02T09:23:38","guid":{"rendered":"http:\/\/bridge87.qodeinteractive.com\/?page_id=172"},"modified":"2024-10-21T22:24:13","modified_gmt":"2024-10-21T22:24:13","slug":"institucional","status":"publish","type":"page","link":"https:\/\/www.sind-luzyfuerza-cap.org.ar\/slyf\/institucional\/","title":{"rendered":"Institucional"},"content":{"rendered":"<p>[vc_row css_animation=&#8221;&#8221; row_type=&#8221;row&#8221; use_row_as_full_screen_section=&#8221;no&#8221; type=&#8221;grid&#8221; angled_section=&#8221;no&#8221; text_align=&#8221;left&#8221; background_image_as_pattern=&#8221;without_pattern&#8221; padding_top=&#8221;50&#8243; z_index=&#8221;&#8221;][vc_column]<a  itemprop=\"url\" href=\"#autoridades\" target=\"_self\" data-hover-background-color=#548dbf  class=\"qbutton  default\" style=\"margin: 2px 2px 2px 2px; \">Autoridades<\/a><a  itemprop=\"url\" href=\"#estatuto\" target=\"_self\" data-hover-background-color=#548dbf  class=\"qbutton  default\" style=\"margin: 2px 2px 2px 2px; \">Estauto<\/a><a  itemprop=\"url\" href=\"#organigrama\" target=\"_self\" data-hover-background-color=#548dbf  class=\"qbutton  default\" style=\"margin: 2px 2px 2px 2px; \">Organigrama<\/a><a  itemprop=\"url\" href=\"#historia\" target=\"_self\" data-hover-background-color=#548dbf  class=\"qbutton  default\" style=\"margin: 2px 2px 2px 2px; \">Historia<\/a>[vc_empty_space][vc_row_inner row_type=&#8221;row&#8221; type=&#8221;full_width&#8221; anchor=&#8221;autoridades&#8221; text_align=&#8221;left&#8221; css_animation=&#8221;&#8221;][vc_column_inner width=&#8221;3\/4&#8243;]<div class=\"qode-accordion-holder clearfix qode-accordion qode-initial \">\n\t<h4 class=\"clearfix qode-title-holder\">\n<span class=\"qode-tab-title\">\n\t    <span class=\"qode-tab-title-inner\">\n        SECRETAR\u00cdA GENERAL    <\/span>\n<\/span>\n<span class=\"qode-accordion-mark\">\n    <span class=\"qode-accordion-mark-icon\">\n        <span class=\"icon_plus\"><\/span>\n        <span class=\"icon_minus-06\"><\/span>\n    <\/span>\n<\/span>\n<\/h4>\n<div class=\"qode-accordion-content \" style=\"background-image: url(); padding: 20px 90px 62px 60px\">\n    <div class=\"qode-accordion-content-inner\">\n        [vc_column_text]<\/p>\n<p style=\"text-align: left;\">SECRETARIO\u00a0<strong><br \/>\nMANCUSO, RAFAEL \u00c1NGEL<\/strong><\/p>\n<p>SUBSECRETARIO<strong><br \/>\nMAT\u00cdAS N\u00c9STOR ALFREDO<\/strong><\/p>\n<p>[\/vc_column_text]    <\/div>\n<\/div><h4 class=\"clearfix qode-title-holder\">\n<span class=\"qode-tab-title\">\n\t    <span class=\"qode-tab-title-inner\">\n        SECRETAR\u00cdA DE ACCI\u00d3N SOCIAL    <\/span>\n<\/span>\n<span class=\"qode-accordion-mark\">\n    <span class=\"qode-accordion-mark-icon\">\n        <span class=\"icon_plus\"><\/span>\n        <span class=\"icon_minus-06\"><\/span>\n    <\/span>\n<\/span>\n<\/h4>\n<div class=\"qode-accordion-content \" style=\"padding: 20px 90px 62px 60px\">\n    <div class=\"qode-accordion-content-inner\">\n        [vc_column_text]SECRETARIO:<br \/>\n<strong>Jos\u00e9 L. De Biaggi<\/strong><\/p>\n<p>SUBSECRETARIO:<br \/>\n<strong>Rub\u00e9n Savino<\/strong><\/p>\n<p>SUBSECRETARIO DE ACCI\u00d3N SOCIAL Y SOLIDARIDAD:<br \/>\n<strong>Jorge Azize<\/strong>[\/vc_column_text]    <\/div>\n<\/div><h4 class=\"clearfix qode-title-holder\">\n<span class=\"qode-tab-title\">\n\t    <span class=\"qode-tab-title-inner\">\n        SECRETAR\u00cdA GREMIAL Y ASUNTOS T\u00c9CNICOS    <\/span>\n<\/span>\n<span class=\"qode-accordion-mark\">\n    <span class=\"qode-accordion-mark-icon\">\n        <span class=\"icon_plus\"><\/span>\n        <span class=\"icon_minus-06\"><\/span>\n    <\/span>\n<\/span>\n<\/h4>\n<div class=\"qode-accordion-content \" style=\"padding: 20px 90px 62px 60px\">\n    <div class=\"qode-accordion-content-inner\">\n        [vc_column_text]<\/p>\n<p style=\"text-align: left;\">SECRETARIO:<br \/>\n<strong>Oscar R. Requejo<\/strong><\/p>\n<p>SUBSECRETARIO GREMIAL \u00c1REA DISTRIBUCI\u00d3N:<br \/>\n<strong>Alejandro F. Galli<\/strong><\/p>\n<p>SUBSECRETARIO GREMIAL \u00c1REA GENERACI\u00d3N:<br \/>\nF<strong>ernando J. Olgu\u00edn<\/strong><\/p>\n<p>SUBSECRETARIO GREMIAL ASUNTOS T\u00c9CNICOS:<br \/>\n<strong>Carlos A. Shmeil<\/strong><\/p>\n<p>Subsecretario Suplente: <strong>Jos\u00e9 Sebasti\u00e1n Pittella<\/strong>[\/vc_column_text]    <\/div>\n<\/div><h4 class=\"clearfix qode-title-holder\">\n<span class=\"qode-tab-title\">\n\t    <span class=\"qode-tab-title-inner\">\n        SECRETAR\u00cdA DE CULTURA, EDUCACI\u00d3N Y DEPORTES    <\/span>\n<\/span>\n<span class=\"qode-accordion-mark\">\n    <span class=\"qode-accordion-mark-icon\">\n        <span class=\"icon_plus\"><\/span>\n        <span class=\"icon_minus-06\"><\/span>\n    <\/span>\n<\/span>\n<\/h4>\n<div class=\"qode-accordion-content \" style=\"padding: 20px 90px 62px 60px\">\n    <div class=\"qode-accordion-content-inner\">\n        [vc_column_text]<\/p>\n<p style=\"text-align: left;\">SECRETARIO:<br \/>\n<strong>Rub\u00e9n Daniel Fern\u00e1ndez<\/strong><\/p>\n<p>SUBSECRETARIO:\u00a0<strong><br \/>\nMarcelo Fabi\u00e1n R\u00edpoli<\/strong><\/p>\n<p>SUBSECRETARIO DE CULTURA, CAPACITACI\u00d3N Y BECAS:<br \/>\n<strong>Leonardo Gabriel Di Sanzo<\/strong><\/p>\n<p>Subsecretario Suplente: <strong>Javier Francisco Vicente y N\u00e9stor Omar Tarelli<\/strong>[\/vc_column_text]    <\/div>\n<\/div><h4 class=\"clearfix qode-title-holder\">\n<span class=\"qode-tab-title\">\n\t    <span class=\"qode-tab-title-inner\">\n        SECRETAR\u00cdA DE POL\u00cdTICA ENERG\u00c9TICA    <\/span>\n<\/span>\n<span class=\"qode-accordion-mark\">\n    <span class=\"qode-accordion-mark-icon\">\n        <span class=\"icon_plus\"><\/span>\n        <span class=\"icon_minus-06\"><\/span>\n    <\/span>\n<\/span>\n<\/h4>\n<div class=\"qode-accordion-content \" style=\"padding: 20px 90px 62px 60px\">\n    <div class=\"qode-accordion-content-inner\">\n        [vc_column_text]<\/p>\n<p style=\"text-align: left;\">SECRETARIO:<br \/>\n<strong>Carlos A. Gil<\/strong><\/p>\n<p>SUBSECRETARIO:<br \/>\n<strong>Ver\u00f3nica Sacchetto<\/strong><\/p>\n<p>Subsecretario Suplente: <strong>Adri\u00e1n A. Longo<\/strong>[\/vc_column_text]    <\/div>\n<\/div><h4 class=\"clearfix qode-title-holder\">\n<span class=\"qode-tab-title\">\n\t    <span class=\"qode-tab-title-inner\">\n        SECRETAR\u00cdA DE PRENSA Y RELACIONES P\u00daBLICAS    <\/span>\n<\/span>\n<span class=\"qode-accordion-mark\">\n    <span class=\"qode-accordion-mark-icon\">\n        <span class=\"icon_plus\"><\/span>\n        <span class=\"icon_minus-06\"><\/span>\n    <\/span>\n<\/span>\n<\/h4>\n<div class=\"qode-accordion-content \" style=\"padding: 20px 90px 62px 60px\">\n    <div class=\"qode-accordion-content-inner\">\n        [vc_column_text]<\/p>\n<p style=\"text-align: left;\">SECRETARIO:<br \/>\n<strong>Oscar E. Mart\u00ednez<\/strong><\/p>\n<p>SUBSECRETARIO:<br \/>\n<strong>Diego A. Gianatelli<\/strong><\/p>\n<p>Subsecretario Suplente: <strong>Julio C\u00e1ceres<\/strong>[\/vc_column_text]    <\/div>\n<\/div><h4 class=\"clearfix qode-title-holder\">\n<span class=\"qode-tab-title\">\n\t    <span class=\"qode-tab-title-inner\">\n        SECRETAR\u00cdA DE TURISMO Y RECREACI\u00d3N    <\/span>\n<\/span>\n<span class=\"qode-accordion-mark\">\n    <span class=\"qode-accordion-mark-icon\">\n        <span class=\"icon_plus\"><\/span>\n        <span class=\"icon_minus-06\"><\/span>\n    <\/span>\n<\/span>\n<\/h4>\n<div class=\"qode-accordion-content \" style=\"padding: 20px 90px 62px 60px\">\n    <div class=\"qode-accordion-content-inner\">\n        [vc_column_text]<\/p>\n<p style=\"text-align: left;\">SECRETARIO:<br \/>\n<strong>Daniel \u00c1ngel Minucci<\/strong><\/p>\n<p>SUBSECRETARIO:<br \/>\n<strong>Juan Manuel Griecco<\/strong><\/p>\n<p>SUBSECRETARIO DE CAMPOS DE RECREO:<br \/>\n<strong>Alfredo V. Acosta<\/strong><\/p>\n<p>Subsecretario Suplente: <strong>Jorge Ra\u00fal Maza<\/strong>[\/vc_column_text]    <\/div>\n<\/div><h4 class=\"clearfix qode-title-holder\">\n<span class=\"qode-tab-title\">\n\t    <span class=\"qode-tab-title-inner\">\n        SECRETAR\u00cdA DE VIVIENDA Y OBRAS    <\/span>\n<\/span>\n<span class=\"qode-accordion-mark\">\n    <span class=\"qode-accordion-mark-icon\">\n        <span class=\"icon_plus\"><\/span>\n        <span class=\"icon_minus-06\"><\/span>\n    <\/span>\n<\/span>\n<\/h4>\n<div class=\"qode-accordion-content \" style=\"padding: 20px 90px 62px 60px\">\n    <div class=\"qode-accordion-content-inner\">\n        [vc_column_text]<\/p>\n<p style=\"text-align: left;\">SECRETARIO:<br \/>\n<strong>Jorge A. Mat\u00edas<\/strong><\/p>\n<p>SUBSECRETARIO:<br \/>\n<strong>Jonatan P. Pesante\u00a0<\/strong><\/p>\n<p>SUBSECRETARIO DE OBRAS:<br \/>\nGabriel F. Bozzini<\/p>\n<p>Subsecretario Suplente: <strong>Miguel \u00c1ngel Marano<\/strong>[\/vc_column_text]    <\/div>\n<\/div><h4 class=\"clearfix qode-title-holder\">\n<span class=\"qode-tab-title\">\n\t    <span class=\"qode-tab-title-inner\">\n        SECRETAR\u00cdA DE PREVISION SOCIAL Y ACTAS    <\/span>\n<\/span>\n<span class=\"qode-accordion-mark\">\n    <span class=\"qode-accordion-mark-icon\">\n        <span class=\"icon_plus\"><\/span>\n        <span class=\"icon_minus-06\"><\/span>\n    <\/span>\n<\/span>\n<\/h4>\n<div class=\"qode-accordion-content \" style=\"padding: 20px 90px 62px 60px\">\n    <div class=\"qode-accordion-content-inner\">\n        [vc_column_text]<\/p>\n<p style=\"text-align: left;\">SECRETARIO:<br \/>\n<strong>Rafael A. Puebla<\/strong><\/p>\n<p>SUBSECRETARIO:<br \/>\n<strong>Marta E. Ort\u00edz<\/strong><\/p>\n<p>SUBSECRETARIO DE ACTAS:<br \/>\n<strong>Bibiana N. Mastrapascua<\/strong><\/p>\n<p>Subsecretario Suplente: <strong>Javier Alberto Varela<\/strong>[\/vc_column_text]    <\/div>\n<\/div><h4 class=\"clearfix qode-title-holder\">\n<span class=\"qode-tab-title\">\n\t    <span class=\"qode-tab-title-inner\">\n        SECRETAR\u00cdA DE ORGANIZACI\u00d3N Y ADOCTRINAMIENTO    <\/span>\n<\/span>\n<span class=\"qode-accordion-mark\">\n    <span class=\"qode-accordion-mark-icon\">\n        <span class=\"icon_plus\"><\/span>\n        <span class=\"icon_minus-06\"><\/span>\n    <\/span>\n<\/span>\n<\/h4>\n<div class=\"qode-accordion-content \" style=\"padding: 20px 90px 62px 60px\">\n    <div class=\"qode-accordion-content-inner\">\n        [vc_column_text]<\/p>\n<p style=\"text-align: left;\">SECRETARIO:<br \/>\n<strong>Fabi\u00e1n A. Arias Pereyra<\/strong><\/p>\n<p>SUBSECRETARIO:<br \/>\n<strong>Pantale\u00f3n Orfano<\/strong><\/p>\n<p>SUBSECRETARIO DE ORIENTACI\u00d3N Y ADOCTRINAMIENTO:<br \/>\n<strong>Gonz\u00e1lez Horacio A.<\/strong><\/p>\n<p>Subsecretario Suplente: <strong>Walter S. Salverry<\/strong>[\/vc_column_text]    <\/div>\n<\/div><h4 class=\"clearfix qode-title-holder\">\n<span class=\"qode-tab-title\">\n\t    <span class=\"qode-tab-title-inner\">\n        SECRETAR\u00cdA DE HACIENDA Y ACCI\u00d3N COOPERATIVA    <\/span>\n<\/span>\n<span class=\"qode-accordion-mark\">\n    <span class=\"qode-accordion-mark-icon\">\n        <span class=\"icon_plus\"><\/span>\n        <span class=\"icon_minus-06\"><\/span>\n    <\/span>\n<\/span>\n<\/h4>\n<div class=\"qode-accordion-content \" style=\"background-image: url(); padding: 20px 90px 62px 60px\">\n    <div class=\"qode-accordion-content-inner\">\n        [vc_column_text]<\/p>\n<p style=\"text-align: left;\">SECRETARIO:<br \/>\n<strong>Carlos Mario Rulet<\/strong><\/p>\n<p>SUBSECRETARIO DE HACIENDA Y ACCI\u00d3N COOPERATIVA:<br \/>\n<strong>Francisco Corsaro<\/strong><\/p>\n<p>SUBSECRETARIO DE HACIENDA:<br \/>\n<strong>Juan Carlos Sabatt\u00e9<\/strong>[\/vc_column_text]    <\/div>\n<\/div><\/div>[\/vc_column_inner][vc_column_inner width=&#8221;1\/4&#8243;][\/vc_column_inner][\/vc_row_inner][vc_empty_space][vc_separator type=&#8221;normal&#8221; color=&#8221;#a5a5a5&#8243;][vc_empty_space][vc_row_inner row_type=&#8221;row&#8221; type=&#8221;full_width&#8221; anchor=&#8221;estatuto&#8221; text_align=&#8221;left&#8221; css_animation=&#8221;&#8221;][vc_column_inner width=&#8221;3\/4&#8243;][vc_column_text]<\/p>\n<h6>Derechos del Trabajador<\/h6>\n<p>[\/vc_column_text][vc_empty_space height=&#8221;7px&#8221;][vc_column_text]<\/p>\n<h2><strong class=\"titulo\">DECLARACI\u00d3N DE PRINCIPIOS<\/strong><\/h2>\n<p>[\/vc_column_text][vc_empty_space height=&#8221;21px&#8221;][vc_column_text]<a href=\"https:\/\/www.sind-luzyfuerza-cap.org.ar\/slyf\/wp-content\/uploads\/2018\/03\/PORTADA-DE-ESTATUTO.jpg\"><img loading=\"lazy\" class=\" wp-image-367 alignright\" src=\"https:\/\/www.sind-luzyfuerza-cap.org.ar\/slyf\/wp-content\/uploads\/2018\/03\/PORTADA-DE-ESTATUTO-209x300.jpg\" alt=\"\" width=\"307\" height=\"441\" srcset=\"https:\/\/www.sind-luzyfuerza-cap.org.ar\/slyf\/wp-content\/uploads\/2018\/03\/PORTADA-DE-ESTATUTO-209x300.jpg 209w, https:\/\/www.sind-luzyfuerza-cap.org.ar\/slyf\/wp-content\/uploads\/2018\/03\/PORTADA-DE-ESTATUTO.jpg 400w\" sizes=\"(max-width: 307px) 100vw, 307px\" \/><\/a>En el derecho natural, que toda sociedad asentada en el principio de la justicia otorga a un individuo, se inspir\u00f3 la clase trabajadora para crear sus movimientos de reivindicaciones emancipadoras. La acci\u00f3n sindicalista, aplicaci\u00f3n pr\u00e1ctica de esas concepciones te\u00f3ricas, encierra la firme esperanza de la clase trabajadora para alcanzar sus objetivos, fundados en una sociedad donde el hombre no ser\u00e1 esclavo de sus semejantes. De ah\u00ed el aumento de la cohesi\u00f3n y unidad universal de los trabajadores en un movimiento vivo y din\u00e1mico de expansi\u00f3n, por fundamento humanitario y l\u00f3gico, en defensa y conquista de la Justicia Social, Independencia Econ\u00f3mica y Soberan\u00eda Pol\u00edtica. Como punto inicial, pretendemos anular los fundamentos econ\u00f3micos que en la sociedad obligan y empujan a los hombres e la despiadada lucha de uno contra otros y todos contra uno. Por dicha causa, nuestro Sindicato llevar\u00e1 a la acci\u00f3n y desarrollo la solidaridad entre sus afiliados, quienes defender\u00e1n los principios del funcionamiento de las leyes morales, que determinan que el bienestar de cada cu\u00e1l es parte es parte integrante del bienestar de los dem\u00e1s y, afirm\u00e1ndose en los \u201cDerechos del Trabajador\u201d se dar\u00e1 una orientaci\u00f3n progresiva de transformaci\u00f3n de las fases ya alcanzadas, hacia los objetivos que nos emancipan de la explotaci\u00f3n econ\u00f3mica y social, contribuyendo al mismo tiempo para disciplinar una firme conciencia de liberaci\u00f3n econ\u00f3mica nacional en beneficio del pueblo argentino. Los trabajadores de Luz y Fuerza har\u00e1n en todo causa com\u00fan con el plan de electrificaci\u00f3n del pa\u00eds, tendiente a la emancipaci\u00f3n integral de la econom\u00eda argentina.[\/vc_column_text][\/vc_column_inner][vc_column_inner width=&#8221;1\/4&#8243;][\/vc_column_inner][\/vc_row_inner][vc_empty_space][vc_separator type=&#8221;normal&#8221; color=&#8221;#cccccc&#8221;][vc_empty_space][vc_row_inner row_type=&#8221;row&#8221; type=&#8221;full_width&#8221; anchor=&#8221;organigrama&#8221; text_align=&#8221;left&#8221; css_animation=&#8221;&#8221;][vc_column_inner width=&#8221;3\/4&#8243;][vc_column_text]<strong>Organigrama<\/strong>[\/vc_column_text][vc_column_text css=&#8221;.vc_custom_1575674585979{background-color: #ffffff !important;}&#8221;][\/vc_column_text][vc_empty_space height=&#8221;20px&#8221;][vc_column_text css=&#8221;.vc_custom_1575674807797{margin-top: 20px !important;margin-bottom: 20px !important;border-top-width: 20px !important;border-bottom-width: 20px !important;padding-top: 20px !important;padding-bottom: 20px !important;background-color: #ffffff !important;}&#8221;]\n<style>\n\t#hotspot-3316 .hotspots-image-container,\n\t#hotspot-3316 .leaflet-container {\n\t\tbackground: #ffffff\t}\n\n\t#hotspot-3316 .hotspots-placeholder {\n\t\tbackground: #2E2D29;\n\t\tborder: 0 #2E2D29 solid;\n\t\tcolor: #DFEBE5;\n\t}\n\n\t#hotspot-3316 .hotspot-title {\n\t\tcolor: #93C7A4;\n\t}\n\n\t\t\t#hotspot-3316 .hotspot-default {\n\t\t\tstroke-width: 2;\n\t\t\tfill: #ffffff;\n\t\t\tfill-opacity: 0;\n\t\t\tstroke: #ffffff;\n\t\t\tstroke-opacity: 0;\n\t\t}\n\t\t#hotspot-3316 .hotspot-default:hover,\n\t\t#hotspot-3316 .hotspot-default:focus,\n\t\t#hotspot-3316 .hotspot-default.hotspot-active {\n\t\t\tfill: #7a9cbf;\n\t\t\tfill-opacity: 0.21;\n\t\t\tstroke: #1e73be;\n\t\t\tstroke-opacity: 0.01;\n\t\t}\n\t\t#hotspot-3316 .leaflet-tooltip,\n\t#hotspot-3316 .leaflet-rrose-content-wrapper {\n\t\tbackground: #2E2D29;\n\t\tborder-color: #2E2D29;\n\t\tcolor: #DFEBE5;\n\t}\n\n\t#hotspot-3316 a.leaflet-rrose-close-button {\n\t\tcolor: #93C7A4;\n\t}\n\n\t#hotspot-3316 .leaflet-rrose-tip {\n\t\tbackground: #2E2D29;\n\t}\n\n\t#hotspot-3316 .leaflet-popup-scrolled {\n\t\tborder-bottom-color: #DFEBE5;\n\t\tborder-top-color: #DFEBE5;\n\t}\n\n\t#hotspot-3316 .leaflet-tooltip-top:before {\n\t\tborder-top-color: #2E2D29;\n\t}\n\n\t#hotspot-3316 .leaflet-tooltip-bottom:before {\n\t\tborder-bottom-color: #2E2D29;\n\t}\n\t#hotspot-3316 .leaflet-tooltip-left:before {\n\t\tborder-left-color: #2E2D29;\n\t}\n\t#hotspot-3316 .leaflet-tooltip-right:before {\n\t\tborder-right-color: #2E2D29;\n\t}\n<\/style>\n\n\n\t<div class=\"hotspots-container links-only layout-left event-click\" id=\"hotspot-3316\" data-layout=\"left\" data-trigger=\"click\">\n\t\t<div class=\"hotspots-interaction\">\n\t\t\t<div class=\"hotspots-image-container\">\n\t<img\n\t\twidth=\"800\"\n\t\theight=\"619\"\n\t\tsrc=\"https:\/\/www.sind-luzyfuerza-cap.org.ar\/slyf\/wp-content\/uploads\/2019\/12\/organigrama.jpg\"\n\t\talt=\"Organigrama\"\n\t\tclass=\"hotspots-image skip-lazy\"\n\t\tusemap=\"#hotspots-image-3316\"\n\t\tdata-image-title=\"Organigrama\"\n\t\tdata-image-description=\"\"\n\t\tdata-event-trigger=\"click\"\n\t\tdata-always-visible=\"false\"\n\t\tdata-id=\"3316\"\n\t\tdata-no-lazy=\"1\"\n\t\tdata-lazy-src=\"\"\n\t\tdata-lazy=\"false\"\n\t\tloading=\"eager\"\n\t\tdata-skip-lazy=\"1\"\n\t\t>\n<\/div>\t\t<\/div>\n\t\t<map name=\"hotspots-image-3316\" class=\"hotspots-map\">\n\t\t\t\t\t\t\t\t\t\t\t<area\n\t\t\t\t\tshape=\"poly\"\n\t\t\t\t\tcoords=\"351,0,452,0,467,9,470,19,471,48,461,62,451,66,401,65,349,64,338,56,331,47,333,19,337,9,343,5,349,1\"\n\t\t\t\t\thref=\"https:\/\/www.sind-luzyfuerza-cap.org.ar\/slyf\/secretarias\/general\/\"\n\t\t\t\t\trel=\"\"\n\t\t\t\t\ttitle=\"\"\n\t\t\t\t\talt=\"\"\n\t\t\t\t\tdata-action=\"url\"\n\t\t\t\t\tdata-color-scheme=\"\"\n\t\t\t\t\ttarget=\"\"\n\t\t\t\t\tclass=\"url-area\"\n\t\t\t\t\t>\n\t\t\t\t\t\t\t\t\t\t\t<area\n\t\t\t\t\tshape=\"poly\"\n\t\t\t\t\tcoords=\"518,85,611,84,631,99,631,132,612,149,513,149,499,133,496,105\"\n\t\t\t\t\thref=\"https:\/\/www.sind-luzyfuerza-cap.org.ar\/slyf\/secretarias\/prevision-social\/\"\n\t\t\t\t\trel=\"\"\n\t\t\t\t\ttitle=\"\"\n\t\t\t\t\talt=\"\"\n\t\t\t\t\tdata-action=\"url\"\n\t\t\t\t\tdata-color-scheme=\"\"\n\t\t\t\t\ttarget=\"\"\n\t\t\t\t\tclass=\"url-area\"\n\t\t\t\t\t>\n\t\t\t\t\t\t\t\t\t\t\t<area\n\t\t\t\t\tshape=\"poly\"\n\t\t\t\t\tcoords=\"639,186,732,186,754,206,754,234,733,250,637,251,619,238,618,208\"\n\t\t\t\t\thref=\"https:\/\/www.sind-luzyfuerza-cap.org.ar\/slyf\/secretarias\/organizacion\/\"\n\t\t\t\t\trel=\"\"\n\t\t\t\t\ttitle=\"\"\n\t\t\t\t\talt=\"\"\n\t\t\t\t\tdata-action=\"url\"\n\t\t\t\t\tdata-color-scheme=\"\"\n\t\t\t\t\ttarget=\"\"\n\t\t\t\t\tclass=\"url-area\"\n\t\t\t\t\t>\n\t\t\t\t\t\t\t\t\t\t\t<area\n\t\t\t\t\tshape=\"poly\"\n\t\t\t\t\tcoords=\"685,320,783,322,800,339,800,372,782,383,683,385,664,369,664,342\"\n\t\t\t\t\thref=\"https:\/\/www.sind-luzyfuerza-cap.org.ar\/slyf\/secretarias\/prensa\/\"\n\t\t\t\t\trel=\"\"\n\t\t\t\t\ttitle=\"\"\n\t\t\t\t\talt=\"\"\n\t\t\t\t\tdata-action=\"url\"\n\t\t\t\t\tdata-color-scheme=\"\"\n\t\t\t\t\ttarget=\"\"\n\t\t\t\t\tclass=\"url-area\"\n\t\t\t\t\t>\n\t\t\t\t\t\t\t\t\t\t\t<area\n\t\t\t\t\tshape=\"poly\"\n\t\t\t\t\tcoords=\"649,449,744,448,763,462,764,501,736,513,647,513,630,496,629,467\"\n\t\t\t\t\thref=\"https:\/\/www.sind-luzyfuerza-cap.org.ar\/slyf\/secretarias\/accion-social\/\"\n\t\t\t\t\trel=\"\"\n\t\t\t\t\ttitle=\"\"\n\t\t\t\t\talt=\"\"\n\t\t\t\t\tdata-action=\"url\"\n\t\t\t\t\tdata-color-scheme=\"\"\n\t\t\t\t\ttarget=\"\"\n\t\t\t\t\tclass=\"url-area\"\n\t\t\t\t\t>\n\t\t\t\t\t\t\t\t\t\t\t<area\n\t\t\t\t\tshape=\"poly\"\n\t\t\t\t\tcoords=\"549,554,643,552,664,572,661,609,645,618,545,616,535,598,530,574\"\n\t\t\t\t\thref=\"https:\/\/www.sind-luzyfuerza-cap.org.ar\/slyf\/secretarias\/vivienda\/\"\n\t\t\t\t\trel=\"\"\n\t\t\t\t\ttitle=\"\"\n\t\t\t\t\talt=\"\"\n\t\t\t\t\tdata-action=\"url\"\n\t\t\t\t\tdata-color-scheme=\"\"\n\t\t\t\t\ttarget=\"\"\n\t\t\t\t\tclass=\"url-area\"\n\t\t\t\t\t>\n\t\t\t\t\t\t\t\t\t\t\t<area\n\t\t\t\t\tshape=\"poly\"\n\t\t\t\t\tcoords=\"160,550,255,553,274,570,272,601,246,617,155,615,139,598,138,570\"\n\t\t\t\t\thref=\"https:\/\/www.sind-luzyfuerza-cap.org.ar\/slyf\/secretarias\/politica-energetica\/\"\n\t\t\t\t\trel=\"\"\n\t\t\t\t\ttitle=\"\"\n\t\t\t\t\talt=\"\"\n\t\t\t\t\tdata-action=\"url\"\n\t\t\t\t\tdata-color-scheme=\"\"\n\t\t\t\t\ttarget=\"\"\n\t\t\t\t\tclass=\"url-area\"\n\t\t\t\t\t>\n\t\t\t\t\t\t\t\t\t\t\t<area\n\t\t\t\t\tshape=\"poly\"\n\t\t\t\t\tcoords=\"72,451,162,452,184,469,183,496,169,513,67,515,48,496,49,468\"\n\t\t\t\t\thref=\"https:\/\/www.sind-luzyfuerza-cap.org.ar\/slyf\/secretarias\/cultura\/\"\n\t\t\t\t\trel=\"\"\n\t\t\t\t\ttitle=\"\"\n\t\t\t\t\talt=\"\"\n\t\t\t\t\tdata-action=\"url\"\n\t\t\t\t\tdata-color-scheme=\"\"\n\t\t\t\t\ttarget=\"\"\n\t\t\t\t\tclass=\"url-area\"\n\t\t\t\t\t>\n\t\t\t\t\t\t\t\t\t\t\t<area\n\t\t\t\t\tshape=\"poly\"\n\t\t\t\t\tcoords=\"17,320,123,320,135,340,135,374,119,384,17,383,1,368,0,340\"\n\t\t\t\t\thref=\"https:\/\/www.sind-luzyfuerza-cap.org.ar\/slyf\/secretarias\/gremial\/\"\n\t\t\t\t\trel=\"\"\n\t\t\t\t\ttitle=\"\"\n\t\t\t\t\talt=\"\"\n\t\t\t\t\tdata-action=\"url\"\n\t\t\t\t\tdata-color-scheme=\"\"\n\t\t\t\t\ttarget=\"\"\n\t\t\t\t\tclass=\"url-area\"\n\t\t\t\t\t>\n\t\t\t\t\t\t\t\t\t\t\t<area\n\t\t\t\t\tshape=\"poly\"\n\t\t\t\t\tcoords=\"66,185,167,186,183,206,179,239,158,253,60,248,50,230,46,201\"\n\t\t\t\t\thref=\"https:\/\/www.sind-luzyfuerza-cap.org.ar\/slyf\/secretarias\/turismo\/\"\n\t\t\t\t\trel=\"\"\n\t\t\t\t\ttitle=\"\"\n\t\t\t\t\talt=\"\"\n\t\t\t\t\tdata-action=\"url\"\n\t\t\t\t\tdata-color-scheme=\"\"\n\t\t\t\t\ttarget=\"\"\n\t\t\t\t\tclass=\"url-area\"\n\t\t\t\t\t>\n\t\t\t\t\t\t\t\t\t\t\t<area\n\t\t\t\t\tshape=\"poly\"\n\t\t\t\t\tcoords=\"192,87,292,85,308,103,306,136,283,150,190,150,169,132,173,103\"\n\t\t\t\t\thref=\"https:\/\/www.sind-luzyfuerza-cap.org.ar\/slyf\/secretarias\/hacienda\/\"\n\t\t\t\t\trel=\"\"\n\t\t\t\t\ttitle=\"\"\n\t\t\t\t\talt=\"\"\n\t\t\t\t\tdata-action=\"url\"\n\t\t\t\t\tdata-color-scheme=\"\"\n\t\t\t\t\ttarget=\"\"\n\t\t\t\t\tclass=\"url-area\"\n\t\t\t\t\t>\n\t\t\t\t\t<\/map>\n\n\t\t\n\t\t\t\t\t\t\t\t\t\t\t\t\t\t\t\t\t\t\t\t\t\t\t\t\t\t\t\t\t\t\t\t\t\t\t\t<\/div>\n\n[\/vc_column_text][vc_empty_space height=&#8221;20px&#8221;][\/vc_column_inner][vc_column_inner width=&#8221;1\/4&#8243;][\/vc_column_inner][\/vc_row_inner][vc_empty_space][vc_separator type=&#8221;normal&#8221; color=&#8221;#cccccc&#8221;][vc_empty_space][vc_row_inner row_type=&#8221;row&#8221; type=&#8221;full_width&#8221; anchor=&#8221;historia&#8221; text_align=&#8221;left&#8221; css_animation=&#8221;&#8221;][vc_column_inner width=&#8221;1\/3&#8243;][vc_video link=&#8221;https:\/\/www.youtube.com\/watch?v=y7zZm9Yab1E&#8221;][\/vc_column_inner][vc_column_inner width=&#8221;1\/3&#8243;][vc_video link=&#8221;https:\/\/www.youtube.com\/watch?v=GxTgoS26Rec&#8221;][\/vc_column_inner][vc_column_inner width=&#8221;1\/3&#8243;][vc_video link=&#8221;https:\/\/www.youtube.com\/watch?v=wgsoTXqi2qw&#8221;][\/vc_column_inner][\/vc_row_inner][vc_empty_space height=&#8221;45px&#8221; css=&#8221;.vc_custom_1575646526212{margin-top: 20px !important;margin-right: 20px !important;margin-bottom: 20px !important;margin-left: 20px !important;border-top-width: 20px !important;border-right-width: 20px !important;border-bottom-width: 20px !important;border-left-width: 20px !important;padding-top: 20px !important;padding-right: 20px !important;padding-bottom: 20px !important;padding-left: 20px !important;}&#8221;][\/vc_column][\/vc_row]<\/p>\n","protected":false},"excerpt":{"rendered":"<p>[vc_row css_animation=&#8221;&#8221; row_type=&#8221;row&#8221; use_row_as_full_screen_section=&#8221;no&#8221; type=&#8221;grid&#8221; angled_section=&#8221;no&#8221; text_align=&#8221;left&#8221; background_image_as_pattern=&#8221;without_pattern&#8221; padding_top=&#8221;50&#8243; z_index=&#8221;&#8221;][vc_column][vc_empty_space][vc_row_inner row_type=&#8221;row&#8221; type=&#8221;full_width&#8221; anchor=&#8221;autoridades&#8221; text_align=&#8221;left&#8221; css_animation=&#8221;&#8221;][vc_column_inner width=&#8221;3\/4&#8243;][\/vc_column_inner][vc_column_inner width=&#8221;1\/4&#8243;][\/vc_column_inner][\/vc_row_inner][vc_empty_space][vc_separator type=&#8221;normal&#8221; color=&#8221;#a5a5a5&#8243;][vc_empty_space][vc_row_inner row_type=&#8221;row&#8221; type=&#8221;full_width&#8221; anchor=&#8221;estatuto&#8221; text_align=&#8221;left&#8221; css_animation=&#8221;&#8221;][vc_column_inner width=&#8221;3\/4&#8243;][vc_column_text] Derechos del Trabajador [\/vc_column_text][vc_empty_space height=&#8221;7px&#8221;][vc_column_text] DECLARACI\u00d3N DE PRINCIPIOS [\/vc_column_text][vc_empty_space height=&#8221;21px&#8221;][vc_column_text]En el derecho natural, que toda sociedad asentada en el principio&#8230;<\/p>\n","protected":false},"author":2,"featured_media":0,"parent":0,"menu_order":0,"comment_status":"closed","ping_status":"closed","template":"full_width.php","meta":[],"_links":{"self":[{"href":"https:\/\/www.sind-luzyfuerza-cap.org.ar\/slyf\/wp-json\/wp\/v2\/pages\/172"}],"collection":[{"href":"https:\/\/www.sind-luzyfuerza-cap.org.ar\/slyf\/wp-json\/wp\/v2\/pages"}],"about":[{"href":"https:\/\/www.sind-luzyfuerza-cap.org.ar\/slyf\/wp-json\/wp\/v2\/types\/page"}],"author":[{"embeddable":true,"href":"https:\/\/www.sind-luzyfuerza-cap.org.ar\/slyf\/wp-json\/wp\/v2\/users\/2"}],"replies":[{"embeddable":true,"href":"https:\/\/www.sind-luzyfuerza-cap.org.ar\/slyf\/wp-json\/wp\/v2\/comments?post=172"}],"version-history":[{"count":49,"href":"https:\/\/www.sind-luzyfuerza-cap.org.ar\/slyf\/wp-json\/wp\/v2\/pages\/172\/revisions"}],"predecessor-version":[{"id":6683,"href":"https:\/\/www.sind-luzyfuerza-cap.org.ar\/slyf\/wp-json\/wp\/v2\/pages\/172\/revisions\/6683"}],"wp:attachment":[{"href":"https:\/\/www.sind-luzyfuerza-cap.org.ar\/slyf\/wp-json\/wp\/v2\/media?parent=172"}],"curies":[{"name":"wp","href":"https:\/\/api.w.org\/{rel}","templated":true}]}}