{"id":177,"date":"2016-11-02T09:28:45","date_gmt":"2016-11-02T09:28:45","guid":{"rendered":"http:\/\/bridge87.qodeinteractive.com\/?page_id=177"},"modified":"2024-05-21T22:02:12","modified_gmt":"2024-05-21T22:02:12","slug":"cooperativas","status":"publish","type":"page","link":"https:\/\/www.sind-luzyfuerza-cap.org.ar\/slyf\/cooperativas\/","title":{"rendered":"Cooperativas"},"content":{"rendered":"<p>[vc_row row_type=&#8221;parallax&#8221; parallax_content_width=&#8221;in_grid&#8221; text_align=&#8221;left&#8221; full_screen_section_height=&#8221;no&#8221;][vc_column css=&#8221;.vc_custom_1491821503771{padding-top: 80px !important;padding-bottom: 93px !important;}&#8221;][vc_row_inner row_type=&#8221;row&#8221; type=&#8221;full_width&#8221; text_align=&#8221;left&#8221; css_animation=&#8221;&#8221;][vc_column_inner width=&#8221;1\/3&#8243;][vc_single_image image=&#8221;57&#8243; img_size=&#8221;full&#8221; alignment=&#8221;center&#8221; qode_css_animation=&#8221;&#8221;][vc_empty_space height=&#8221;25px&#8221;][vc_column_text]<\/p>\n<h4>Cooperativa de Vivienda<\/h4>\n<p>[\/vc_column_text][vc_empty_space height=&#8221;14px&#8221;][vc_gallery interval=&#8221;0&#8243; images=&#8221;3383&#8243; img_size=&#8221;full&#8221; onclick=&#8221;&#8221; css=&#8221;.vc_custom_1716328916345{margin-right: 10px !important;margin-bottom: 0px !important;margin-left: 10px !important;border-right-width: 10px !important;border-bottom-width: 0px !important;border-left-width: 10px !important;padding-right: 10px !important;padding-bottom: 0px !important;padding-left: 10px !important;}&#8221;][vc_column_text css=&#8221;.vc_custom_1576622565743{margin-top: 0px !important;border-top-width: 0px !important;padding-top: 0px !important;}&#8221;]<span class=\"texto-cuerpo\"><strong>Cooperativa de Vivienda<\/strong>\u00a0 fue creada por el Sindicato en el a\u00f1o 1965, teniendo como aspectos m\u00e1s importantes de su misi\u00f3n:<\/span><\/p>\n<ul>\n<li class=\"texto-cuerpo\">Adquirir viviendas individuales o colectivas\u00a0 para los afiliados<\/li>\n<li class=\"texto-cuerpo\">Construir viviendas<\/li>\n<li class=\"texto-cuerpo\">Adquirir terrenos con destino a vivienda<\/li>\n<li class=\"texto-cuerpo\">Realizar las obras para la conservaci\u00f3n , ampliaci\u00f3n o mejora de las viviendas de los socios<\/li>\n<li class=\"texto-cuerpo\">Solicitar y gestionar ante Instituciones oficiales o privadas los cr\u00e9ditos necesarios para la construcci\u00f3n de viviendas<\/li>\n<li class=\"texto-cuerpo\">Proporcionar a sus asociados asesoramiento en todo lo que tenga relaci\u00f3n son el problema de la vivienda, servicios t\u00e9cnicos.<\/li>\n<\/ul>\n<p class=\"texto-cuerpo\">A lo largo de todos estos a\u00f1os la Cooperativa de Vivienda y la Secretaria han trabajado en forma mancomunada para lograr que nuestros afiliados accedan a una vivienda, ahondando todas las alternativas posibles \u00a0en pos de este objetivo.<\/p>\n<p class=\"texto-cuerpo\">Actualmente la labor principal consiste en la gesti\u00f3n de cr\u00e9ditos ante Organismos P\u00fablicos y Bancas oficiales que permitan financiar \u00a0la construcci\u00f3n de los barrios\u00a0 en estudio.<\/p>\n<p>[\/vc_column_text][vc_empty_space height=&#8221;53px&#8221;][\/vc_column_inner][vc_column_inner width=&#8221;1\/3&#8243;][vc_single_image image=&#8221;57&#8243; img_size=&#8221;full&#8221; alignment=&#8221;center&#8221; qode_css_animation=&#8221;&#8221;][vc_empty_space height=&#8221;25px&#8221;][vc_column_text]<\/p>\n<h4>Cooperativa de Seguros Luz y Fuerza<\/h4>\n<p>[\/vc_column_text][vc_empty_space height=&#8221;14px&#8221;][vc_gallery interval=&#8221;0&#8243; images=&#8221;3382&#8243; img_size=&#8221;full&#8221; onclick=&#8221;&#8221; css=&#8221;.vc_custom_1716328890265{margin-right: 10px !important;margin-left: 10px !important;border-right-width: 10px !important;border-left-width: 10px !important;padding-right: 10px !important;padding-left: 10px !important;}&#8221;][vc_column_text]DEFENSA 453 &#8211; PLANTA BAJA &#8211; ALA IZQUIERDA<br \/>\n(1065) CAPITAL FEDERAL<br \/>\nTEL: 4342-8721 (l\u00edneas rotativas)<br \/>\nE mail:\u00a0<a href=\"mailto:coselyf@luzyfuerzaseguros.com.ar\">coselyf@luzyfuerzaseguros.com.ar<\/a><\/p>\n<p>VISITE LA WEB DE LA COOPERATIVA DE SEGURO HACIENDO CLIC EN EL SIGUIENTE ENLACE<strong>:<\/strong><\/p>\n<p>&nbsp;<\/p>\n<p><a  itemprop=\"url\" href=\"http:\/\/www.luzyfuerzaseguros.com.ar\/\" target=\"_self\" data-hover-background-color=#46a0db  class=\"qbutton  default\" style=\"background-color: #3773bd;\">Ir a Cooperativa de Seguro<\/a>[\/vc_column_text][vc_empty_space height=&#8221;20px&#8221;][vc_single_image image=&#8221;1546&#8243; img_size=&#8221;full&#8221; alignment=&#8221;center&#8221; onclick=&#8221;custom_link&#8221; img_link_target=&#8221;_blank&#8221; qode_css_animation=&#8221;&#8221; link=&#8221;http:\/\/www.luzyfuerzaseguros.com.ar\/&#8221;][\/vc_column_inner][vc_column_inner width=&#8221;1\/3&#8243;][vc_single_image image=&#8221;57&#8243; img_size=&#8221;full&#8221; alignment=&#8221;center&#8221; qode_css_animation=&#8221;&#8221;][vc_empty_space height=&#8221;25px&#8221;][vc_column_text]<\/p>\n<h4>Cooperativa de Cr\u00e9dito y Consumo<\/h4>\n<p>[\/vc_column_text][vc_empty_space height=&#8221;14px&#8221;][vc_gallery interval=&#8221;0&#8243; images=&#8221;3379&#8243; img_size=&#8221;full&#8221; onclick=&#8221;&#8221; css=&#8221;.vc_custom_1716328927820{margin-right: 10px !important;margin-left: 10px !important;border-right-width: 10px !important;border-left-width: 10px !important;padding-right: 10px !important;padding-left: 10px !important;}&#8221;][vc_column_text]CR\u00c9DITOS PARA ACTIVOS, JUBILADOS Y PENSIONADOS<br \/>\nDEFENSA 453-PLANTA BAJA A LA DERECHA<\/p>\n<p>TEL 4342-3633\/4770<br \/>\nE-mail:\u00a0<a href=\"mailto:creditos@www.sind-luzyfuerza-cap.org.ar\">creditos@www.sind-luzyfuerza-cap.org.ar<\/a>[\/vc_column_text][vc_empty_space height=&#8221;20px&#8221;][\/vc_column_inner][\/vc_row_inner][\/vc_column][\/vc_row][vc_row css_animation=&#8221;&#8221; row_type=&#8221;row&#8221; use_row_as_full_screen_section=&#8221;no&#8221; type=&#8221;full_width&#8221; angled_section=&#8221;no&#8221; text_align=&#8221;left&#8221; background_image_as_pattern=&#8221;without_pattern&#8221;][vc_column][vc_empty_space height=&#8221;60&#8243;][\/vc_column][\/vc_row]<\/p>\n","protected":false},"excerpt":{"rendered":"<p>[vc_row row_type=&#8221;parallax&#8221; parallax_content_width=&#8221;in_grid&#8221; text_align=&#8221;left&#8221; full_screen_section_height=&#8221;no&#8221;][vc_column css=&#8221;.vc_custom_1491821503771{padding-top: 80px !important;padding-bottom: 93px !important;}&#8221;][vc_row_inner row_type=&#8221;row&#8221; type=&#8221;full_width&#8221; text_align=&#8221;left&#8221; css_animation=&#8221;&#8221;][vc_column_inner width=&#8221;1\/3&#8243;][vc_single_image image=&#8221;57&#8243; img_size=&#8221;full&#8221; alignment=&#8221;center&#8221; qode_css_animation=&#8221;&#8221;][vc_empty_space height=&#8221;25px&#8221;][vc_column_text] Cooperativa de Vivienda [\/vc_column_text][vc_empty_space height=&#8221;14px&#8221;][vc_gallery interval=&#8221;0&#8243; images=&#8221;3383&#8243; img_size=&#8221;full&#8221; onclick=&#8221;&#8221; css=&#8221;.vc_custom_1716328916345{margin-right: 10px !important;margin-bottom: 0px !important;margin-left: 10px !important;border-right-width: 10px !important;border-bottom-width: 0px !important;border-left-width: 10px !important;padding-right: 10px !important;padding-bottom: 0px&#8230;<\/p>\n","protected":false},"author":2,"featured_media":0,"parent":0,"menu_order":0,"comment_status":"closed","ping_status":"closed","template":"full_width.php","meta":[],"_links":{"self":[{"href":"https:\/\/www.sind-luzyfuerza-cap.org.ar\/slyf\/wp-json\/wp\/v2\/pages\/177"}],"collection":[{"href":"https:\/\/www.sind-luzyfuerza-cap.org.ar\/slyf\/wp-json\/wp\/v2\/pages"}],"about":[{"href":"https:\/\/www.sind-luzyfuerza-cap.org.ar\/slyf\/wp-json\/wp\/v2\/types\/page"}],"author":[{"embeddable":true,"href":"https:\/\/www.sind-luzyfuerza-cap.org.ar\/slyf\/wp-json\/wp\/v2\/users\/2"}],"replies":[{"embeddable":true,"href":"https:\/\/www.sind-luzyfuerza-cap.org.ar\/slyf\/wp-json\/wp\/v2\/comments?post=177"}],"version-history":[{"count":26,"href":"https:\/\/www.sind-luzyfuerza-cap.org.ar\/slyf\/wp-json\/wp\/v2\/pages\/177\/revisions"}],"predecessor-version":[{"id":6482,"href":"https:\/\/www.sind-luzyfuerza-cap.org.ar\/slyf\/wp-json\/wp\/v2\/pages\/177\/revisions\/6482"}],"wp:attachment":[{"href":"https:\/\/www.sind-luzyfuerza-cap.org.ar\/slyf\/wp-json\/wp\/v2\/media?parent=177"}],"curies":[{"name":"wp","href":"https:\/\/api.w.org\/{rel}","templated":true}]}}