{"id":2345,"date":"2018-10-19T13:47:16","date_gmt":"2018-10-19T13:47:16","guid":{"rendered":"https:\/\/www.sind-luzyfuerza-cap.org.ar\/slyf\/?page_id=2345"},"modified":"2019-02-22T14:01:04","modified_gmt":"2019-02-22T14:01:04","slug":"novedades","status":"publish","type":"page","link":"https:\/\/www.sind-luzyfuerza-cap.org.ar\/slyf\/secretarias\/prevision-social\/novedades\/","title":{"rendered":"Novedades"},"content":{"rendered":"<p>[vc_row css_animation=&#8221;&#8221; row_type=&#8221;row&#8221; use_row_as_full_screen_section=&#8221;no&#8221; type=&#8221;full_width&#8221; angled_section=&#8221;no&#8221; text_align=&#8221;left&#8221; background_image_as_pattern=&#8221;without_pattern&#8221;][vc_column][vc_empty_space height=&#8221;60&#8243;][\/vc_column][\/vc_row][vc_row css_animation=&#8221;&#8221; row_type=&#8221;row&#8221; use_row_as_full_screen_section=&#8221;no&#8221; type=&#8221;grid&#8221; angled_section=&#8221;no&#8221; text_align=&#8221;left&#8221; background_image_as_pattern=&#8221;without_pattern&#8221; z_index=&#8221;&#8221;][vc_column width=&#8221;2\/3&#8243;][vc_column_text]<\/p>\n<h6>Previsi\u00f3n Social<\/h6>\n<p>[\/vc_column_text][vc_empty_space height=&#8221;7px&#8221;][vc_column_text]<\/p>\n<h2>Novedades<\/h2>\n<p>[\/vc_column_text][vc_empty_space height=&#8221;21px&#8221;][vc_accordion active_tab=&#8221;false&#8221; collapsible=&#8221;yes&#8221; style=&#8221;accordion&#8221;][vc_accordion_tab title=&#8221;CLAVE DE LA SEGURIDAD SOCIAL&#8221; title_color=&#8221;#1e73be&#8221; title_tag=&#8221;h3&#8243;][vc_column_text]<\/p>\n<h5>Comunicamos a todos los compa\u00f1eros y compa\u00f1eras que al efecto de poder brindarles desde esta Secretaria de Previsi\u00f3n Social y Actas una mejor atenci\u00f3n en el inicio de los tramites jubilatorios reconocimientos de servicios, tramites de pensi\u00f3n, consultas y reajustes, en forma previa a la solicitud del turno correspondiente cada compa\u00f1ero\/a que posea su <strong>CLAVE DE SEGURIDAD SOCIAL<\/strong> deber\u00e1 tenerla activa al momento de presentarse en nuestra Secretaria.<\/h5>\n<h5>En caso de no contar con dicha clave, esta Secretaria la generara al momento de la atenci\u00f3n con turno solicitado.<\/h5>\n<h5>Ante cualquier duda o consulta comunicarse al \u00e1rea de Gestor\u00eda Previsional o Reclamaciones de nuestra Secretaria Te. 4331-8773.<\/h5>\n<p>[\/vc_column_text][\/vc_accordion_tab][vc_accordion_tab title=&#8221;ANSES REEMPADRONAMIENTO &#8211; COOPERATIVAS Y MUTUALES&#8221; title_color=&#8221;#1e73be&#8221; title_tag=&#8221;h3&#8243;][vc_column_text]<\/p>\n<h5>A partir del mes de Septiembre\/2018 y por medio de sus recibos de haberes ANSeS informa al pie de los mismos que, <strong><em>&#8220;PARA CONTINUAR CON EL DESCUENTO DE TU MUTUAL O COOPERATIVA, INGRESA EN <a href=\"http:\/\/WWW.ANSES.GOB.AR\">WWW.ANSES.GOB.AR<\/a>, LLAMA AL 130 O ACERCATE A UNA OFICINA DE ANSES&#8221;<\/em><\/strong><\/h5>\n<h5>Est\u00e1 operatoria dispuesta por la ANSeS tiene como fin que los jubilados y jubiladas, pensionados y pensionadas\u00a0 puedan confirmar los descuentos que se le est\u00e1n efectuando en sus recibos de haberes referidos a <strong><em>MUTUALES O COOPERATIVAS<\/em><\/strong> y de esta manera continuar con los mismos brindando su consentimiento o bien no confirmarlos si desean que se le den de baja y que no se le descuenten m\u00e1s.<\/h5>\n<h5>Para ello, tal como se expresa en los recibos de haberes, ser\u00e1 posible efectuarlo concurriendo a la dependencia de ANSeS m\u00e1s cercana al domicilio, llamando al 130 o por internet a trav\u00e9s de la Clave de la Seguridad Social.<\/h5>\n<h5>Es importante destacar, que el primer vencimiento era hasta el 31 de Octubre de 2018 para efectuar est\u00e1 operatoria y que, aquellos descuentos que no sean confirmados ser\u00e1n dados de baja por ANSeS y en consecuencia, no se gozar\u00e1 de las prestaciones que a trav\u00e9s de ellos se brinden. Informamos que dicho plazo se extender\u00e1 hasta el 31 de diciembre de 2018.<\/h5>\n<h5>Asimismo el Sindicato, a trav\u00e9s de la Secretaria de Hacienda, est\u00e1 haciendo las gestiones necesarias para que dicho descuento no sea dado de baja por Anses.<\/h5>\n<p>[\/vc_column_text][\/vc_accordion_tab][vc_accordion_tab title=&#8221;\u00bfC\u00f3mo efectuar la operatoria de confirmaci\u00f3n de descuentos a trav\u00e9s de la Clave de la Seguridad Social?&#8221; title_color=&#8221;#1e73be&#8221; title_tag=&#8221;h3&#8243;][vc_column_text]<\/p>\n<h5>*\u00a0 Ingresar a la p\u00e1gina WWW.ANSES.GOB.AR<\/h5>\n<h5>*\u00a0 ACCESOS RAPIDOS: MI ANSES<\/h5>\n<p>&nbsp;<\/p>\n<p><a href=\"https:\/\/www.sind-luzyfuerza-cap.org.ar\/slyf\/wp-content\/uploads\/2018\/10\/anses1.jpg\"><img loading=\"lazy\" class=\"alignnone size-full wp-image-2350\" src=\"https:\/\/www.sind-luzyfuerza-cap.org.ar\/slyf\/wp-content\/uploads\/2018\/10\/anses1.jpg\" alt=\"\" width=\"497\" height=\"215\" srcset=\"https:\/\/www.sind-luzyfuerza-cap.org.ar\/slyf\/wp-content\/uploads\/2018\/10\/anses1.jpg 497w, https:\/\/www.sind-luzyfuerza-cap.org.ar\/slyf\/wp-content\/uploads\/2018\/10\/anses1-300x130.jpg 300w\" sizes=\"(max-width: 497px) 100vw, 497px\" \/><\/a><\/p>\n<p>&nbsp;<\/p>\n<h5>* All\u00ed, le solicitaran el CUIL y la CLAVE DE SEGURIDAD SOCIAL (ya seleccionada anteriormente).<\/h5>\n<p>&nbsp;<\/p>\n<p><img loading=\"lazy\" class=\"alignnone size-full wp-image-2351\" src=\"https:\/\/www.sind-luzyfuerza-cap.org.ar\/slyf\/wp-content\/uploads\/2018\/10\/anses2.jpg\" alt=\"\" width=\"475\" height=\"284\" srcset=\"https:\/\/www.sind-luzyfuerza-cap.org.ar\/slyf\/wp-content\/uploads\/2018\/10\/anses2.jpg 475w, https:\/\/www.sind-luzyfuerza-cap.org.ar\/slyf\/wp-content\/uploads\/2018\/10\/anses2-300x179.jpg 300w\" sizes=\"(max-width: 475px) 100vw, 475px\" \/><\/p>\n<p>&nbsp;<\/p>\n<h5>* Una vez, ingresado con la Clave de la Seguridad Social, en el men\u00fa que se encuentra a la izquierda de la p\u00e1gina \u201cTERCERAS ENTIDADES\u201d \u2013 \u201cREEMPADRONAMIENTO MUTUALES\u201d<\/h5>\n<p>&nbsp;<\/p>\n<p><a href=\"https:\/\/www.sind-luzyfuerza-cap.org.ar\/slyf\/wp-content\/uploads\/2018\/10\/anses4.jpg\"><img loading=\"lazy\" class=\"alignnone size-full wp-image-2353\" src=\"https:\/\/www.sind-luzyfuerza-cap.org.ar\/slyf\/wp-content\/uploads\/2018\/10\/anses4.jpg\" alt=\"\" width=\"540\" height=\"335\" srcset=\"https:\/\/www.sind-luzyfuerza-cap.org.ar\/slyf\/wp-content\/uploads\/2018\/10\/anses4.jpg 540w, https:\/\/www.sind-luzyfuerza-cap.org.ar\/slyf\/wp-content\/uploads\/2018\/10\/anses4-300x186.jpg 300w\" sizes=\"(max-width: 540px) 100vw, 540px\" \/><\/a><\/p>\n<p>&nbsp;<\/p>\n<h5>*\u00a0 All\u00ed, aparecer\u00e1n los descuentos que posea referidos a MUTUALES O COOPERATIVAS y dar\u00e1 la opci\u00f3n de:<\/h5>\n<h5>*\u00a0 MANTENER SI<\/h5>\n<h5>*\u00a0 Luego, CONFIRMAR.<\/h5>\n<p>&nbsp;<\/p>\n<p><a href=\"https:\/\/www.sind-luzyfuerza-cap.org.ar\/slyf\/wp-content\/uploads\/2018\/10\/prev.jpg\"><img loading=\"lazy\" class=\"alignnone wp-image-2362\" src=\"https:\/\/www.sind-luzyfuerza-cap.org.ar\/slyf\/wp-content\/uploads\/2018\/10\/prev.jpg\" alt=\"\" width=\"518\" height=\"244\" \/><\/a><\/p>\n<p>&nbsp;<\/p>\n<h5>*\u00a0 MANTENER NO<\/h5>\n<h5>*\u00a0 Luego, CONFIRMAR.<\/h5>\n<p>&nbsp;<\/p>\n<p><a href=\"https:\/\/www.sind-luzyfuerza-cap.org.ar\/slyf\/wp-content\/uploads\/2018\/10\/prev-2.jpg\"><img loading=\"lazy\" class=\"alignnone wp-image-2361\" src=\"https:\/\/www.sind-luzyfuerza-cap.org.ar\/slyf\/wp-content\/uploads\/2018\/10\/prev-2.jpg\" alt=\"\" width=\"508\" height=\"270\" srcset=\"https:\/\/www.sind-luzyfuerza-cap.org.ar\/slyf\/wp-content\/uploads\/2018\/10\/prev-2.jpg 1708w, https:\/\/www.sind-luzyfuerza-cap.org.ar\/slyf\/wp-content\/uploads\/2018\/10\/prev-2-300x160.jpg 300w, https:\/\/www.sind-luzyfuerza-cap.org.ar\/slyf\/wp-content\/uploads\/2018\/10\/prev-2-768x410.jpg 768w, https:\/\/www.sind-luzyfuerza-cap.org.ar\/slyf\/wp-content\/uploads\/2018\/10\/prev-2-1024x547.jpg 1024w, https:\/\/www.sind-luzyfuerza-cap.org.ar\/slyf\/wp-content\/uploads\/2018\/10\/prev-2-700x374.jpg 700w\" sizes=\"(max-width: 508px) 100vw, 508px\" \/><\/a>[\/vc_column_text][\/vc_accordion_tab][\/vc_accordion][\/vc_column][vc_column width=&#8221;1\/3&#8243;][vc_empty_space height=&#8221;7px&#8221;][vc_single_image image=&#8221;141&#8243; img_size=&#8221;full&#8221; alignment=&#8221;center&#8221; qode_css_animation=&#8221;&#8221;][vc_empty_space height=&#8221;40px&#8221;][\/vc_column][\/vc_row][vc_row css_animation=&#8221;&#8221; row_type=&#8221;row&#8221; use_row_as_full_screen_section=&#8221;no&#8221; type=&#8221;full_width&#8221; angled_section=&#8221;no&#8221; text_align=&#8221;left&#8221; background_image_as_pattern=&#8221;without_pattern&#8221;][vc_column][vc_empty_space height=&#8221;60&#8243;][\/vc_column][\/vc_row][vc_row css_animation=&#8221;&#8221; row_type=&#8221;row&#8221; use_row_as_full_screen_section=&#8221;no&#8221; type=&#8221;grid&#8221; angled_section=&#8221;no&#8221; text_align=&#8221;left&#8221; background_image_as_pattern=&#8221;without_pattern&#8221; z_index=&#8221;&#8221;][vc_column]<div class='q_masonry_blog'><div class=\"q_masonry_blog_grid_sizer\"><\/div><div class=\"q_masonry_blog_grid_gutter\"><\/div><\/div>[\/vc_column][\/vc_row][vc_row css_animation=&#8221;&#8221; row_type=&#8221;row&#8221; use_row_as_full_screen_section=&#8221;no&#8221; type=&#8221;full_width&#8221; angled_section=&#8221;no&#8221; text_align=&#8221;left&#8221; background_image_as_pattern=&#8221;without_pattern&#8221;][vc_column][vc_empty_space height=&#8221;40&#8243;][\/vc_column][\/vc_row][vc_row css_animation=&#8221;&#8221; row_type=&#8221;row&#8221; use_row_as_full_screen_section=&#8221;no&#8221; type=&#8221;grid&#8221; angled_section=&#8221;no&#8221; text_align=&#8221;left&#8221; background_image_as_pattern=&#8221;without_pattern&#8221; background_color=&#8221;#e8e8e8&#8243; border_color=&#8221;#1e73be&#8221; z_index=&#8221;&#8221;][vc_column][vc_empty_space height=&#8221;60&#8243;][vc_column_text]<\/p>\n<h2>Noticias Generales<\/h2>\n<p>[\/vc_column_text][vc_empty_space height=&#8221;21px&#8221;]<div class='blog_slider_holder clearfix '><div class='blog_slider blog_slider_carousel' data-blogs_shown='3' data-auto_start='true'><ul class='blog_slides'><li class='item'><div class=\"item_holder\"><div class=\"blog_text_holder info_bottom\" style=\"background-color:rgba(30,115,190,0.83);\"><div class=\"blog_text_holder_outer\"><div class=\"blog_text_date_holder\"><div itemprop=\"dateCreated\" class=\"blog_slider_date_holder entry_date updated\"><span class=\"blog_slider_day\" style= \"color: rgba(0,0,0,0.01);\" >09<\/span><span class=\"blog_slider_month\" style= \"color: rgba(0,0,0,0.01);\">Mar<\/span><meta itemprop=\"interactionCount\" content=\"UserComments:0\"\/><\/div><\/div><div class=\"blog_text_holder_inner\"><h3 itemprop=\"name\" class=\"blog_slider_title entry_title\" ><a itemprop=\"url\" href=\"https:\/\/www.sind-luzyfuerza-cap.org.ar\/slyf\/titulo-de-la-noticia-vivienda-01-2\/\" >CGT &#8211; Pedido de Ratificaci\u00f3n  Convenio n\u00b0 190 de la OIT<\/a><\/h3><\/div><\/div><\/div><div class=\"blog_image_holder\"><span class=\"image\"><img width=\"1000\" height=\"540\" src=\"https:\/\/www.sind-luzyfuerza-cap.org.ar\/slyf\/wp-content\/uploads\/2020\/03\/destacada-4demarzo.jpg\" class=\"attachment-full size-full wp-post-image\" alt=\"\" loading=\"lazy\" srcset=\"https:\/\/www.sind-luzyfuerza-cap.org.ar\/slyf\/wp-content\/uploads\/2020\/03\/destacada-4demarzo.jpg 1000w, https:\/\/www.sind-luzyfuerza-cap.org.ar\/slyf\/wp-content\/uploads\/2020\/03\/destacada-4demarzo-300x162.jpg 300w, https:\/\/www.sind-luzyfuerza-cap.org.ar\/slyf\/wp-content\/uploads\/2020\/03\/destacada-4demarzo-768x415.jpg 768w, https:\/\/www.sind-luzyfuerza-cap.org.ar\/slyf\/wp-content\/uploads\/2020\/03\/destacada-4demarzo-700x378.jpg 700w\" sizes=\"(max-width: 1000px) 100vw, 1000px\" \/><\/span><\/div><\/div><\/li><li class='item'><div class=\"item_holder\"><div class=\"blog_text_holder info_bottom\" style=\"background-color:rgba(30,115,190,0.83);\"><div class=\"blog_text_holder_outer\"><div class=\"blog_text_date_holder\"><div itemprop=\"dateCreated\" class=\"blog_slider_date_holder entry_date updated\"><span class=\"blog_slider_day\" style= \"color: rgba(0,0,0,0.01);\" >15<\/span><span class=\"blog_slider_month\" style= \"color: rgba(0,0,0,0.01);\">Oct<\/span><meta itemprop=\"interactionCount\" content=\"UserComments:0\"\/><\/div><\/div><div class=\"blog_text_holder_inner\"><h3 itemprop=\"name\" class=\"blog_slider_title entry_title\" ><a itemprop=\"url\" href=\"https:\/\/www.sind-luzyfuerza-cap.org.ar\/slyf\/titulo-de-la-noticia-vivienda-01\/\" >Educaci\u00f3n &#8211; Beneficios<\/a><\/h3><\/div><\/div><\/div><div class=\"blog_image_holder\"><span class=\"image\"><img width=\"1000\" height=\"540\" src=\"https:\/\/www.sind-luzyfuerza-cap.org.ar\/slyf\/wp-content\/uploads\/2018\/03\/uai-febrero2019miniatura.jpg\" class=\"attachment-full size-full wp-post-image\" alt=\"\" loading=\"lazy\" srcset=\"https:\/\/www.sind-luzyfuerza-cap.org.ar\/slyf\/wp-content\/uploads\/2018\/03\/uai-febrero2019miniatura.jpg 1000w, https:\/\/www.sind-luzyfuerza-cap.org.ar\/slyf\/wp-content\/uploads\/2018\/03\/uai-febrero2019miniatura-300x162.jpg 300w, https:\/\/www.sind-luzyfuerza-cap.org.ar\/slyf\/wp-content\/uploads\/2018\/03\/uai-febrero2019miniatura-768x415.jpg 768w, https:\/\/www.sind-luzyfuerza-cap.org.ar\/slyf\/wp-content\/uploads\/2018\/03\/uai-febrero2019miniatura-700x378.jpg 700w\" sizes=\"(max-width: 1000px) 100vw, 1000px\" \/><\/span><\/div><\/div><\/li><li class='item'><div class=\"item_holder\"><div class=\"blog_text_holder info_bottom\" style=\"background-color:rgba(30,115,190,0.83);\"><div class=\"blog_text_holder_outer\"><div class=\"blog_text_date_holder\"><div itemprop=\"dateCreated\" class=\"blog_slider_date_holder entry_date updated\"><span class=\"blog_slider_day\" style= \"color: rgba(0,0,0,0.01);\" >15<\/span><span class=\"blog_slider_month\" style= \"color: rgba(0,0,0,0.01);\">Ene<\/span><meta itemprop=\"interactionCount\" content=\"UserComments:0\"\/><\/div><\/div><div class=\"blog_text_holder_inner\"><h3 itemprop=\"name\" class=\"blog_slider_title entry_title\" ><a itemprop=\"url\" href=\"https:\/\/www.sind-luzyfuerza-cap.org.ar\/slyf\/titulo-de-la-noticia-2\/\" >Cursos 2022<\/a><\/h3><\/div><\/div><\/div><div class=\"blog_image_holder\"><span class=\"image\"><img width=\"900\" height=\"540\" src=\"https:\/\/www.sind-luzyfuerza-cap.org.ar\/slyf\/wp-content\/uploads\/2018\/01\/CENTRO408-para-carrousell-noticias.jpg\" class=\"attachment-full size-full wp-post-image\" alt=\"\" loading=\"lazy\" srcset=\"https:\/\/www.sind-luzyfuerza-cap.org.ar\/slyf\/wp-content\/uploads\/2018\/01\/CENTRO408-para-carrousell-noticias.jpg 900w, https:\/\/www.sind-luzyfuerza-cap.org.ar\/slyf\/wp-content\/uploads\/2018\/01\/CENTRO408-para-carrousell-noticias-300x180.jpg 300w, https:\/\/www.sind-luzyfuerza-cap.org.ar\/slyf\/wp-content\/uploads\/2018\/01\/CENTRO408-para-carrousell-noticias-768x461.jpg 768w, https:\/\/www.sind-luzyfuerza-cap.org.ar\/slyf\/wp-content\/uploads\/2018\/01\/CENTRO408-para-carrousell-noticias-700x420.jpg 700w\" sizes=\"(max-width: 900px) 100vw, 900px\" \/><\/span><\/div><\/div><\/li><\/ul><ul class=\"caroufredsel-direction-nav\"><li><a id=\"caroufredsel-prev\" class=\"caroufredsel-prev\" href=\"#\"><div><i class=\"fa fa-angle-left\"><\/i><\/div><\/a><\/li><li><a class=\"caroufredsel-next\" id=\"caroufredsel-next\" href=\"#\"><div><i class=\"fa fa-angle-right\"><\/i><\/div><\/a><\/li><\/ul><\/div><\/div>[vc_empty_space height=&#8221;60&#8243;][\/vc_column][\/vc_row][vc_row css_animation=&#8221;&#8221; row_type=&#8221;row&#8221; use_row_as_full_screen_section=&#8221;no&#8221; type=&#8221;full_width&#8221; angled_section=&#8221;no&#8221; text_align=&#8221;left&#8221; background_image_as_pattern=&#8221;without_pattern&#8221;][vc_column]\n\n\t<a href=\"#\" target=\"_self\"  class=\"qode-btn qode-btn-medium qode-btn-solid qode-btn-default-hover\"  >\n\t    <span class=\"qode-btn-text\"><\/span>\t<\/a>\n\n[\/vc_column][\/vc_row]<\/p>\n","protected":false},"excerpt":{"rendered":"<p>[vc_row css_animation=&#8221;&#8221; row_type=&#8221;row&#8221; use_row_as_full_screen_section=&#8221;no&#8221; type=&#8221;full_width&#8221; angled_section=&#8221;no&#8221; text_align=&#8221;left&#8221; background_image_as_pattern=&#8221;without_pattern&#8221;][vc_column][vc_empty_space height=&#8221;60&#8243;][\/vc_column][\/vc_row][vc_row css_animation=&#8221;&#8221; row_type=&#8221;row&#8221; use_row_as_full_screen_section=&#8221;no&#8221; type=&#8221;grid&#8221; angled_section=&#8221;no&#8221; text_align=&#8221;left&#8221; background_image_as_pattern=&#8221;without_pattern&#8221; z_index=&#8221;&#8221;][vc_column width=&#8221;2\/3&#8243;][vc_column_text] Previsi\u00f3n Social [\/vc_column_text][vc_empty_space height=&#8221;7px&#8221;][vc_column_text] Novedades [\/vc_column_text][vc_empty_space height=&#8221;21px&#8221;][vc_accordion active_tab=&#8221;false&#8221; collapsible=&#8221;yes&#8221; style=&#8221;accordion&#8221;][vc_accordion_tab title=&#8221;CLAVE DE LA SEGURIDAD SOCIAL&#8221; title_color=&#8221;#1e73be&#8221; title_tag=&#8221;h3&#8243;][vc_column_text] Comunicamos a todos los compa\u00f1eros y compa\u00f1eras que al efecto&#8230;<\/p>\n","protected":false},"author":4,"featured_media":0,"parent":474,"menu_order":0,"comment_status":"closed","ping_status":"closed","template":"full_width.php","meta":[],"_links":{"self":[{"href":"https:\/\/www.sind-luzyfuerza-cap.org.ar\/slyf\/wp-json\/wp\/v2\/pages\/2345"}],"collection":[{"href":"https:\/\/www.sind-luzyfuerza-cap.org.ar\/slyf\/wp-json\/wp\/v2\/pages"}],"about":[{"href":"https:\/\/www.sind-luzyfuerza-cap.org.ar\/slyf\/wp-json\/wp\/v2\/types\/page"}],"author":[{"embeddable":true,"href":"https:\/\/www.sind-luzyfuerza-cap.org.ar\/slyf\/wp-json\/wp\/v2\/users\/4"}],"replies":[{"embeddable":true,"href":"https:\/\/www.sind-luzyfuerza-cap.org.ar\/slyf\/wp-json\/wp\/v2\/comments?post=2345"}],"version-history":[{"count":11,"href":"https:\/\/www.sind-luzyfuerza-cap.org.ar\/slyf\/wp-json\/wp\/v2\/pages\/2345\/revisions"}],"predecessor-version":[{"id":2514,"href":"https:\/\/www.sind-luzyfuerza-cap.org.ar\/slyf\/wp-json\/wp\/v2\/pages\/2345\/revisions\/2514"}],"up":[{"embeddable":true,"href":"https:\/\/www.sind-luzyfuerza-cap.org.ar\/slyf\/wp-json\/wp\/v2\/pages\/474"}],"wp:attachment":[{"href":"https:\/\/www.sind-luzyfuerza-cap.org.ar\/slyf\/wp-json\/wp\/v2\/media?parent=2345"}],"curies":[{"name":"wp","href":"https:\/\/api.w.org\/{rel}","templated":true}]}}