{"id":3573,"date":"2020-01-31T14:54:37","date_gmt":"2020-01-31T14:54:37","guid":{"rendered":"https:\/\/www.sind-luzyfuerza-cap.org.ar\/slyf\/?page_id=3573"},"modified":"2024-12-18T15:39:27","modified_gmt":"2024-12-18T15:39:27","slug":"obrashogarjubilado","status":"publish","type":"page","link":"https:\/\/www.sind-luzyfuerza-cap.org.ar\/slyf\/secretarias\/vivienda\/obrashogarjubilado\/","title":{"rendered":"Obras Hogar del jubilado"},"content":{"rendered":"<p>[vc_row css_animation=&#8221;&#8221; row_type=&#8221;row&#8221; use_row_as_full_screen_section=&#8221;no&#8221; type=&#8221;full_width&#8221; angled_section=&#8221;no&#8221; text_align=&#8221;left&#8221; background_image_as_pattern=&#8221;without_pattern&#8221;][vc_column][vc_empty_space height=&#8221;60&#8243;][\/vc_column][\/vc_row][vc_row css_animation=&#8221;&#8221; row_type=&#8221;row&#8221; use_row_as_full_screen_section=&#8221;no&#8221; type=&#8221;grid&#8221; angled_section=&#8221;no&#8221; text_align=&#8221;left&#8221; background_image_as_pattern=&#8221;without_pattern&#8221; z_index=&#8221;&#8221;][vc_column width=&#8221;2\/3&#8243;][vc_column_text]<\/p>\n<h6>Secretar\u00eda de Vivienda<\/h6>\n<p>[\/vc_column_text][vc_empty_space height=&#8221;21px&#8221;][vc_column_text]<\/p>\n<h2>Obras &#8211; Hogar del Jubilado<\/h2>\n<p>[\/vc_column_text][vc_empty_space][vc_row_inner row_type=&#8221;row&#8221; type=&#8221;full_width&#8221; text_align=&#8221;left&#8221; css_animation=&#8221;&#8221;][vc_column_inner width=&#8221;2\/3&#8243;][vc_gallery interval=&#8221;3&#8243; images=&#8221;6748,6749,6745,6747,6746,6751,6750,6752&#8243; img_size=&#8221;full&#8221; onclick=&#8221;&#8221; direction_nav=&#8221;yes&#8221; control_nav=&#8221;yes&#8221;][vc_column_text]<strong>REPARACI\u00d3N VEREDA Y FISURAS EN MAMPOSTER\u00cdA (ASENTAMIENTO DIFERENCIAL DE TERRENO)<\/strong><\/p>\n<p>&nbsp;<\/p>\n<p>La secretar\u00eda de Vivienda y Obras ha conclu\u00eddo con los trabajos de reparaci\u00f3n que se llevaron a cabo.<\/p>\n<p>&nbsp;<\/p>\n<p>Mencionamos los trabajos realizados.<\/p>\n<p>&nbsp;<\/p>\n<p>Debido a que en el hogar se detectaron fisuras importantes en una de las mamposter\u00edas del sal\u00f3n comedor, la Secretar\u00eda de Vivienda y Obras procedi\u00f3 a evaluar t\u00e9cnicamente los motivos por el cual se reprodujeron dichos movimientos en la construcci\u00f3n.<\/p>\n<p>&nbsp;<\/p>\n<p>Analizada el \u00e1rea afectada se pudo observar que la alteraci\u00f3n en la construcci\u00f3n correspond\u00eda a un asentamiento diferencial en la fundaci\u00f3n, esto debido al ingreso de agua por debajo de la misma, esta filtraci\u00f3n de agua al terreno se generaba por que las ca\u00f1er\u00edas de desag\u00fce pluvial se encontraban da\u00f1adas en diferentes sectores a lo largo de su desarrollo, asimismo la vereda tambi\u00e9n se encontraba en muy mal estado colaborando dicho ingreso de agua de lluvia, estos factores mencionados sumado a que el terreno es un suelo arcilloso expansivo es decir que cambia de volumen con la diferencia de humedad colaboraron a que la estructura ceda y se produzcan fisuras en la mamposter\u00eda.<\/p>\n<p>&nbsp;<\/p>\n<p>Habiendo analizado t\u00e9cnicamente la situaci\u00f3n se procedi\u00f3 a evaluar el sistema m\u00e1s apropiado para dar soluci\u00f3n al problema, por lo que se eligi\u00f3 en primer lugar un sistema de consolidaci\u00f3n de terreno, el mismo consiste en incorporar al suelo inyecciones de cemento liquido rellenando las oquedades debajo de los cimientos (dichas oquedades ocasionadas por el lavado del terreno), estabilizando el suelo y evitando de esta manera futuros movimientos, en el exterior se realizaron una sucesi\u00f3n de inyecciones a una distancia de 1.5m aprox. a largo de toda la l\u00ednea de edificaci\u00f3n afectada, de igual manera repiti\u00f3 el sistema en la cara interior sobre los sectores m\u00e1s afectados que presentaban depresiones en el solado. El sistema de inyecci\u00f3n consiste en perforaciones de 50mm de di\u00e1metro y van hasta una profundidad entre 2m a 2.5m inyectando de esta manera por debajo de la zona de fundaci\u00f3n.<\/p>\n<p>&nbsp;<\/p>\n<p>Una vez finalizado el trabajo de consolidaci\u00f3n de suelo se procedi\u00f3 a ejecutar una nueva vereda sobre todo el per\u00edmetro del sal\u00f3n Comedor, para tal fin en primer lugar se cambiaron todas las bajadas de los desag\u00fces pluviales de la cubierta con sus respectivos tramos horizontales, debido que los existentes se encontraban da\u00f1ados en varios puntos ocasionando filtraciones al terreno, las nuevas ca\u00f1er\u00edas de desag\u00fce se colocaron con polipropileno Awaduct con salida libre al campo.<\/p>\n<p>&nbsp;<\/p>\n<p>Una vez tendido los nuevos desag\u00fces pluviales se procedi\u00f3 a levantar la vereda existente que se encontraba deteriorada, se realiz\u00f3 un raspado del suelo vegetal de unos 40cm de profundidad por un 1.20m de ancho para incorporar un suelo consolidado (tosca) debidamente compactado para dar soporte a la nueva vereda, terminado el trabajo de\u00a0compactaci\u00f3n se coloc\u00f3 un manto de Nylon de 300 micrones quedando este mismo por debajo de la vereda a efectos de evitar el paso del agua de lluvia al terreno en las cercan\u00edas al per\u00edmetro de la l\u00ednea de construcci\u00f3n, finalmente se realiz\u00f3 la ejecuci\u00f3n de la<br \/>\nnueva vereda, la misma en hormig\u00f3n con malla met\u00e1lica y hierro del 10, la terminaci\u00f3n fue resuelta en cemento rayado a efectos de lograr un acabado superficial antideslizante, logrando una mayor seguridad al transitarla.<\/p>\n<p>&nbsp;<\/p>\n<p>En el per\u00edmetro del sal\u00f3n se redistribuyo la tierra a efectos de lograr un talud parejo con pendiente hacia el exterior logrando una vista \u00f3ptima del Sal\u00f3n.<\/p>\n<p>&nbsp;<\/p>\n<p>Finalizados los trabajos exteriores enfocados a evitar el ingreso de agua el terreno y lograr una mayor consolidaci\u00f3n del mismo evitando alteraciones, se continuo con la reparaci\u00f3n de la mamposter\u00eda portante de ladrillo que presentaba una importante fisura a 45\u00b0 producto de la problem\u00e1tica ya mencionada.<\/p>\n<p>&nbsp;<\/p>\n<p>En su reparaci\u00f3n se efectuaron varios cortes (canaleta) de 5cm x 5cm a lo largo de la pared en cuesti\u00f3n, en sentido transversal a la fisura a modo de tomar los movimientos producido en el muro, a las canaletas efectuadas se le incorporo dos varillas de hierro del 10mm doblando sus extremos introduci\u00e9ndolos a\u00fan m\u00e1s en la mamposter\u00eda, estas canaletas se rellenaron con un mortero de cemento de alta resistencia y piedra binder, dando un resultado final de efecto tensor, incorporando a la mamposter\u00eda una mayor rigidez.<\/p>\n<p>&nbsp;<\/p>\n<p>Una vez finalizado los trabajos se procedi\u00f3 a ejecutar la pintura de la mamposter\u00eda interior en el sector afectado realizando el enduido total del pa\u00f1o para dar lugar a dos manos de pintura como terminaci\u00f3n, tambi\u00e9n se cambi\u00f3 una l\u00ednea de z\u00f3calos que se encontraban en mal estado por unos nuevos.<\/p>\n<p>&nbsp;<\/p>\n<p>Asimismo, se ejecut\u00f3 la pintura total exterior sobra los pa\u00f1os de mamposter\u00eda y p\u00f3rticos, realizando una limpieza previa de la superficie para poder aplicar dos manos de pintura impermeable exterior, tambi\u00e9n se aplic\u00f3 una silicona acr\u00edlica transparente sobre los antepechos con revestimiento en piedra y se restauraron los bancos de plaza cambi\u00e1ndoles las maderas deterioradas y realizando la pintura de los mismos.[\/vc_column_text][vc_separator type=&#8221;normal&#8221;][vc_empty_space height=&#8221;25px&#8221;][vc_gallery interval=&#8221;3&#8243; images=&#8221;5841,5842,3831,3589,3590,3592,3591,3593,3594,3596,3595,3601,3598,3599,3600,3602,3603,3604,3597&#8243; img_size=&#8221;full&#8221; onclick=&#8221;&#8221; direction_nav=&#8221;yes&#8221; control_nav=&#8221;yes&#8221;][vc_column_text]<b>REPARACI\u00d3N DE FISURAS EXTERIORES DEL HOGAR<\/b><\/p>\n<p>&nbsp;<\/p>\n<p>Se procedi\u00f3 a sellar las fisuras que estaban en la pared exterior del\u00a0 Hogar.<\/p>\n<p>&nbsp;<\/p>\n<p>Para ello se efectu\u00f3 la apertura de las fisuras, se limpiaron \u00a0y sellaron con un sellador poliuret\u00e1nico que es muy el\u00e1stico para absorver \u00a0posibles movimientos a futuro y evitar que vuelva a fisurarse. Los trabajos de terminaron con la colocaci\u00f3n de una manta textil sobre la parte intervenida y su posterior trabajo de pintura en toda la superficie tratada.[\/vc_column_text][\/vc_column_inner][vc_column_inner width=&#8221;1\/3&#8243;][\/vc_column_inner][\/vc_row_inner][\/vc_column][vc_column width=&#8221;1\/3&#8243;][vc_gallery interval=&#8221;3&#8243; images=&#8221;812,6283,6281&#8243; img_size=&#8221;full&#8221;][vc_column_text css=&#8221;.vc_custom_1573559048643{background-color: #ffffff !important;}&#8221;]<\/p>\n<p style=\"text-align: center;\"><strong>Subsecretario Suplente: Miguel \u00c1ngel Marano<\/strong><\/p>\n<p>[\/vc_column_text][\/vc_column][\/vc_row][vc_row css_animation=&#8221;&#8221; row_type=&#8221;row&#8221; use_row_as_full_screen_section=&#8221;no&#8221; type=&#8221;full_width&#8221; angled_section=&#8221;no&#8221; text_align=&#8221;left&#8221; background_image_as_pattern=&#8221;without_pattern&#8221;][vc_column][vc_empty_space height=&#8221;60&#8243;][\/vc_column][\/vc_row][vc_row css_animation=&#8221;&#8221; row_type=&#8221;row&#8221; use_row_as_full_screen_section=&#8221;no&#8221; type=&#8221;grid&#8221; angled_section=&#8221;no&#8221; text_align=&#8221;left&#8221; background_image_as_pattern=&#8221;without_pattern&#8221; background_color=&#8221;#e8e8e8&#8243; border_color=&#8221;#1e73be&#8221; z_index=&#8221;&#8221;][vc_column][vc_column_text]<\/p>\n<h2>Noticias Generales<\/h2>\n<p>[\/vc_column_text][vc_empty_space height=&#8221;21px&#8221;]<div class='blog_slider_holder clearfix '><div class='blog_slider blog_slider_carousel' data-blogs_shown='3' data-auto_start='true'><ul class='blog_slides'><li class='item'><div class=\"item_holder\"><div class=\"blog_text_holder info_bottom\" style=\"background-color:rgba(30,115,190,0.83);\"><div class=\"blog_text_holder_outer\"><div class=\"blog_text_date_holder\"><div itemprop=\"dateCreated\" class=\"blog_slider_date_holder entry_date updated\"><span class=\"blog_slider_day\" style= \"color: rgba(0,0,0,0.01);\" >09<\/span><span class=\"blog_slider_month\" style= \"color: rgba(0,0,0,0.01);\">Mar<\/span><meta itemprop=\"interactionCount\" content=\"UserComments:0\"\/><\/div><\/div><div class=\"blog_text_holder_inner\"><h3 itemprop=\"name\" class=\"blog_slider_title entry_title\" ><a itemprop=\"url\" href=\"https:\/\/www.sind-luzyfuerza-cap.org.ar\/slyf\/titulo-de-la-noticia-vivienda-01-2\/\" >CGT &#8211; Pedido de Ratificaci\u00f3n  Convenio n\u00b0 190 de la OIT<\/a><\/h3><\/div><\/div><\/div><div class=\"blog_image_holder\"><span class=\"image\"><img width=\"1000\" height=\"540\" src=\"https:\/\/www.sind-luzyfuerza-cap.org.ar\/slyf\/wp-content\/uploads\/2020\/03\/destacada-4demarzo.jpg\" class=\"attachment-full size-full wp-post-image\" alt=\"\" loading=\"lazy\" srcset=\"https:\/\/www.sind-luzyfuerza-cap.org.ar\/slyf\/wp-content\/uploads\/2020\/03\/destacada-4demarzo.jpg 1000w, https:\/\/www.sind-luzyfuerza-cap.org.ar\/slyf\/wp-content\/uploads\/2020\/03\/destacada-4demarzo-300x162.jpg 300w, https:\/\/www.sind-luzyfuerza-cap.org.ar\/slyf\/wp-content\/uploads\/2020\/03\/destacada-4demarzo-768x415.jpg 768w, https:\/\/www.sind-luzyfuerza-cap.org.ar\/slyf\/wp-content\/uploads\/2020\/03\/destacada-4demarzo-700x378.jpg 700w\" sizes=\"(max-width: 1000px) 100vw, 1000px\" \/><\/span><\/div><\/div><\/li><li class='item'><div class=\"item_holder\"><div class=\"blog_text_holder info_bottom\" style=\"background-color:rgba(30,115,190,0.83);\"><div class=\"blog_text_holder_outer\"><div class=\"blog_text_date_holder\"><div itemprop=\"dateCreated\" class=\"blog_slider_date_holder entry_date updated\"><span class=\"blog_slider_day\" style= \"color: rgba(0,0,0,0.01);\" >15<\/span><span class=\"blog_slider_month\" style= \"color: rgba(0,0,0,0.01);\">Oct<\/span><meta itemprop=\"interactionCount\" content=\"UserComments:0\"\/><\/div><\/div><div class=\"blog_text_holder_inner\"><h3 itemprop=\"name\" class=\"blog_slider_title entry_title\" ><a itemprop=\"url\" href=\"https:\/\/www.sind-luzyfuerza-cap.org.ar\/slyf\/titulo-de-la-noticia-vivienda-01\/\" >Educaci\u00f3n &#8211; Beneficios<\/a><\/h3><\/div><\/div><\/div><div class=\"blog_image_holder\"><span class=\"image\"><img width=\"1000\" height=\"540\" src=\"https:\/\/www.sind-luzyfuerza-cap.org.ar\/slyf\/wp-content\/uploads\/2018\/03\/uai-febrero2019miniatura.jpg\" class=\"attachment-full size-full wp-post-image\" alt=\"\" loading=\"lazy\" srcset=\"https:\/\/www.sind-luzyfuerza-cap.org.ar\/slyf\/wp-content\/uploads\/2018\/03\/uai-febrero2019miniatura.jpg 1000w, https:\/\/www.sind-luzyfuerza-cap.org.ar\/slyf\/wp-content\/uploads\/2018\/03\/uai-febrero2019miniatura-300x162.jpg 300w, https:\/\/www.sind-luzyfuerza-cap.org.ar\/slyf\/wp-content\/uploads\/2018\/03\/uai-febrero2019miniatura-768x415.jpg 768w, https:\/\/www.sind-luzyfuerza-cap.org.ar\/slyf\/wp-content\/uploads\/2018\/03\/uai-febrero2019miniatura-700x378.jpg 700w\" sizes=\"(max-width: 1000px) 100vw, 1000px\" \/><\/span><\/div><\/div><\/li><li class='item'><div class=\"item_holder\"><div class=\"blog_text_holder info_bottom\" style=\"background-color:rgba(30,115,190,0.83);\"><div class=\"blog_text_holder_outer\"><div class=\"blog_text_date_holder\"><div itemprop=\"dateCreated\" class=\"blog_slider_date_holder entry_date updated\"><span class=\"blog_slider_day\" style= \"color: rgba(0,0,0,0.01);\" >15<\/span><span class=\"blog_slider_month\" style= \"color: rgba(0,0,0,0.01);\">Ene<\/span><meta itemprop=\"interactionCount\" content=\"UserComments:0\"\/><\/div><\/div><div class=\"blog_text_holder_inner\"><h3 itemprop=\"name\" class=\"blog_slider_title entry_title\" ><a itemprop=\"url\" href=\"https:\/\/www.sind-luzyfuerza-cap.org.ar\/slyf\/titulo-de-la-noticia-2\/\" >Cursos 2022<\/a><\/h3><\/div><\/div><\/div><div class=\"blog_image_holder\"><span class=\"image\"><img width=\"900\" height=\"540\" src=\"https:\/\/www.sind-luzyfuerza-cap.org.ar\/slyf\/wp-content\/uploads\/2018\/01\/CENTRO408-para-carrousell-noticias.jpg\" class=\"attachment-full size-full wp-post-image\" alt=\"\" loading=\"lazy\" srcset=\"https:\/\/www.sind-luzyfuerza-cap.org.ar\/slyf\/wp-content\/uploads\/2018\/01\/CENTRO408-para-carrousell-noticias.jpg 900w, https:\/\/www.sind-luzyfuerza-cap.org.ar\/slyf\/wp-content\/uploads\/2018\/01\/CENTRO408-para-carrousell-noticias-300x180.jpg 300w, https:\/\/www.sind-luzyfuerza-cap.org.ar\/slyf\/wp-content\/uploads\/2018\/01\/CENTRO408-para-carrousell-noticias-768x461.jpg 768w, https:\/\/www.sind-luzyfuerza-cap.org.ar\/slyf\/wp-content\/uploads\/2018\/01\/CENTRO408-para-carrousell-noticias-700x420.jpg 700w\" sizes=\"(max-width: 900px) 100vw, 900px\" \/><\/span><\/div><\/div><\/li><\/ul><ul class=\"caroufredsel-direction-nav\"><li><a id=\"caroufredsel-prev\" class=\"caroufredsel-prev\" href=\"#\"><div><i class=\"fa fa-angle-left\"><\/i><\/div><\/a><\/li><li><a class=\"caroufredsel-next\" id=\"caroufredsel-next\" href=\"#\"><div><i class=\"fa fa-angle-right\"><\/i><\/div><\/a><\/li><\/ul><\/div><\/div>[vc_empty_space height=&#8221;60&#8243;][\/vc_column][\/vc_row][vc_row css_animation=&#8221;&#8221; row_type=&#8221;row&#8221; use_row_as_full_screen_section=&#8221;no&#8221; type=&#8221;full_width&#8221; angled_section=&#8221;no&#8221; text_align=&#8221;left&#8221; background_image_as_pattern=&#8221;without_pattern&#8221;][vc_column]\n\n\t<a href=\"#\" target=\"_self\"  class=\"qode-btn qode-btn-medium qode-btn-solid qode-btn-default-hover\"  >\n\t    <span class=\"qode-btn-text\"><\/span>\t<\/a>\n\n[\/vc_column][\/vc_row]<\/p>\n","protected":false},"excerpt":{"rendered":"<p>[vc_row css_animation=&#8221;&#8221; row_type=&#8221;row&#8221; use_row_as_full_screen_section=&#8221;no&#8221; type=&#8221;full_width&#8221; angled_section=&#8221;no&#8221; text_align=&#8221;left&#8221; background_image_as_pattern=&#8221;without_pattern&#8221;][vc_column][vc_empty_space height=&#8221;60&#8243;][\/vc_column][\/vc_row][vc_row css_animation=&#8221;&#8221; row_type=&#8221;row&#8221; use_row_as_full_screen_section=&#8221;no&#8221; type=&#8221;grid&#8221; angled_section=&#8221;no&#8221; text_align=&#8221;left&#8221; background_image_as_pattern=&#8221;without_pattern&#8221; z_index=&#8221;&#8221;][vc_column width=&#8221;2\/3&#8243;][vc_column_text] Secretar\u00eda de Vivienda [\/vc_column_text][vc_empty_space height=&#8221;21px&#8221;][vc_column_text] Obras &#8211; Hogar del Jubilado [\/vc_column_text][vc_empty_space][vc_row_inner row_type=&#8221;row&#8221; type=&#8221;full_width&#8221; text_align=&#8221;left&#8221; css_animation=&#8221;&#8221;][vc_column_inner width=&#8221;2\/3&#8243;][vc_gallery interval=&#8221;3&#8243; images=&#8221;6748,6749,6745,6747,6746,6751,6750,6752&#8243; img_size=&#8221;full&#8221; onclick=&#8221;&#8221; direction_nav=&#8221;yes&#8221; control_nav=&#8221;yes&#8221;][vc_column_text]REPARACI\u00d3N VEREDA Y FISURAS EN MAMPOSTER\u00cdA&#8230;<\/p>\n","protected":false},"author":4,"featured_media":0,"parent":1262,"menu_order":0,"comment_status":"closed","ping_status":"closed","template":"full_width.php","meta":[],"_links":{"self":[{"href":"https:\/\/www.sind-luzyfuerza-cap.org.ar\/slyf\/wp-json\/wp\/v2\/pages\/3573"}],"collection":[{"href":"https:\/\/www.sind-luzyfuerza-cap.org.ar\/slyf\/wp-json\/wp\/v2\/pages"}],"about":[{"href":"https:\/\/www.sind-luzyfuerza-cap.org.ar\/slyf\/wp-json\/wp\/v2\/types\/page"}],"author":[{"embeddable":true,"href":"https:\/\/www.sind-luzyfuerza-cap.org.ar\/slyf\/wp-json\/wp\/v2\/users\/4"}],"replies":[{"embeddable":true,"href":"https:\/\/www.sind-luzyfuerza-cap.org.ar\/slyf\/wp-json\/wp\/v2\/comments?post=3573"}],"version-history":[{"count":14,"href":"https:\/\/www.sind-luzyfuerza-cap.org.ar\/slyf\/wp-json\/wp\/v2\/pages\/3573\/revisions"}],"predecessor-version":[{"id":6763,"href":"https:\/\/www.sind-luzyfuerza-cap.org.ar\/slyf\/wp-json\/wp\/v2\/pages\/3573\/revisions\/6763"}],"up":[{"embeddable":true,"href":"https:\/\/www.sind-luzyfuerza-cap.org.ar\/slyf\/wp-json\/wp\/v2\/pages\/1262"}],"wp:attachment":[{"href":"https:\/\/www.sind-luzyfuerza-cap.org.ar\/slyf\/wp-json\/wp\/v2\/media?parent=3573"}],"curies":[{"name":"wp","href":"https:\/\/api.w.org\/{rel}","templated":true}]}}