{"id":3641,"date":"2020-02-03T22:40:20","date_gmt":"2020-02-03T22:40:20","guid":{"rendered":"https:\/\/www.sind-luzyfuerza-cap.org.ar\/slyf\/?page_id=3641"},"modified":"2020-02-04T22:20:29","modified_gmt":"2020-02-04T22:20:29","slug":"talampaya-itinerario","status":"publish","type":"page","link":"https:\/\/www.sind-luzyfuerza-cap.org.ar\/slyf\/secretarias\/turismo\/talampaya-itinerario\/","title":{"rendered":"Talampaya Itinerario"},"content":{"rendered":"<p>[vc_row css_animation=&#8221;&#8221; row_type=&#8221;row&#8221; use_row_as_full_screen_section=&#8221;no&#8221; type=&#8221;full_width&#8221; angled_section=&#8221;no&#8221; text_align=&#8221;left&#8221; background_image_as_pattern=&#8221;without_pattern&#8221;][vc_column][vc_empty_space height=&#8221;60&#8243;][\/vc_column][\/vc_row][vc_row css_animation=&#8221;&#8221; row_type=&#8221;row&#8221; use_row_as_full_screen_section=&#8221;no&#8221; type=&#8221;grid&#8221; angled_section=&#8221;no&#8221; text_align=&#8221;left&#8221; background_image_as_pattern=&#8221;without_pattern&#8221; z_index=&#8221;&#8221;][vc_column width=&#8221;2\/3&#8243;][vc_column_text]<\/p>\n<h6>Secretar\u00eda de Turismo y Recreaci\u00f3n<\/h6>\n<p>[\/vc_column_text][vc_empty_space height=&#8221;21px&#8221;][vc_column_text]<\/p>\n<h4><span style=\"color: #000080;\">Promociones &#8211; Villa Giardino &#8211; La Rioja<\/span><\/h4>\n<p>[\/vc_column_text][vc_empty_space height=&#8221;21px&#8221;][vc_accordion active_tab=&#8221;false&#8221; collapsible=&#8221;yes&#8221; style=&#8221;accordion&#8221;][vc_accordion_tab title=&#8221;ITINERARIO&#8221; title_color=&#8221;#919191&#8243; background_color=&#8221;#f4f4f4&#8243;][vc_column_text]<strong>Salida: 17 de junio 2020<\/strong><\/p>\n<p>&nbsp;<\/p>\n<p><strong>D\u00eda 01: BUENOS AIRES &#8211; VILLA GIARDINO: (NOCHE EN RUTA)<\/strong><br \/>\nSalida desde lugares a designar con destino a la ciudad de Villa Giardino. Cena y Desayuno en Ruta (Servicio no incluido)<\/p>\n<p>&nbsp;<\/p>\n<p><strong>D\u00eda 02 \u2013 VILLA GIARDINO<\/strong><br \/>\nLlegada al hotel previsto en horas de la ma\u00f1ana. Alojamiento. Tarde libre para disfrutar del parque del hotel o conocer la ciudad. Almuerzo y Cena en el hotel.<\/p>\n<p>&nbsp;<\/p>\n<p><strong>D\u00eda 03 \u2013 VILLA GIARDINO<\/strong><br \/>\nDesayuno, Almuerzo y Cena en el hotel. D\u00eda libre para disfrutar del hotel y la ciudad.<br \/>\nExc. Opcional: Recomendada La Falda y\/o Capilla del Monte.<\/p>\n<p>&nbsp;<\/p>\n<p><strong>D\u00eda 04 \u2013 VILLA GIARDINO<\/strong><br \/>\nDespu\u00e9s del desayuno salimos en excursi\u00f3n a la ciudad de Carlos Paz. Almuerzo en Carlos Paz (No incluido). Visita libre a la ciudad. Cena en el hotel.<\/p>\n<p>&nbsp;<\/p>\n<p><strong>D\u00eda 05 \u2013 VILLA GIARDINO \u2013 VILLA UNION (497 Km. \u2013 6 HS.)<\/strong><br \/>\nDesayuno temprano en el hotel. Presentaci\u00f3n en el lobby en horario a designar, para salida con destino a la ciudad de VILLA UNION. Llegada al hotel previsto. Alojamiento. Tarde Libre para conocer la ciudad. Cena en hotel.<\/p>\n<p>&nbsp;<\/p>\n<p><strong>D\u00eda 06 \u2013 VILLA UNION \u2013 PARQUE ISCHIGUALASTO (136 km. \u2013 1 1\/2 hs)<\/strong><br \/>\nDespu\u00e9s del desayuno salimos en excursi\u00f3n para conocer el Parque Provincial ISCHIGUALASTO (VALLE DE LA LUNA &#8211; entradas NO Incluidas). Almuerzo (No incluido). Cena en el hotel.<\/p>\n<p>&nbsp;<\/p>\n<p><strong>D\u00eda 07 \u2013 VILLA UNION<\/strong><br \/>\nDesayuno y Cena en el hotel. D\u00eda libre en la ciudad.<br \/>\nExc. Opcional. (Recomendamos: Laguna Brava).<\/p>\n<p>&nbsp;<\/p>\n<p><strong>D\u00eda 08 \u2013 PARQUE CA\u00d1ON DEL TALAMPAYA \u2013 LA RIOJA \u2013 (179 Km \u2013 2 Hs.)<\/strong><br \/>\nDesayuno. Presentaci\u00f3n con el equipaje en el lobby del hotel en horario a designar, para salida en excursi\u00f3n para conocer el Parque Nacional CA\u00d1ON DEL TALAMPAYA (entradas NO Incluidas). Almuerzo (No incluido). Luego de la visita al parque continuamos camino hacia la ciudad de La Rioja. Alojamiento. Cena en el Hotel.<\/p>\n<p>&nbsp;<\/p>\n<p><strong>D\u00eda 09 \u2013 LA RIOJA<\/strong><br \/>\nDesayuno y Cena en el hotel. D\u00eda libre en la ciudad.<br \/>\nExc. Opcional. (Recomendamos: Ciudad de Catamarca con su Santuario a la Virgen del Valle. La Rioja \u2013 Catamarca 157 km\/2hs).<\/p>\n<p>&nbsp;<\/p>\n<p><strong>D\u00eda 10 \u2013 LA RIOJA \u2013 BUENOS AIRES<\/strong><br \/>\nDesayuno. Alojamiento hasta las 10:00 hrs. Presentaci\u00f3n en el lobby del hotel en horario a designar, para salida con destino a la ciudad de Buenos Aires. Almuerzo y Cena en ruta (No incluido).<\/p>\n<p><strong>D\u00eda 11 \u2013 BUENOS AIRES<\/strong><br \/>\nArribo a la ciudad de Buenos Aires en horas de la ma\u00f1ana.<br \/>\nFIN DE NUESTROS SERVICIOS.[\/vc_column_text][\/vc_accordion_tab][vc_accordion_tab title=&#8221;QU\u00c9 INCLUYE&#8221; title_color=&#8221;#919191&#8243; background_color=&#8221;#f4f4f4&#8243;][vc_column_text]- Bus Cama Buenos Aires\/VILLA GIARDINO \/LA RIOJA\/Buenos Aires.<br \/>\n&#8211; Servicio de Coordinaci\u00f3n a bordo. &#8211; Comidas: Pensi\u00f3n Completa en Hotel Villa Giardino (Desayuno, Almuerzo y Cena)<br \/>\n&#8211; 3 noches de Alojamiento en Hotel \u201cPor los Derechos del Trabajador\u201d<br \/>\n&#8211; 2 noche de Alojamiento en La Rioja (Hotel a designar C\/MEDIA PENSION)<br \/>\n&#8211; 3 noches de Alojamiento en Villa Uni\u00f3n (Hotel a Designar C\/MEDIA PENSION) &#8211; Excursi\u00f3n Carlos Paz<br \/>\n&#8211; Excursi\u00f3n Parque Nacional Talampaya<br \/>\n&#8211; Excursi\u00f3n Parque Provincial Ischigualasto (Valle de la Luna) &#8211; Seguro de asistencia en viaje.<\/p>\n<p>&nbsp;<\/p>\n<p>No Incluye:<\/p>\n<p>&#8211; Comidas y bebidas (salvo las indicadas en el itinerario)<br \/>\n&#8211; Excursiones y visitas opcionales.<br \/>\n&#8211; Entradas donde no est\u00e9 debidamente indicado.<br \/>\n&#8211; Propinas de tipo personal.<br \/>\n&#8211; Cualquier servicio que no est\u00e9 especificado como incluido.[\/vc_column_text][\/vc_accordion_tab][vc_accordion_tab title=&#8221;VALOR&#8221; title_color=&#8221;#919191&#8243; background_color=&#8221;#f4f4f4&#8243;][vc_row_inner row_type=&#8221;row&#8221; type=&#8221;full_width&#8221; text_align=&#8221;left&#8221; css_animation=&#8221;&#8221;][vc_column_inner width=&#8221;2\/3&#8243;][vc_single_image image=&#8221;3663&#8243; img_size=&#8221;full&#8221; alignment=&#8221;center&#8221; qode_css_animation=&#8221;&#8221;][\/vc_column_inner][vc_column_inner width=&#8221;1\/6&#8243;][\/vc_column_inner][vc_column_inner width=&#8221;1\/6&#8243;][\/vc_column_inner][\/vc_row_inner][\/vc_accordion_tab][\/vc_accordion][vc_empty_space height=&#8221;21px&#8221;][vc_row_inner row_type=&#8221;row&#8221; type=&#8221;full_width&#8221; text_align=&#8221;left&#8221; css_animation=&#8221;&#8221;][vc_column_inner width=&#8221;2\/3&#8243;][vc_single_image image=&#8221;3635&#8243; img_size=&#8221;full&#8221; qode_css_animation=&#8221;&#8221;][\/vc_column_inner][vc_column_inner width=&#8221;1\/3&#8243;][\/vc_column_inner][\/vc_row_inner][vc_separator type=&#8221;normal&#8221;][\/vc_column][vc_column width=&#8221;1\/3&#8243;]<a  itemprop=\"url\" href=\"https:\/\/www.sind-luzyfuerza-cap.org.ar\/lyf2015p\/servlet\/uswbienvenido\" target=\"_self\" data-hover-background-color=#1e73be  class=\"qbutton  small center default\" style=\"background-color: #4a64ad;\">Acceso Usuarios Registrados<\/a>[vc_empty_space height=&#8221;20px&#8221;][vc_gallery interval=&#8221;3&#8243; images=&#8221;809,3203,3204&#8243; img_size=&#8221;full&#8221;][vc_column_text css=&#8221;.vc_custom_1573562309130{background-color: #ffffff !important;}&#8221;]<\/p>\n<p style=\"text-align: center;\"><strong><br \/>\nSubsecretario suplente: Jorge Ra\u00fal Maza<br \/>\n<\/strong><\/p>\n<p>[\/vc_column_text][vc_empty_space][vc_single_image image=&#8221;1099&#8243; img_size=&#8221;full&#8221; qode_css_animation=&#8221;&#8221;][vc_empty_space][\/vc_column][\/vc_row][vc_row css_animation=&#8221;&#8221; row_type=&#8221;row&#8221; use_row_as_full_screen_section=&#8221;no&#8221; type=&#8221;grid&#8221; angled_section=&#8221;no&#8221; text_align=&#8221;left&#8221; background_image_as_pattern=&#8221;without_pattern&#8221; background_color=&#8221;#e8e8e8&#8243; border_color=&#8221;#1e73be&#8221; z_index=&#8221;&#8221;][vc_column][vc_empty_space height=&#8221;60&#8243;][vc_column_text]<\/p>\n<h2>Noticias Generales<\/h2>\n<p>[\/vc_column_text][vc_empty_space height=&#8221;21px&#8221;]<div class='blog_slider_holder clearfix '><div class='blog_slider blog_slider_carousel' data-blogs_shown='3' data-auto_start='true'><ul class='blog_slides'><li class='item'><div class=\"item_holder\"><div class=\"blog_text_holder info_bottom\" style=\"background-color:rgba(30,115,190,0.83);\"><div class=\"blog_text_holder_outer\"><div class=\"blog_text_date_holder\"><div itemprop=\"dateCreated\" class=\"blog_slider_date_holder entry_date updated\"><span class=\"blog_slider_day\" style= \"color: rgba(0,0,0,0.01);\" >09<\/span><span class=\"blog_slider_month\" style= \"color: rgba(0,0,0,0.01);\">Mar<\/span><meta itemprop=\"interactionCount\" content=\"UserComments:0\"\/><\/div><\/div><div class=\"blog_text_holder_inner\"><h3 itemprop=\"name\" class=\"blog_slider_title entry_title\" ><a itemprop=\"url\" href=\"https:\/\/www.sind-luzyfuerza-cap.org.ar\/slyf\/titulo-de-la-noticia-vivienda-01-2\/\" >CGT &#8211; Pedido de Ratificaci\u00f3n  Convenio n\u00b0 190 de la OIT<\/a><\/h3><\/div><\/div><\/div><div class=\"blog_image_holder\"><span class=\"image\"><img width=\"1000\" height=\"540\" src=\"https:\/\/www.sind-luzyfuerza-cap.org.ar\/slyf\/wp-content\/uploads\/2020\/03\/destacada-4demarzo.jpg\" class=\"attachment-full size-full wp-post-image\" alt=\"\" loading=\"lazy\" srcset=\"https:\/\/www.sind-luzyfuerza-cap.org.ar\/slyf\/wp-content\/uploads\/2020\/03\/destacada-4demarzo.jpg 1000w, https:\/\/www.sind-luzyfuerza-cap.org.ar\/slyf\/wp-content\/uploads\/2020\/03\/destacada-4demarzo-300x162.jpg 300w, https:\/\/www.sind-luzyfuerza-cap.org.ar\/slyf\/wp-content\/uploads\/2020\/03\/destacada-4demarzo-768x415.jpg 768w, https:\/\/www.sind-luzyfuerza-cap.org.ar\/slyf\/wp-content\/uploads\/2020\/03\/destacada-4demarzo-700x378.jpg 700w\" sizes=\"(max-width: 1000px) 100vw, 1000px\" \/><\/span><\/div><\/div><\/li><li class='item'><div class=\"item_holder\"><div class=\"blog_text_holder info_bottom\" style=\"background-color:rgba(30,115,190,0.83);\"><div class=\"blog_text_holder_outer\"><div class=\"blog_text_date_holder\"><div itemprop=\"dateCreated\" class=\"blog_slider_date_holder entry_date updated\"><span class=\"blog_slider_day\" style= \"color: rgba(0,0,0,0.01);\" >15<\/span><span class=\"blog_slider_month\" style= \"color: rgba(0,0,0,0.01);\">Oct<\/span><meta itemprop=\"interactionCount\" content=\"UserComments:0\"\/><\/div><\/div><div class=\"blog_text_holder_inner\"><h3 itemprop=\"name\" class=\"blog_slider_title entry_title\" ><a itemprop=\"url\" href=\"https:\/\/www.sind-luzyfuerza-cap.org.ar\/slyf\/titulo-de-la-noticia-vivienda-01\/\" >Educaci\u00f3n &#8211; Beneficios<\/a><\/h3><\/div><\/div><\/div><div class=\"blog_image_holder\"><span class=\"image\"><img width=\"1000\" height=\"540\" src=\"https:\/\/www.sind-luzyfuerza-cap.org.ar\/slyf\/wp-content\/uploads\/2018\/03\/uai-febrero2019miniatura.jpg\" class=\"attachment-full size-full wp-post-image\" alt=\"\" loading=\"lazy\" srcset=\"https:\/\/www.sind-luzyfuerza-cap.org.ar\/slyf\/wp-content\/uploads\/2018\/03\/uai-febrero2019miniatura.jpg 1000w, https:\/\/www.sind-luzyfuerza-cap.org.ar\/slyf\/wp-content\/uploads\/2018\/03\/uai-febrero2019miniatura-300x162.jpg 300w, https:\/\/www.sind-luzyfuerza-cap.org.ar\/slyf\/wp-content\/uploads\/2018\/03\/uai-febrero2019miniatura-768x415.jpg 768w, https:\/\/www.sind-luzyfuerza-cap.org.ar\/slyf\/wp-content\/uploads\/2018\/03\/uai-febrero2019miniatura-700x378.jpg 700w\" sizes=\"(max-width: 1000px) 100vw, 1000px\" \/><\/span><\/div><\/div><\/li><li class='item'><div class=\"item_holder\"><div class=\"blog_text_holder info_bottom\" style=\"background-color:rgba(30,115,190,0.83);\"><div class=\"blog_text_holder_outer\"><div class=\"blog_text_date_holder\"><div itemprop=\"dateCreated\" class=\"blog_slider_date_holder entry_date updated\"><span class=\"blog_slider_day\" style= \"color: rgba(0,0,0,0.01);\" >15<\/span><span class=\"blog_slider_month\" style= \"color: rgba(0,0,0,0.01);\">Ene<\/span><meta itemprop=\"interactionCount\" content=\"UserComments:0\"\/><\/div><\/div><div class=\"blog_text_holder_inner\"><h3 itemprop=\"name\" class=\"blog_slider_title entry_title\" ><a itemprop=\"url\" href=\"https:\/\/www.sind-luzyfuerza-cap.org.ar\/slyf\/titulo-de-la-noticia-2\/\" >Cursos 2022<\/a><\/h3><\/div><\/div><\/div><div class=\"blog_image_holder\"><span class=\"image\"><img width=\"900\" height=\"540\" src=\"https:\/\/www.sind-luzyfuerza-cap.org.ar\/slyf\/wp-content\/uploads\/2018\/01\/CENTRO408-para-carrousell-noticias.jpg\" class=\"attachment-full size-full wp-post-image\" alt=\"\" loading=\"lazy\" srcset=\"https:\/\/www.sind-luzyfuerza-cap.org.ar\/slyf\/wp-content\/uploads\/2018\/01\/CENTRO408-para-carrousell-noticias.jpg 900w, https:\/\/www.sind-luzyfuerza-cap.org.ar\/slyf\/wp-content\/uploads\/2018\/01\/CENTRO408-para-carrousell-noticias-300x180.jpg 300w, https:\/\/www.sind-luzyfuerza-cap.org.ar\/slyf\/wp-content\/uploads\/2018\/01\/CENTRO408-para-carrousell-noticias-768x461.jpg 768w, https:\/\/www.sind-luzyfuerza-cap.org.ar\/slyf\/wp-content\/uploads\/2018\/01\/CENTRO408-para-carrousell-noticias-700x420.jpg 700w\" sizes=\"(max-width: 900px) 100vw, 900px\" \/><\/span><\/div><\/div><\/li><\/ul><ul class=\"caroufredsel-direction-nav\"><li><a id=\"caroufredsel-prev\" class=\"caroufredsel-prev\" href=\"#\"><div><i class=\"fa fa-angle-left\"><\/i><\/div><\/a><\/li><li><a class=\"caroufredsel-next\" id=\"caroufredsel-next\" href=\"#\"><div><i class=\"fa fa-angle-right\"><\/i><\/div><\/a><\/li><\/ul><\/div><\/div>[vc_empty_space height=&#8221;60&#8243;][\/vc_column][\/vc_row]<\/p>\n","protected":false},"excerpt":{"rendered":"<p>[vc_row css_animation=&#8221;&#8221; row_type=&#8221;row&#8221; use_row_as_full_screen_section=&#8221;no&#8221; type=&#8221;full_width&#8221; angled_section=&#8221;no&#8221; text_align=&#8221;left&#8221; background_image_as_pattern=&#8221;without_pattern&#8221;][vc_column][vc_empty_space height=&#8221;60&#8243;][\/vc_column][\/vc_row][vc_row css_animation=&#8221;&#8221; row_type=&#8221;row&#8221; use_row_as_full_screen_section=&#8221;no&#8221; type=&#8221;grid&#8221; angled_section=&#8221;no&#8221; text_align=&#8221;left&#8221; background_image_as_pattern=&#8221;without_pattern&#8221; z_index=&#8221;&#8221;][vc_column width=&#8221;2\/3&#8243;][vc_column_text] Secretar\u00eda de Turismo y Recreaci\u00f3n [\/vc_column_text][vc_empty_space height=&#8221;21px&#8221;][vc_column_text] Promociones &#8211; Villa Giardino &#8211; La Rioja [\/vc_column_text][vc_empty_space height=&#8221;21px&#8221;][vc_accordion active_tab=&#8221;false&#8221; collapsible=&#8221;yes&#8221; style=&#8221;accordion&#8221;][vc_accordion_tab title=&#8221;ITINERARIO&#8221; title_color=&#8221;#919191&#8243; background_color=&#8221;#f4f4f4&#8243;][vc_column_text]Salida: 17 de junio 2020 &nbsp;&#8230;<\/p>\n","protected":false},"author":4,"featured_media":0,"parent":1039,"menu_order":0,"comment_status":"closed","ping_status":"closed","template":"full_width.php","meta":[],"_links":{"self":[{"href":"https:\/\/www.sind-luzyfuerza-cap.org.ar\/slyf\/wp-json\/wp\/v2\/pages\/3641"}],"collection":[{"href":"https:\/\/www.sind-luzyfuerza-cap.org.ar\/slyf\/wp-json\/wp\/v2\/pages"}],"about":[{"href":"https:\/\/www.sind-luzyfuerza-cap.org.ar\/slyf\/wp-json\/wp\/v2\/types\/page"}],"author":[{"embeddable":true,"href":"https:\/\/www.sind-luzyfuerza-cap.org.ar\/slyf\/wp-json\/wp\/v2\/users\/4"}],"replies":[{"embeddable":true,"href":"https:\/\/www.sind-luzyfuerza-cap.org.ar\/slyf\/wp-json\/wp\/v2\/comments?post=3641"}],"version-history":[{"count":27,"href":"https:\/\/www.sind-luzyfuerza-cap.org.ar\/slyf\/wp-json\/wp\/v2\/pages\/3641\/revisions"}],"predecessor-version":[{"id":3672,"href":"https:\/\/www.sind-luzyfuerza-cap.org.ar\/slyf\/wp-json\/wp\/v2\/pages\/3641\/revisions\/3672"}],"up":[{"embeddable":true,"href":"https:\/\/www.sind-luzyfuerza-cap.org.ar\/slyf\/wp-json\/wp\/v2\/pages\/1039"}],"wp:attachment":[{"href":"https:\/\/www.sind-luzyfuerza-cap.org.ar\/slyf\/wp-json\/wp\/v2\/media?parent=3641"}],"curies":[{"name":"wp","href":"https:\/\/api.w.org\/{rel}","templated":true}]}}