{"id":3689,"date":"2020-02-13T15:47:50","date_gmt":"2020-02-13T15:47:50","guid":{"rendered":"https:\/\/www.sind-luzyfuerza-cap.org.ar\/slyf\/?page_id=3689"},"modified":"2020-02-13T16:01:56","modified_gmt":"2020-02-13T16:01:56","slug":"itinerario-calafate-2","status":"publish","type":"page","link":"https:\/\/www.sind-luzyfuerza-cap.org.ar\/slyf\/secretarias\/turismo\/itinerario-calafate-2\/","title":{"rendered":"Itinerario Calafate"},"content":{"rendered":"<p>[vc_row css_animation=&#8221;&#8221; row_type=&#8221;row&#8221; use_row_as_full_screen_section=&#8221;no&#8221; type=&#8221;full_width&#8221; angled_section=&#8221;no&#8221; text_align=&#8221;left&#8221; background_image_as_pattern=&#8221;without_pattern&#8221;][vc_column][vc_empty_space height=&#8221;60&#8243;][\/vc_column][\/vc_row][vc_row css_animation=&#8221;&#8221; row_type=&#8221;row&#8221; use_row_as_full_screen_section=&#8221;no&#8221; type=&#8221;grid&#8221; angled_section=&#8221;no&#8221; text_align=&#8221;left&#8221; background_image_as_pattern=&#8221;without_pattern&#8221; z_index=&#8221;&#8221;][vc_column width=&#8221;2\/3&#8243;][vc_column_text]<\/p>\n<h6>Secretar\u00eda de Turismo y Recreaci\u00f3n<\/h6>\n<p>[\/vc_column_text][vc_empty_space height=&#8221;21px&#8221;][vc_column_text]<\/p>\n<h4><span style=\"color: #000080;\">Promociones &#8211; Calafate \/ Ushuaia<\/span><\/h4>\n<p>[\/vc_column_text][vc_empty_space height=&#8221;21px&#8221;][vc_accordion active_tab=&#8221;false&#8221; collapsible=&#8221;yes&#8221; style=&#8221;accordion&#8221;][vc_accordion_tab title=&#8221;ITINERARIO&#8221; title_color=&#8221;#919191&#8243; background_color=&#8221;#f4f4f4&#8243;][vc_column_text]<strong>Salida: 15 de abril 2020<\/strong><\/p>\n<p>&nbsp;<\/p>\n<p><strong>D\u00eda 1(Mi\u00e9rcoles) &#8211; 15 ABR: BUENOS AIRES \u2013 CALAFATE <\/strong><\/p>\n<p>Presentaci\u00f3n en el Aeroparque a las 03:00 hs para tr\u00e1mites de embarque. Salida en vuelo de Aerol\u00edneas Argentinas a las 04.40 hs con destino a CALAFATE. Llegada en destino 07.55 hs. Recepci\u00f3n en el Aeropuerto y traslado al hotel. Alojamiento. 17:00 hs. Traslado a Estancia, merienda y CENA SHOW en el Quincho de la estancia (bebidas no incluidas). Regreso al Hotel 22.30 hs.<\/p>\n<p><strong><br \/>\nD\u00eda 2 (Jueves) &#8211; 16 ABR: CALAFATE <\/strong><\/p>\n<p>Desayuno en el hotel. 09.00 a 18.00 hs. Traslado y Excursi\u00f3n al GLACIAR PERITO MORENO, Navegaci\u00f3n x el lago: Safari N\u00e1utico (exc. Cara sur del glaciar) (Entradas al Parque no incluidas: Valor: $ 410 e\/16 y 65 a\u00f1os, Jubilados presentando carnets no abonan). 21.00 hs. Cena en el hotel.<\/p>\n<p><strong><br \/>\nD\u00eda 3 (Viernes) &#8211; 17 ABR: CALAFATE <\/strong><\/p>\n<p>Desayuno en el hotel. 07.00 hs. Excursi\u00f3n lacustre \u201cRIOS DE HIELO EXPRESS\u201d, regreso 15.00hs. Se SUGIERE de regreso realizar excursi\u00f3n OPCIONAL de 15.00 a 17.30hs visita museo glaciarium y glacio bar c\/consumici\u00f3n. 21.00 hs. Cena en el hotel.<\/p>\n<p><strong><br \/>\nD\u00eda 4 (S\u00e1bado) &#8211; 18 ABR: CALAFATE <\/strong><\/p>\n<p>D\u00eda Libre. Desayuno y Cena en el hotel.<\/p>\n<p><strong><br \/>\nD\u00eda 5 (Domingo) &#8211; 19 ABR: CALAFATE \/ USHUAIA<\/strong><br \/>\nDesayuno en el hotel. Check out. Traslado al aeropuerto. 15.55 Salida del vuelo c\/destino USHUAIA. Arribo 17.15 hs. Recepci\u00f3n en el Aeropuerto y traslado al hotel. Alojamiento. 17.30\/19.30 hs. City tour. 21.00 hs. Cena en el hotel.<\/p>\n<p><strong><br \/>\nD\u00eda 6 (lunes) &#8211; 20 ABR: USHUAIA <\/strong><\/p>\n<p>Desayuno en el hotel. 09.00\/13.00 hs. Traslado y Excursi\u00f3n PARQUE NAC. TIERRA DEL FUEGO c\/TREN DEL FIN DEL MUNDO (Entradas al Parque no incluidas: Valor: $ 180 e\/16 y 65 a\u00f1os, Jubilados presentando carnets no abonan). Tiempo libre para almuerzo (No incluido). 15.00\/17.30 hs. Presentaci\u00f3n en el muelle, embarque excursi\u00f3n mar\u00edtima por el CANAL DE BEAGLE. Se SUGIERE realizar excursi\u00f3n OPCIONAL visita museo mar\u00edtimo o del presidio o museo del fin del mundo. 21.00 hs. Cena en el hotel.<\/p>\n<p><strong><br \/>\nD\u00eda 7 (martes) &#8211; 21 ABR: USHUAIA <\/strong><\/p>\n<p>Desayuno en el hotel. 09.30\/16.30 hs. Excursi\u00f3n por LAGOS ESCONDIDO Y FAGNANO. Cena en el hotel. D\u00eda 8 (mi\u00e9rcoles) &#8211; 22 ABR: USHUAIA Desayuno en el hotel. Alojamiento hasta las 10:00 hrs. Presentaci\u00f3n en el lobby del hotel para el traslado al Aeropuerto de USHUAIA. EMBARQUE. 17.05 Salida en vuelo de AEROLINEAS ARGENTINAS con destino a Buenos Aires. Llegada en Aeroparque a las 20.25 hs.<br \/>\nFIN DE NUESTROS SERVICIOS.[\/vc_column_text][\/vc_accordion_tab][vc_accordion_tab title=&#8221;QU\u00c9 INCLUYE&#8221; title_color=&#8221;#919191&#8243; background_color=&#8221;#f4f4f4&#8243;][vc_column_text]- Pasaje a\u00e9reo Buenos Aires\/calafate\/Ushuaia\/Buenos Aires con Aerol\u00edneas Argentinas en clase econ\u00f3mica.<\/p>\n<p>&#8211; Traslados de llegada y salida en el destino.<\/p>\n<p>&#8211; Comidas: Media Pensi\u00f3n<\/p>\n<p>&#8211; 4 noches de Alojamiento en Hotel KOSTEN AIKE ****en CALAFATE (Desayuno y Cena c\/1 agua lib.)<\/p>\n<p>&#8211; Excursiones en Calafate: Merienda y Cena Show en estancia s\/beb.; GLACIAR PERITO MORENO c\/Navegaci\u00f3n Safari N\u00e1utico; Lacustre \u201cRIOS DE HIELO EXPRESS\u201d<\/p>\n<p>&#8211; 3 noches de Alojamiento en Hotel ALBATROS **** en USHUAIA (Desayuno y Cena c\/Bebida.)<\/p>\n<p>&#8211; Excursiones en Ushuaia: Parque Nac. T. del Fuego combinado con Tren del Fin del Mundo; City Tour x la ciudad; Lacustre por el Canal de Beagle; Lacustre por Lago Escondido y Fagnano.<\/p>\n<p>&#8211; Seguro de asistencia en viaje por el total de la estad\u00eda.<\/p>\n<p>&nbsp;<\/p>\n<p><strong>No Incluye:<\/strong><\/p>\n<p>&#8211; Comidas y bebidas (salvo las indicadas en el itinerario)<\/p>\n<p>&#8211; Maleteros en Aeropuertos y Hoteles.<\/p>\n<p>&#8211; Excursiones y visitas opcionales.<\/p>\n<p>&#8211; Entradas donde no est\u00e9 debidamente indicado.<\/p>\n<p>&#8211; Propinas de tipo personal.<\/p>\n<p>&#8211; Cualquier servicio que no est\u00e9 especificado como incluido.<\/p>\n<p>&#8211; Exceso de Equipaje en los vuelos (consultar en la web de la aerol\u00ednea los kg permitidos)<\/p>\n<p>&#8211; Alojamiento en caso de Arbitrarias que no conecten en el d\u00eda de partida y\/o llegada de los vuelos.[\/vc_column_text][\/vc_accordion_tab][vc_accordion_tab title=&#8221;POL\u00cdTICA DE CANCELACI\u00d3N&#8221; title_color=&#8221;#919191&#8243; background_color=&#8221;#f4f4f4&#8243;][vc_column_text]Pasajes a\u00e9reos\/ terrestres: quedara sujeto a las normas y retenciones de la cia. A\u00e9rea.<\/p>\n<p><strong>Hasta 30 d\u00edas de antelaci\u00f3n a la fecha de comienzo del viaje<\/strong>: se retendr\u00e1 el 10 % del valor total del viaje en caso de ser afiliado y el 20 % si no es afiliado.<br \/>\n<strong>Entre 29-15 d\u00edas antes del comienzo del viaje<\/strong> se le reintegrara el 50% del total del paquete.<br \/>\n<strong>Entre 14 d\u00edas y ante la no presentaci\u00f3n en la salida<\/strong> se retendr\u00e1 el 100% del valor total del viaje.<\/p>\n<p>&#8211; Los precios est\u00e1n sujetos a modificaci\u00f3n sin previo aviso y sujetos a las condiciones generales de SINDICATO LUZ Y FUERZA CAPITAL.<\/p>\n<p>&#8211; Verificaci\u00f3n de documentaci\u00f3n en regla por cuenta del pasajero.<br \/>\n&#8211; Al tratarse de un grupo la compa\u00f1\u00eda a\u00e9rea exige la emisi\u00f3n de todo el grupo junto (no es posible emitir individualmente los boletos a\u00e9reos<br \/>\n&#8211; Salida grupal: Opera con un m\u00ednimo de 10 pasajeros, en caso de no reunirse el m\u00ednimo de pasajeros, se les ofrecer\u00e1 un programa alternativo[\/vc_column_text][\/vc_accordion_tab][vc_accordion_tab title=&#8221;VALOR&#8221; title_color=&#8221;#919191&#8243; background_color=&#8221;#f4f4f4&#8243;][vc_row_inner row_type=&#8221;row&#8221; type=&#8221;full_width&#8221; text_align=&#8221;left&#8221; css_animation=&#8221;&#8221;][vc_column_inner width=&#8221;2\/3&#8243;][vc_column_text]PRECIO CONTADO: $ 62990 en Hab.DBL \/\/ MENOR: $ consultar (3\/12 a\u00f1os)<\/p>\n<p>$ 81.990 SGL<br \/>\nPRECIO FINANCIADO: $ 63990 en Hab.DBL \/\/ MENOR: $ Consultar (3\/12 a\u00f1os)<\/p>\n<p>$ 82.990 SGL<br \/>\n(Precios por persona. Sujetos a modificaci\u00f3n sin previo aviso.)<br \/>\nMoneda: PES<\/p>\n<p><strong><br \/>\nFINANCIACION:<\/strong><br \/>\nCalafate \/ Ushuaia 2020<\/p>\n<p><strong><br \/>\nFinanciaci\u00f3n para Afiliado:<\/strong>[\/vc_column_text][vc_single_image image=&#8221;3708&#8243; img_size=&#8221;full&#8221; alignment=&#8221;center&#8221; qode_css_animation=&#8221;&#8221;][\/vc_column_inner][vc_column_inner width=&#8221;1\/6&#8243;][\/vc_column_inner][vc_column_inner width=&#8221;1\/6&#8243;][\/vc_column_inner][\/vc_row_inner][\/vc_accordion_tab][\/vc_accordion][vc_empty_space height=&#8221;21px&#8221;][vc_row_inner row_type=&#8221;row&#8221; type=&#8221;full_width&#8221; text_align=&#8221;left&#8221; css_animation=&#8221;&#8221;][vc_column_inner width=&#8221;2\/3&#8243;][vc_single_image image=&#8221;3707&#8243; img_size=&#8221;full&#8221; qode_css_animation=&#8221;&#8221;][\/vc_column_inner][vc_column_inner width=&#8221;1\/3&#8243;][\/vc_column_inner][\/vc_row_inner][vc_separator type=&#8221;normal&#8221;][\/vc_column][vc_column width=&#8221;1\/3&#8243;]<a  itemprop=\"url\" href=\"https:\/\/www.sind-luzyfuerza-cap.org.ar\/lyf2015p\/servlet\/uswbienvenido\" target=\"_self\" data-hover-background-color=#1e73be  class=\"qbutton  small center default\" style=\"background-color: #4a64ad;\">Acceso Usuarios Registrados<\/a>[vc_empty_space height=&#8221;20px&#8221;][vc_gallery interval=&#8221;3&#8243; images=&#8221;809,3203,3204&#8243; img_size=&#8221;full&#8221;][vc_column_text css=&#8221;.vc_custom_1573562309130{background-color: #ffffff !important;}&#8221;]<\/p>\n<p style=\"text-align: center;\"><strong><br \/>\nSubsecretario suplente: Jorge Ra\u00fal Maza<br \/>\n<\/strong><\/p>\n<p>[\/vc_column_text][vc_empty_space][vc_single_image image=&#8221;1099&#8243; img_size=&#8221;full&#8221; qode_css_animation=&#8221;&#8221;][vc_empty_space][\/vc_column][\/vc_row][vc_row css_animation=&#8221;&#8221; row_type=&#8221;row&#8221; use_row_as_full_screen_section=&#8221;no&#8221; type=&#8221;grid&#8221; angled_section=&#8221;no&#8221; text_align=&#8221;left&#8221; background_image_as_pattern=&#8221;without_pattern&#8221; background_color=&#8221;#e8e8e8&#8243; border_color=&#8221;#1e73be&#8221; z_index=&#8221;&#8221;][vc_column][vc_empty_space height=&#8221;60&#8243;][vc_column_text]<\/p>\n<h2>Noticias Generales<\/h2>\n<p>[\/vc_column_text][vc_empty_space height=&#8221;21px&#8221;]<div class='blog_slider_holder clearfix '><div class='blog_slider blog_slider_carousel' data-blogs_shown='3' data-auto_start='true'><ul class='blog_slides'><li class='item'><div class=\"item_holder\"><div class=\"blog_text_holder info_bottom\" style=\"background-color:rgba(30,115,190,0.83);\"><div class=\"blog_text_holder_outer\"><div class=\"blog_text_date_holder\"><div itemprop=\"dateCreated\" class=\"blog_slider_date_holder entry_date updated\"><span class=\"blog_slider_day\" style= \"color: rgba(0,0,0,0.01);\" >09<\/span><span class=\"blog_slider_month\" style= \"color: rgba(0,0,0,0.01);\">Mar<\/span><meta itemprop=\"interactionCount\" content=\"UserComments:0\"\/><\/div><\/div><div class=\"blog_text_holder_inner\"><h3 itemprop=\"name\" class=\"blog_slider_title entry_title\" ><a itemprop=\"url\" href=\"https:\/\/www.sind-luzyfuerza-cap.org.ar\/slyf\/titulo-de-la-noticia-vivienda-01-2\/\" >CGT &#8211; Pedido de Ratificaci\u00f3n  Convenio n\u00b0 190 de la OIT<\/a><\/h3><\/div><\/div><\/div><div class=\"blog_image_holder\"><span class=\"image\"><img width=\"1000\" height=\"540\" src=\"https:\/\/www.sind-luzyfuerza-cap.org.ar\/slyf\/wp-content\/uploads\/2020\/03\/destacada-4demarzo.jpg\" class=\"attachment-full size-full wp-post-image\" alt=\"\" loading=\"lazy\" srcset=\"https:\/\/www.sind-luzyfuerza-cap.org.ar\/slyf\/wp-content\/uploads\/2020\/03\/destacada-4demarzo.jpg 1000w, https:\/\/www.sind-luzyfuerza-cap.org.ar\/slyf\/wp-content\/uploads\/2020\/03\/destacada-4demarzo-300x162.jpg 300w, https:\/\/www.sind-luzyfuerza-cap.org.ar\/slyf\/wp-content\/uploads\/2020\/03\/destacada-4demarzo-768x415.jpg 768w, https:\/\/www.sind-luzyfuerza-cap.org.ar\/slyf\/wp-content\/uploads\/2020\/03\/destacada-4demarzo-700x378.jpg 700w\" sizes=\"(max-width: 1000px) 100vw, 1000px\" \/><\/span><\/div><\/div><\/li><li class='item'><div class=\"item_holder\"><div class=\"blog_text_holder info_bottom\" style=\"background-color:rgba(30,115,190,0.83);\"><div class=\"blog_text_holder_outer\"><div class=\"blog_text_date_holder\"><div itemprop=\"dateCreated\" class=\"blog_slider_date_holder entry_date updated\"><span class=\"blog_slider_day\" style= \"color: rgba(0,0,0,0.01);\" >15<\/span><span class=\"blog_slider_month\" style= \"color: rgba(0,0,0,0.01);\">Oct<\/span><meta itemprop=\"interactionCount\" content=\"UserComments:0\"\/><\/div><\/div><div class=\"blog_text_holder_inner\"><h3 itemprop=\"name\" class=\"blog_slider_title entry_title\" ><a itemprop=\"url\" href=\"https:\/\/www.sind-luzyfuerza-cap.org.ar\/slyf\/titulo-de-la-noticia-vivienda-01\/\" >Educaci\u00f3n &#8211; Beneficios<\/a><\/h3><\/div><\/div><\/div><div class=\"blog_image_holder\"><span class=\"image\"><img width=\"1000\" height=\"540\" src=\"https:\/\/www.sind-luzyfuerza-cap.org.ar\/slyf\/wp-content\/uploads\/2018\/03\/uai-febrero2019miniatura.jpg\" class=\"attachment-full size-full wp-post-image\" alt=\"\" loading=\"lazy\" srcset=\"https:\/\/www.sind-luzyfuerza-cap.org.ar\/slyf\/wp-content\/uploads\/2018\/03\/uai-febrero2019miniatura.jpg 1000w, https:\/\/www.sind-luzyfuerza-cap.org.ar\/slyf\/wp-content\/uploads\/2018\/03\/uai-febrero2019miniatura-300x162.jpg 300w, https:\/\/www.sind-luzyfuerza-cap.org.ar\/slyf\/wp-content\/uploads\/2018\/03\/uai-febrero2019miniatura-768x415.jpg 768w, https:\/\/www.sind-luzyfuerza-cap.org.ar\/slyf\/wp-content\/uploads\/2018\/03\/uai-febrero2019miniatura-700x378.jpg 700w\" sizes=\"(max-width: 1000px) 100vw, 1000px\" \/><\/span><\/div><\/div><\/li><li class='item'><div class=\"item_holder\"><div class=\"blog_text_holder info_bottom\" style=\"background-color:rgba(30,115,190,0.83);\"><div class=\"blog_text_holder_outer\"><div class=\"blog_text_date_holder\"><div itemprop=\"dateCreated\" class=\"blog_slider_date_holder entry_date updated\"><span class=\"blog_slider_day\" style= \"color: rgba(0,0,0,0.01);\" >15<\/span><span class=\"blog_slider_month\" style= \"color: rgba(0,0,0,0.01);\">Ene<\/span><meta itemprop=\"interactionCount\" content=\"UserComments:0\"\/><\/div><\/div><div class=\"blog_text_holder_inner\"><h3 itemprop=\"name\" class=\"blog_slider_title entry_title\" ><a itemprop=\"url\" href=\"https:\/\/www.sind-luzyfuerza-cap.org.ar\/slyf\/titulo-de-la-noticia-2\/\" >Cursos 2022<\/a><\/h3><\/div><\/div><\/div><div class=\"blog_image_holder\"><span class=\"image\"><img width=\"900\" height=\"540\" src=\"https:\/\/www.sind-luzyfuerza-cap.org.ar\/slyf\/wp-content\/uploads\/2018\/01\/CENTRO408-para-carrousell-noticias.jpg\" class=\"attachment-full size-full wp-post-image\" alt=\"\" loading=\"lazy\" srcset=\"https:\/\/www.sind-luzyfuerza-cap.org.ar\/slyf\/wp-content\/uploads\/2018\/01\/CENTRO408-para-carrousell-noticias.jpg 900w, https:\/\/www.sind-luzyfuerza-cap.org.ar\/slyf\/wp-content\/uploads\/2018\/01\/CENTRO408-para-carrousell-noticias-300x180.jpg 300w, https:\/\/www.sind-luzyfuerza-cap.org.ar\/slyf\/wp-content\/uploads\/2018\/01\/CENTRO408-para-carrousell-noticias-768x461.jpg 768w, https:\/\/www.sind-luzyfuerza-cap.org.ar\/slyf\/wp-content\/uploads\/2018\/01\/CENTRO408-para-carrousell-noticias-700x420.jpg 700w\" sizes=\"(max-width: 900px) 100vw, 900px\" \/><\/span><\/div><\/div><\/li><\/ul><ul class=\"caroufredsel-direction-nav\"><li><a id=\"caroufredsel-prev\" class=\"caroufredsel-prev\" href=\"#\"><div><i class=\"fa fa-angle-left\"><\/i><\/div><\/a><\/li><li><a class=\"caroufredsel-next\" id=\"caroufredsel-next\" href=\"#\"><div><i class=\"fa fa-angle-right\"><\/i><\/div><\/a><\/li><\/ul><\/div><\/div>[vc_empty_space height=&#8221;60&#8243;][\/vc_column][\/vc_row]<\/p>\n","protected":false},"excerpt":{"rendered":"<p>[vc_row css_animation=&#8221;&#8221; row_type=&#8221;row&#8221; use_row_as_full_screen_section=&#8221;no&#8221; type=&#8221;full_width&#8221; angled_section=&#8221;no&#8221; text_align=&#8221;left&#8221; background_image_as_pattern=&#8221;without_pattern&#8221;][vc_column][vc_empty_space height=&#8221;60&#8243;][\/vc_column][\/vc_row][vc_row css_animation=&#8221;&#8221; row_type=&#8221;row&#8221; use_row_as_full_screen_section=&#8221;no&#8221; type=&#8221;grid&#8221; angled_section=&#8221;no&#8221; text_align=&#8221;left&#8221; background_image_as_pattern=&#8221;without_pattern&#8221; z_index=&#8221;&#8221;][vc_column width=&#8221;2\/3&#8243;][vc_column_text] Secretar\u00eda de Turismo y Recreaci\u00f3n [\/vc_column_text][vc_empty_space height=&#8221;21px&#8221;][vc_column_text] Promociones &#8211; Calafate \/ Ushuaia [\/vc_column_text][vc_empty_space height=&#8221;21px&#8221;][vc_accordion active_tab=&#8221;false&#8221; collapsible=&#8221;yes&#8221; style=&#8221;accordion&#8221;][vc_accordion_tab title=&#8221;ITINERARIO&#8221; title_color=&#8221;#919191&#8243; background_color=&#8221;#f4f4f4&#8243;][vc_column_text]Salida: 15 de abril 2020 &nbsp; D\u00eda 1(Mi\u00e9rcoles)&#8230;<\/p>\n","protected":false},"author":4,"featured_media":0,"parent":1039,"menu_order":0,"comment_status":"closed","ping_status":"closed","template":"full_width.php","meta":[],"_links":{"self":[{"href":"https:\/\/www.sind-luzyfuerza-cap.org.ar\/slyf\/wp-json\/wp\/v2\/pages\/3689"}],"collection":[{"href":"https:\/\/www.sind-luzyfuerza-cap.org.ar\/slyf\/wp-json\/wp\/v2\/pages"}],"about":[{"href":"https:\/\/www.sind-luzyfuerza-cap.org.ar\/slyf\/wp-json\/wp\/v2\/types\/page"}],"author":[{"embeddable":true,"href":"https:\/\/www.sind-luzyfuerza-cap.org.ar\/slyf\/wp-json\/wp\/v2\/users\/4"}],"replies":[{"embeddable":true,"href":"https:\/\/www.sind-luzyfuerza-cap.org.ar\/slyf\/wp-json\/wp\/v2\/comments?post=3689"}],"version-history":[{"count":5,"href":"https:\/\/www.sind-luzyfuerza-cap.org.ar\/slyf\/wp-json\/wp\/v2\/pages\/3689\/revisions"}],"predecessor-version":[{"id":3711,"href":"https:\/\/www.sind-luzyfuerza-cap.org.ar\/slyf\/wp-json\/wp\/v2\/pages\/3689\/revisions\/3711"}],"up":[{"embeddable":true,"href":"https:\/\/www.sind-luzyfuerza-cap.org.ar\/slyf\/wp-json\/wp\/v2\/pages\/1039"}],"wp:attachment":[{"href":"https:\/\/www.sind-luzyfuerza-cap.org.ar\/slyf\/wp-json\/wp\/v2\/media?parent=3689"}],"curies":[{"name":"wp","href":"https:\/\/api.w.org\/{rel}","templated":true}]}}