{"id":466,"date":"2018-03-30T17:03:42","date_gmt":"2018-03-30T17:03:42","guid":{"rendered":"https:\/\/www.sind-luzyfuerza-cap.org.ar\/slyf\/?page_id=466"},"modified":"2026-03-25T22:21:41","modified_gmt":"2026-03-25T22:21:41","slug":"hacienda","status":"publish","type":"page","link":"https:\/\/www.sind-luzyfuerza-cap.org.ar\/slyf\/secretarias\/hacienda\/","title":{"rendered":"Hacienda"},"content":{"rendered":"<p>[vc_row css_animation=&#8221;&#8221; row_type=&#8221;row&#8221; use_row_as_full_screen_section=&#8221;no&#8221; type=&#8221;full_width&#8221; angled_section=&#8221;no&#8221; text_align=&#8221;left&#8221; background_image_as_pattern=&#8221;without_pattern&#8221;][vc_column][vc_empty_space height=&#8221;60&#8243;][\/vc_column][\/vc_row][vc_row css_animation=&#8221;&#8221; row_type=&#8221;row&#8221; use_row_as_full_screen_section=&#8221;no&#8221; type=&#8221;grid&#8221; angled_section=&#8221;no&#8221; text_align=&#8221;left&#8221; background_image_as_pattern=&#8221;without_pattern&#8221; z_index=&#8221;&#8221;][vc_column width=&#8221;2\/3&#8243;][vc_column_text]<\/p>\n<h6>Secretar\u00eda de Hacienda<\/h6>\n<p>[\/vc_column_text][vc_empty_space height=&#8221;7px&#8221;][vc_column_text]ACTIVIDAD[\/vc_column_text][vc_empty_space height=&#8221;21px&#8221;][vc_column_text]Es responsable de la administraci\u00f3n del Sindicato, percepci\u00f3n de fondos, vedar por los derechos patrimoniales, vigilar la aplicaci\u00f3n de fondos y valores, llevar la contabilidad respaldada por documentaci\u00f3n fehaciente, custodiar los archivos, seguros, presentar los balances generales y estados contables complementarios, presentar a los cuerpos org\u00e1nicos informes peri\u00f3dicos de la marcha de la econom\u00eda sindical, elevar al Consejo Directivo el proyecto de presupuesto general, llevar el control de la ejecuci\u00f3n del presupuesto general.<\/p>\n<p>Tendr\u00e1 a su cargo el r\u00e9gimen de compras y suministro, llevar el control de las cuotas de afiliados y de los recibos definitivos de por cualquier otro ingreso del Sindicato, control de bancos.<\/p>\n<p>Mantendr\u00e1 actualizados los registros de los afiliados del Sindicato. Tendr\u00e1 a su cargo la administraci\u00f3n y marcha econ\u00f3mica de las Cooperativas de Seguros, de Vivienda y de Cr\u00e9dito y Consumo.<\/p>\n<p>Para cumplir con todas sus funciones, tiene a su cargo los siguientes departamentos:[\/vc_column_text][vc_empty_space height=&#8221;21px&#8221;][vc_accordion active_tab=&#8221;false&#8221; collapsible=&#8221;yes&#8221; style=&#8221;accordion&#8221;][vc_accordion_tab title=&#8221;DEPARTAMENTO DE CONTADUR\u00cdA GENERAL Y CUENTAS A PAGAR&#8221; title_color=&#8221;#1e73be&#8221;][vc_column_text]Su funci\u00f3n principal es la de llevar la contabilidad del Sindicato, inventarios, pago a proveedores, municipalidades, servicios p\u00fablicos, impuestos recaudados por la AFIP, como as\u00ed tambi\u00e9n la confecci\u00f3n de los balances generales y de toda informaci\u00f3n referida a los mismos.[\/vc_column_text][vc_empty_space][\/vc_accordion_tab][vc_accordion_tab title=&#8221;DEPARTAMENTO DE SUPERVISI\u00d3N T\u00c9CNICA CONTABLE&#8221; title_color=&#8221;#1e73be&#8221;][vc_column_text]Se encarga de la realizaci\u00f3n del balance general; analiza sueldos y aportes, retenciones, impuestos a la AFIP, bienes de uso, amortizaciones; realiza las gestiones pertinentes a seguros generales, seguros de cauci\u00f3n, etc.[\/vc_column_text][\/vc_accordion_tab][vc_accordion_tab title=&#8221;DEPARTAMENTO DE PERSONAL&#8221; title_color=&#8221;#1e73be&#8221;][vc_column_text]Se funci\u00f3n principal es la administraci\u00f3n del personal. Se encarga de la liquidaci\u00f3n de sueldos y aportes de los empleados, tanto de la Sede Central, como de los Hoteles, Subsecretarias, Campos de Recreo y de los docentes de los jardines de infantes e Instituto &#8220;13 de Julio&#8221;; asiste en la incorporaci\u00f3n de empleados; Jubilaciones.[\/vc_column_text][\/vc_accordion_tab][vc_accordion_tab title=&#8221;DEPARTAMENTO DE TESORER\u00cdA GENERAL&#8221; title_color=&#8221;#1e73be&#8221;][vc_column_text]Su funci\u00f3n principal es la recaudaci\u00f3n de ingresos del Sindicato, como as\u00ed tambi\u00e9n se encarga de los egresos y del control y custodia de los fondos, valores e inversiones. Se encarga de la gesti\u00f3n de las distintas cuentas bancarias del Sindicato y su conciliaci\u00f3n.[\/vc_column_text][\/vc_accordion_tab][vc_accordion_tab title=&#8221;DEPARTAMENTO DE AUDITOR\u00cdA INTERNA&#8221; title_color=&#8221;#1e73be&#8221;][vc_column_text]Controla la facturaci\u00f3n de los concesionarios de los Hoteles y fiscaliza el cumplimiento de las obligaciones pactadas en los contratos de concesi\u00f3n; Supervisa todo lo relacionado a tasa e impuestos de los bienes del Sindicato, lleva la liquidaci\u00f3n de los impuestos (IVA e Ingresos Brutos) del Hotel Victoria Plaza, act\u00faa de nexo entre la Instituci\u00f3n y las municipalidades donde se ubican los hoteles. Tiene a su cargo el patrimonio inmobiliario del Sindicato.[\/vc_column_text][\/vc_accordion_tab][vc_accordion_tab title=&#8221;DEPARTAMENTO DE ASUNTOS LEGALES&#8221; title_color=&#8221;#1e73be&#8221;][vc_column_text]Su funci\u00f3n es representar jur\u00eddica y legalmente al Sindicato ante terceros, y brindar asesoramiento jur\u00eddico y legal a los afiliados y jubilados de Luz y Fuerza.[\/vc_column_text][\/vc_accordion_tab][vc_accordion_tab title=&#8221;DEPARTAMENTO DE D\u00c9BITOS, RETENCIONES y COBRANZAS&#8221; title_color=&#8221;#1e73be&#8221;][vc_column_text]Control de Aportes y Contribuciones. Seguimiento de cobranzas y convenios de pagos con representaci\u00f3n del Sindicato de Luz y Fuerza Capital, ante los reclamos a Empresas y Contratistas.Centralizaci\u00f3n de retenciones. An\u00e1lisis, informes y distribuci\u00f3n de ingresos a las \u00e1reas de esta Organizaci\u00f3n Sindical, Cooperativas LyF, OSTEE y Sectores de las Empresas de Energ\u00eda.[\/vc_column_text][\/vc_accordion_tab][vc_accordion_tab title=&#8221;DEPARTAMENTO DE INTENDENCIA&#8221; title_color=&#8221;#1e73be&#8221;][vc_column_text]Se encarga del mantenimiento del edificio del Sindicato, subsecretarias y campos de recreo. Realiza trabajos de electricidad, alba\u00f1iler\u00eda, plomer\u00eda, gas, etc. Se encarga de la distribuci\u00f3n de los art\u00edculos de limpieza y mantenimiento entre las distintas dependencias de la Organizaci\u00f3n.[\/vc_column_text][\/vc_accordion_tab][vc_accordion_tab title=&#8221;DEPARTAMENTO DE C\u00d3MPUTOS&#8221; title_color=&#8221;#1e73be&#8221;][vc_column_text]Se encarga de mantener el correcto funcionamiento de los sistemas de informaci\u00f3n y de los procedimientos contables del Sindicato y de las Cooperativas.[\/vc_column_text][\/vc_accordion_tab][vc_accordion_tab title=&#8221;DEPARTAMENTO DE MESA DE ENTRADAS Y SALIDAS&#8221; title_color=&#8221;#1e73be&#8221;][vc_column_text]Se encarga de la recepci\u00f3n y del env\u00edo de toda la documentaci\u00f3n y correspondencia.[\/vc_column_text][\/vc_accordion_tab][\/vc_accordion][vc_empty_space][\/vc_column][vc_column width=&#8221;1\/3&#8243;][vc_gallery interval=&#8221;3&#8243; images=&#8221;799,800,6285&#8243; img_size=&#8221;full&#8221;][vc_row_inner row_type=&#8221;row&#8221; type=&#8221;full_width&#8221; text_align=&#8221;left&#8221; css_animation=&#8221;&#8221;][vc_column_inner][vc_empty_space height=&#8221;20px&#8221;][vc_column_text css=&#8221;.vc_custom_1774477293146{background-color: #ffffff !important;}&#8221;]<\/p>\n<p style=\"text-align: center;\"><strong>Departamento de Compras: Norberto Pettinari<\/strong><\/p>\n<p>[\/vc_column_text][\/vc_column_inner][\/vc_row_inner][\/vc_column][\/vc_row][vc_row css_animation=&#8221;&#8221; row_type=&#8221;row&#8221; use_row_as_full_screen_section=&#8221;no&#8221; type=&#8221;full_width&#8221; angled_section=&#8221;no&#8221; text_align=&#8221;left&#8221; background_image_as_pattern=&#8221;without_pattern&#8221;][vc_column][vc_empty_space height=&#8221;60&#8243;][\/vc_column][\/vc_row][vc_row css_animation=&#8221;&#8221; row_type=&#8221;row&#8221; use_row_as_full_screen_section=&#8221;no&#8221; type=&#8221;full_width&#8221; angled_section=&#8221;no&#8221; text_align=&#8221;left&#8221; background_image_as_pattern=&#8221;without_pattern&#8221;][vc_column][vc_empty_space height=&#8221;40&#8243;][\/vc_column][\/vc_row][vc_row css_animation=&#8221;&#8221; row_type=&#8221;row&#8221; use_row_as_full_screen_section=&#8221;no&#8221; type=&#8221;grid&#8221; angled_section=&#8221;no&#8221; text_align=&#8221;left&#8221; background_image_as_pattern=&#8221;without_pattern&#8221; background_color=&#8221;#e8e8e8&#8243; border_color=&#8221;#1e73be&#8221; z_index=&#8221;&#8221;][vc_column][vc_empty_space height=&#8221;60&#8243;][vc_column_text]<\/p>\n<h2>Noticias Generales<\/h2>\n<p>[\/vc_column_text][vc_empty_space height=&#8221;21px&#8221;]<div class='blog_slider_holder clearfix '><div class='blog_slider blog_slider_carousel' data-blogs_shown='3' data-auto_start='true'><ul class='blog_slides'><li class='item'><div class=\"item_holder\"><div class=\"blog_text_holder info_bottom\" style=\"background-color:rgba(30,115,190,0.83);\"><div class=\"blog_text_holder_outer\"><div class=\"blog_text_date_holder\"><div itemprop=\"dateCreated\" class=\"blog_slider_date_holder entry_date updated\"><span class=\"blog_slider_day\" style= \"color: rgba(0,0,0,0.01);\" >09<\/span><span class=\"blog_slider_month\" style= \"color: rgba(0,0,0,0.01);\">Mar<\/span><meta itemprop=\"interactionCount\" content=\"UserComments:0\"\/><\/div><\/div><div class=\"blog_text_holder_inner\"><h3 itemprop=\"name\" class=\"blog_slider_title entry_title\" ><a itemprop=\"url\" href=\"https:\/\/www.sind-luzyfuerza-cap.org.ar\/slyf\/titulo-de-la-noticia-vivienda-01-2\/\" >CGT &#8211; Pedido de Ratificaci\u00f3n  Convenio n\u00b0 190 de la OIT<\/a><\/h3><\/div><\/div><\/div><div class=\"blog_image_holder\"><span class=\"image\"><img width=\"1000\" height=\"540\" src=\"https:\/\/www.sind-luzyfuerza-cap.org.ar\/slyf\/wp-content\/uploads\/2020\/03\/destacada-4demarzo.jpg\" class=\"attachment-full size-full wp-post-image\" alt=\"\" loading=\"lazy\" srcset=\"https:\/\/www.sind-luzyfuerza-cap.org.ar\/slyf\/wp-content\/uploads\/2020\/03\/destacada-4demarzo.jpg 1000w, https:\/\/www.sind-luzyfuerza-cap.org.ar\/slyf\/wp-content\/uploads\/2020\/03\/destacada-4demarzo-300x162.jpg 300w, https:\/\/www.sind-luzyfuerza-cap.org.ar\/slyf\/wp-content\/uploads\/2020\/03\/destacada-4demarzo-768x415.jpg 768w, https:\/\/www.sind-luzyfuerza-cap.org.ar\/slyf\/wp-content\/uploads\/2020\/03\/destacada-4demarzo-700x378.jpg 700w\" sizes=\"(max-width: 1000px) 100vw, 1000px\" \/><\/span><\/div><\/div><\/li><li class='item'><div class=\"item_holder\"><div class=\"blog_text_holder info_bottom\" style=\"background-color:rgba(30,115,190,0.83);\"><div class=\"blog_text_holder_outer\"><div class=\"blog_text_date_holder\"><div itemprop=\"dateCreated\" class=\"blog_slider_date_holder entry_date updated\"><span class=\"blog_slider_day\" style= \"color: rgba(0,0,0,0.01);\" >15<\/span><span class=\"blog_slider_month\" style= \"color: rgba(0,0,0,0.01);\">Oct<\/span><meta itemprop=\"interactionCount\" content=\"UserComments:0\"\/><\/div><\/div><div class=\"blog_text_holder_inner\"><h3 itemprop=\"name\" class=\"blog_slider_title entry_title\" ><a itemprop=\"url\" href=\"https:\/\/www.sind-luzyfuerza-cap.org.ar\/slyf\/titulo-de-la-noticia-vivienda-01\/\" >Educaci\u00f3n &#8211; Beneficios<\/a><\/h3><\/div><\/div><\/div><div class=\"blog_image_holder\"><span class=\"image\"><img width=\"1000\" height=\"540\" src=\"https:\/\/www.sind-luzyfuerza-cap.org.ar\/slyf\/wp-content\/uploads\/2018\/03\/uai-febrero2019miniatura.jpg\" class=\"attachment-full size-full wp-post-image\" alt=\"\" loading=\"lazy\" srcset=\"https:\/\/www.sind-luzyfuerza-cap.org.ar\/slyf\/wp-content\/uploads\/2018\/03\/uai-febrero2019miniatura.jpg 1000w, https:\/\/www.sind-luzyfuerza-cap.org.ar\/slyf\/wp-content\/uploads\/2018\/03\/uai-febrero2019miniatura-300x162.jpg 300w, https:\/\/www.sind-luzyfuerza-cap.org.ar\/slyf\/wp-content\/uploads\/2018\/03\/uai-febrero2019miniatura-768x415.jpg 768w, https:\/\/www.sind-luzyfuerza-cap.org.ar\/slyf\/wp-content\/uploads\/2018\/03\/uai-febrero2019miniatura-700x378.jpg 700w\" sizes=\"(max-width: 1000px) 100vw, 1000px\" \/><\/span><\/div><\/div><\/li><li class='item'><div class=\"item_holder\"><div class=\"blog_text_holder info_bottom\" style=\"background-color:rgba(30,115,190,0.83);\"><div class=\"blog_text_holder_outer\"><div class=\"blog_text_date_holder\"><div itemprop=\"dateCreated\" class=\"blog_slider_date_holder entry_date updated\"><span class=\"blog_slider_day\" style= \"color: rgba(0,0,0,0.01);\" >15<\/span><span class=\"blog_slider_month\" style= \"color: rgba(0,0,0,0.01);\">Ene<\/span><meta itemprop=\"interactionCount\" content=\"UserComments:0\"\/><\/div><\/div><div class=\"blog_text_holder_inner\"><h3 itemprop=\"name\" class=\"blog_slider_title entry_title\" ><a itemprop=\"url\" href=\"https:\/\/www.sind-luzyfuerza-cap.org.ar\/slyf\/titulo-de-la-noticia-2\/\" >Cursos 2022<\/a><\/h3><\/div><\/div><\/div><div class=\"blog_image_holder\"><span class=\"image\"><img width=\"900\" height=\"540\" src=\"https:\/\/www.sind-luzyfuerza-cap.org.ar\/slyf\/wp-content\/uploads\/2018\/01\/CENTRO408-para-carrousell-noticias.jpg\" class=\"attachment-full size-full wp-post-image\" alt=\"\" loading=\"lazy\" srcset=\"https:\/\/www.sind-luzyfuerza-cap.org.ar\/slyf\/wp-content\/uploads\/2018\/01\/CENTRO408-para-carrousell-noticias.jpg 900w, https:\/\/www.sind-luzyfuerza-cap.org.ar\/slyf\/wp-content\/uploads\/2018\/01\/CENTRO408-para-carrousell-noticias-300x180.jpg 300w, https:\/\/www.sind-luzyfuerza-cap.org.ar\/slyf\/wp-content\/uploads\/2018\/01\/CENTRO408-para-carrousell-noticias-768x461.jpg 768w, https:\/\/www.sind-luzyfuerza-cap.org.ar\/slyf\/wp-content\/uploads\/2018\/01\/CENTRO408-para-carrousell-noticias-700x420.jpg 700w\" sizes=\"(max-width: 900px) 100vw, 900px\" \/><\/span><\/div><\/div><\/li><\/ul><ul class=\"caroufredsel-direction-nav\"><li><a id=\"caroufredsel-prev\" class=\"caroufredsel-prev\" href=\"#\"><div><i class=\"fa fa-angle-left\"><\/i><\/div><\/a><\/li><li><a class=\"caroufredsel-next\" id=\"caroufredsel-next\" href=\"#\"><div><i class=\"fa fa-angle-right\"><\/i><\/div><\/a><\/li><\/ul><\/div><\/div>[vc_empty_space height=&#8221;60&#8243;][\/vc_column][\/vc_row][vc_row css_animation=&#8221;&#8221; row_type=&#8221;row&#8221; use_row_as_full_screen_section=&#8221;no&#8221; type=&#8221;full_width&#8221; angled_section=&#8221;no&#8221; text_align=&#8221;left&#8221; background_image_as_pattern=&#8221;without_pattern&#8221;][vc_column]\n\n\t<a href=\"#\" target=\"_self\"  class=\"qode-btn qode-btn-medium qode-btn-solid qode-btn-default-hover\"  >\n\t    <span class=\"qode-btn-text\"><\/span>\t<\/a>\n\n[\/vc_column][\/vc_row]<\/p>\n","protected":false},"excerpt":{"rendered":"<p>[vc_row css_animation=&#8221;&#8221; row_type=&#8221;row&#8221; use_row_as_full_screen_section=&#8221;no&#8221; type=&#8221;full_width&#8221; angled_section=&#8221;no&#8221; text_align=&#8221;left&#8221; background_image_as_pattern=&#8221;without_pattern&#8221;][vc_column][vc_empty_space height=&#8221;60&#8243;][\/vc_column][\/vc_row][vc_row css_animation=&#8221;&#8221; row_type=&#8221;row&#8221; use_row_as_full_screen_section=&#8221;no&#8221; type=&#8221;grid&#8221; angled_section=&#8221;no&#8221; text_align=&#8221;left&#8221; background_image_as_pattern=&#8221;without_pattern&#8221; z_index=&#8221;&#8221;][vc_column width=&#8221;2\/3&#8243;][vc_column_text] Secretar\u00eda de Hacienda [\/vc_column_text][vc_empty_space height=&#8221;7px&#8221;][vc_column_text]ACTIVIDAD[\/vc_column_text][vc_empty_space height=&#8221;21px&#8221;][vc_column_text]Es responsable de la administraci\u00f3n del Sindicato, percepci\u00f3n de fondos, vedar por los derechos patrimoniales, vigilar la aplicaci\u00f3n de fondos y valores,&#8230;<\/p>\n","protected":false},"author":2,"featured_media":0,"parent":405,"menu_order":0,"comment_status":"closed","ping_status":"closed","template":"full_width.php","meta":[],"_links":{"self":[{"href":"https:\/\/www.sind-luzyfuerza-cap.org.ar\/slyf\/wp-json\/wp\/v2\/pages\/466"}],"collection":[{"href":"https:\/\/www.sind-luzyfuerza-cap.org.ar\/slyf\/wp-json\/wp\/v2\/pages"}],"about":[{"href":"https:\/\/www.sind-luzyfuerza-cap.org.ar\/slyf\/wp-json\/wp\/v2\/types\/page"}],"author":[{"embeddable":true,"href":"https:\/\/www.sind-luzyfuerza-cap.org.ar\/slyf\/wp-json\/wp\/v2\/users\/2"}],"replies":[{"embeddable":true,"href":"https:\/\/www.sind-luzyfuerza-cap.org.ar\/slyf\/wp-json\/wp\/v2\/comments?post=466"}],"version-history":[{"count":7,"href":"https:\/\/www.sind-luzyfuerza-cap.org.ar\/slyf\/wp-json\/wp\/v2\/pages\/466\/revisions"}],"predecessor-version":[{"id":7037,"href":"https:\/\/www.sind-luzyfuerza-cap.org.ar\/slyf\/wp-json\/wp\/v2\/pages\/466\/revisions\/7037"}],"up":[{"embeddable":true,"href":"https:\/\/www.sind-luzyfuerza-cap.org.ar\/slyf\/wp-json\/wp\/v2\/pages\/405"}],"wp:attachment":[{"href":"https:\/\/www.sind-luzyfuerza-cap.org.ar\/slyf\/wp-json\/wp\/v2\/media?parent=466"}],"curies":[{"name":"wp","href":"https:\/\/api.w.org\/{rel}","templated":true}]}}