{"id":518,"date":"2018-03-30T17:42:44","date_gmt":"2018-03-30T17:42:44","guid":{"rendered":"https:\/\/www.sind-luzyfuerza-cap.org.ar\/slyf\/?page_id=518"},"modified":"2024-07-31T22:06:51","modified_gmt":"2024-07-31T22:06:51","slug":"actividades-culturales","status":"publish","type":"page","link":"https:\/\/www.sind-luzyfuerza-cap.org.ar\/slyf\/actividades-culturales\/","title":{"rendered":"Actividades Culturales"},"content":{"rendered":"<p>[vc_row css_animation=&#8221;&#8221; row_type=&#8221;row&#8221; use_row_as_full_screen_section=&#8221;no&#8221; type=&#8221;full_width&#8221; angled_section=&#8221;no&#8221; text_align=&#8221;left&#8221; background_image_as_pattern=&#8221;without_pattern&#8221;][vc_column][vc_empty_space height=&#8221;60&#8243;][\/vc_column][\/vc_row][vc_row css_animation=&#8221;&#8221; row_type=&#8221;row&#8221; use_row_as_full_screen_section=&#8221;no&#8221; type=&#8221;grid&#8221; angled_section=&#8221;no&#8221; text_align=&#8221;left&#8221; background_image_as_pattern=&#8221;without_pattern&#8221; z_index=&#8221;&#8221;][vc_column][vc_column_text]<\/p>\n<h6>Secretar\u00eda de Cultura<\/h6>\n<p>[\/vc_column_text][vc_row_inner row_type=&#8221;row&#8221; type=&#8221;full_width&#8221; text_align=&#8221;left&#8221; css_animation=&#8221;&#8221;][vc_column_inner width=&#8221;1\/2&#8243;][vc_empty_space height=&#8221;20px&#8221;][vc_column_text]<\/p>\n<h4><strong>Muestra: Exposici\u00f3n fotogr\u00e1fica submarina<\/strong><\/h4>\n<p>[\/vc_column_text][vc_empty_space height=&#8221;20px&#8221;][vc_column_text]En la Galer\u00eda de Arte del Teatro Luz y Fuerza, \u00a0se desarroll\u00f3 la muestra \u201cExposici\u00f3n fotogr\u00e1fica submarina\u201d a cargo de la fot\u00f3grafa y buzo Mar\u00eda Cristina Ferreira.<\/p>\n<p>&nbsp;<\/p>\n<p>Mar\u00eda Cristina Ferreira, buzo y fot\u00f3grafa submarina desde 1971, primero con sus compa\u00f1eros del club CASBA. Luego de forma independiente, con su marido y al fallecimiento del mismo Alfredo Horacio Ram\u00edrez contin\u00faa sola, recorriendo diferentes lugares dentro y fuera del pa\u00eds, en sitios seleccionados de Chile, Brasil y el Caribe.[\/vc_column_text][vc_empty_space height=&#8221;20px&#8221;][vc_gallery type=&#8221;flexslider_slide&#8221; interval=&#8221;3&#8243; images=&#8221;2815,2816,2817,2818&#8243; img_size=&#8221;full&#8221; onclick=&#8221;&#8221; css=&#8221;.vc_custom_1562161860350{padding-top: 0px !important;padding-bottom: 0px !important;}&#8221;][vc_separator type=&#8221;normal&#8221; color=&#8221;#d1d1d1&#8243; up=&#8221;0&#8243;][vc_empty_space height=&#8221;20px&#8221;][\/vc_column_inner][vc_column_inner width=&#8221;1\/6&#8243;][\/vc_column_inner][vc_column_inner width=&#8221;2\/6&#8243; css=&#8221;.vc_custom_1552480066876{background-color: #ffffff !important;}&#8221;][vc_column_text]<\/p>\n<h5><span style=\"color: #910f0f;\">Teatro<\/span><\/h5>\n<p>[\/vc_column_text][vc_empty_space height=&#8221;22px&#8221;][vc_gallery interval=&#8221;3&#8243; images=&#8221;1646,1647,1648&#8243; img_size=&#8221;full&#8221; css=&#8221;.vc_custom_1552480562076{margin-bottom: -10px !important;border-bottom-width: -10px !important;padding-bottom: -10px !important;}&#8221;][vc_separator type=&#8221;normal&#8221; color=&#8221;#bcbcbc&#8221;][vc_column_text]<\/p>\n<h5><span style=\"color: #73739c;\">Cursos y talleres<\/span><\/h5>\n<p>[\/vc_column_text][vc_empty_space height=&#8221;22px&#8221;][vc_single_image image=&#8221;1654&#8243; img_size=&#8221;full&#8221; alignment=&#8221;center&#8221; qode_css_animation=&#8221;&#8221;][vc_empty_space height=&#8221;15px&#8221;][vc_column_text]Fotograf\u00eda &#8211; Coros &#8211; Video &#8211; Guitarra &#8211; Teatro &#8211; Danzas &#8211; Portugu\u00e9s &#8211; Taller de magia &#8211; Gimnasia R\u00edtmica &#8211; Teatro para chicos especiales &#8211; Taller de teatro &#8211; Tango &#8211; Especialidades musicales &#8211; Artes Pl\u00e1sticas y Musicales &#8211; Taller de Arte Contempor\u00e1neo &#8211; Yoga &#8211; Taller de Canto &#8211; Taller de t\u00edteres.[\/vc_column_text][vc_empty_space height=&#8221;15px&#8221;][vc_separator type=&#8221;normal&#8221; color=&#8221;#bcbcbc&#8221;][vc_column_text]<\/p>\n<h5><span style=\"color: #275427;\">Actividades culturales<\/span><\/h5>\n<p>[\/vc_column_text][vc_empty_space height=&#8221;22px&#8221;][vc_single_image image=&#8221;1656&#8243; img_size=&#8221;289&#215;239&#8243; alignment=&#8221;center&#8221; qode_css_animation=&#8221;&#8221;][vc_empty_space height=&#8221;15px&#8221;][vc_column_text]Galer\u00eda de arte LyF &#8211; Cine club &#8211; Teatro LyF &#8211; Concurso de cuento, poes\u00eda y fotograf\u00eda &#8211; Gran fiesta del dia del ni\u00f1o &#8211; Encuentros teatrales &#8211; Encuentros corales &#8211; Feria del Libro &#8211; Dibujo &#8211; Artes visuales &#8211; Grabados &#8211; Literatura &#8211; Pintura &#8211; Jornadas literarias<\/p>\n<p>Estas actividades se desarrollan en\u00a0<strong><br \/>\nPer\u00fa 823 Capital Federal<br \/>\n<\/strong>tel: 4362-6824\/3348[\/vc_column_text][vc_empty_space height=&#8221;15px&#8221;][\/vc_column_inner][\/vc_row_inner][vc_row_inner row_type=&#8221;row&#8221; type=&#8221;full_width&#8221; text_align=&#8221;left&#8221; css_animation=&#8221;&#8221;][vc_column_inner width=&#8221;1\/3&#8243;][\/vc_column_inner][vc_column_inner width=&#8221;1\/3&#8243;][\/vc_column_inner][vc_column_inner width=&#8221;1\/3&#8243;][\/vc_column_inner][\/vc_row_inner][vc_empty_space height=&#8221;21px&#8221;][vc_empty_space height=&#8221;16px&#8221;][vc_separator css_animation=&#8221;none&#8221; type=&#8221;normal&#8221;][vc_empty_space][\/vc_column][\/vc_row][vc_row css_animation=&#8221;&#8221; row_type=&#8221;row&#8221; use_row_as_full_screen_section=&#8221;no&#8221; type=&#8221;grid&#8221; angled_section=&#8221;no&#8221; text_align=&#8221;left&#8221; background_image_as_pattern=&#8221;without_pattern&#8221; background_color=&#8221;#e8e8e8&#8243; border_color=&#8221;#1e73be&#8221; z_index=&#8221;&#8221;][vc_column][vc_empty_space height=&#8221;60&#8243;][\/vc_column][\/vc_row]<\/p>\n","protected":false},"excerpt":{"rendered":"<p>[vc_row css_animation=&#8221;&#8221; row_type=&#8221;row&#8221; use_row_as_full_screen_section=&#8221;no&#8221; type=&#8221;full_width&#8221; angled_section=&#8221;no&#8221; text_align=&#8221;left&#8221; background_image_as_pattern=&#8221;without_pattern&#8221;][vc_column][vc_empty_space height=&#8221;60&#8243;][\/vc_column][\/vc_row][vc_row css_animation=&#8221;&#8221; row_type=&#8221;row&#8221; use_row_as_full_screen_section=&#8221;no&#8221; type=&#8221;grid&#8221; angled_section=&#8221;no&#8221; text_align=&#8221;left&#8221; background_image_as_pattern=&#8221;without_pattern&#8221; z_index=&#8221;&#8221;][vc_column][vc_column_text] Secretar\u00eda de Cultura [\/vc_column_text][vc_row_inner row_type=&#8221;row&#8221; type=&#8221;full_width&#8221; text_align=&#8221;left&#8221; css_animation=&#8221;&#8221;][vc_column_inner width=&#8221;1\/2&#8243;][vc_empty_space height=&#8221;20px&#8221;][vc_column_text] Muestra: Exposici\u00f3n fotogr\u00e1fica submarina [\/vc_column_text][vc_empty_space height=&#8221;20px&#8221;][vc_column_text]En la Galer\u00eda de Arte del Teatro Luz y Fuerza, \u00a0se desarroll\u00f3 la&#8230;<\/p>\n","protected":false},"author":2,"featured_media":0,"parent":0,"menu_order":0,"comment_status":"closed","ping_status":"closed","template":"full_width.php","meta":[],"_links":{"self":[{"href":"https:\/\/www.sind-luzyfuerza-cap.org.ar\/slyf\/wp-json\/wp\/v2\/pages\/518"}],"collection":[{"href":"https:\/\/www.sind-luzyfuerza-cap.org.ar\/slyf\/wp-json\/wp\/v2\/pages"}],"about":[{"href":"https:\/\/www.sind-luzyfuerza-cap.org.ar\/slyf\/wp-json\/wp\/v2\/types\/page"}],"author":[{"embeddable":true,"href":"https:\/\/www.sind-luzyfuerza-cap.org.ar\/slyf\/wp-json\/wp\/v2\/users\/2"}],"replies":[{"embeddable":true,"href":"https:\/\/www.sind-luzyfuerza-cap.org.ar\/slyf\/wp-json\/wp\/v2\/comments?post=518"}],"version-history":[{"count":20,"href":"https:\/\/www.sind-luzyfuerza-cap.org.ar\/slyf\/wp-json\/wp\/v2\/pages\/518\/revisions"}],"predecessor-version":[{"id":6598,"href":"https:\/\/www.sind-luzyfuerza-cap.org.ar\/slyf\/wp-json\/wp\/v2\/pages\/518\/revisions\/6598"}],"wp:attachment":[{"href":"https:\/\/www.sind-luzyfuerza-cap.org.ar\/slyf\/wp-json\/wp\/v2\/media?parent=518"}],"curies":[{"name":"wp","href":"https:\/\/api.w.org\/{rel}","templated":true}]}}