{"id":7017,"date":"2026-03-11T16:48:27","date_gmt":"2026-03-11T16:48:27","guid":{"rendered":"https:\/\/www.sind-luzyfuerza-cap.org.ar\/slyf\/?page_id=7017"},"modified":"2026-03-12T16:19:16","modified_gmt":"2026-03-12T16:19:16","slug":"obrascamposderecreo-piscinas","status":"publish","type":"page","link":"https:\/\/www.sind-luzyfuerza-cap.org.ar\/slyf\/secretarias\/vivienda\/obrascamposderecreo-piscinas\/","title":{"rendered":"Obras Campos de Recreo &#8211; Informe piscinas"},"content":{"rendered":"<p>[vc_row css_animation=&#8221;&#8221; row_type=&#8221;row&#8221; use_row_as_full_screen_section=&#8221;no&#8221; type=&#8221;full_width&#8221; angled_section=&#8221;no&#8221; text_align=&#8221;left&#8221; background_image_as_pattern=&#8221;without_pattern&#8221;][vc_column][vc_empty_space height=&#8221;60&#8243;][\/vc_column][\/vc_row][vc_row css_animation=&#8221;&#8221; row_type=&#8221;row&#8221; use_row_as_full_screen_section=&#8221;no&#8221; type=&#8221;grid&#8221; angled_section=&#8221;no&#8221; text_align=&#8221;left&#8221; background_image_as_pattern=&#8221;without_pattern&#8221; z_index=&#8221;&#8221;][vc_column width=&#8221;2\/3&#8243;][vc_column_text]<\/p>\n<h6>Secretar\u00eda de Vivienda<\/h6>\n<p>[\/vc_column_text][vc_empty_space height=&#8221;21px&#8221;][vc_column_text]<\/p>\n<h2>Obras &#8211; Campos de Recreo<\/h2>\n<p>[\/vc_column_text][vc_empty_space][vc_row_inner row_type=&#8221;row&#8221; type=&#8221;full_width&#8221; text_align=&#8221;left&#8221; css_animation=&#8221;&#8221;][vc_column_inner width=&#8221;2\/3&#8243;][vc_column_text]<strong><span style=\"color: #1e73be;\">INFORME T\u00c9CNICO &#8211; CONTROL DE AGUA EN PISCINAS<\/span><\/strong>[\/vc_column_text][vc_empty_space][vc_gallery interval=&#8221;3&#8243; images=&#8221;6984,6982,6981,6983,6985,6980&#8243; img_size=&#8221;full&#8221; onclick=&#8221;&#8221; enable_drag=&#8221;yes&#8221; direction_nav=&#8221;yes&#8221;][\/vc_column_inner][vc_column_inner width=&#8221;1\/3&#8243;][\/vc_column_inner][\/vc_row_inner][vc_row_inner row_type=&#8221;row&#8221; type=&#8221;full_width&#8221; text_align=&#8221;left&#8221; css_animation=&#8221;&#8221;][vc_column_inner][vc_column_text]<strong>CAPACITACI\u00d3N Y ADECUACI\u00d3N A NORMATIVA DE NUESTROS NATATORIOS\u00a0<\/strong><\/p>\n<p>&nbsp;<\/p>\n<p><strong>1. Capacitaci\u00f3n, control y optimizaci\u00f3n del agua de los natatorios<\/strong><\/p>\n<p>Con el objetivo de lograr una mayor optimizaci\u00f3n del control y tratado del agua para prolongar su calidad y optimizar el consumo de productos qu\u00edmicos se procedi\u00f3 a realizar una capacitaci\u00f3n a todo el personal de los campos de recreos.<br \/>\nDurante la capacitaci\u00f3n se mantuvo una charla t\u00e9cnica con personal especializado en mantenimiento de piletas con el fin de evaluar procedimientos de control del agua, mejorar su estabilidad qu\u00edmica y optimizar el uso de insumos. (pH, Cloro, Alcalinidad, Acido, etc.) El objetivo principal fue el control sistem\u00e1tico y preventivo de los par\u00e1metros del agua permitiendo prolongar la calidad de la misma, disminuir aparici\u00f3n de algas y turbidez, y optimizar costos<br \/>\noperativos generales, logrando de esta manera una gesti\u00f3n t\u00e9cnica adecuada del equilibrio qu\u00edmico y del sistema de filtrado que resulta determinante para la eficiencia y econom\u00eda del mantenimiento de la piscina, como as\u00ed tambi\u00e9n la<br \/>\nreducci\u00f3n del desgaste de los sistemas de filtrados y todos sus componentes.<\/p>\n<p>&nbsp;<\/p>\n<p><strong>2. Se\u00f1al\u00e9tica<\/strong><\/p>\n<p>En funci\u00f3n de mantener el orden y la seguridad en los natatorios de nuestros campos de recreo se instalaron carteler\u00edas acordes a las normas de seguridad vigentes, informando sobre normas de comportamiento y recomendaciones<br \/>\nesenciales. Los carteles incluyen advertencias sobre las profundidades, el cierre de puertas, la necesidad de supervisi\u00f3n adulta, consejos de nataci\u00f3n etc. como as\u00ed tambi\u00e9n medidas de precauci\u00f3n para garantizar la protecci\u00f3n de todos los<br \/>\nusuarios.<\/p>\n<p>&nbsp;<\/p>\n<p><strong>3. Pintura y marcaciones.<\/strong><\/p>\n<p>En virtud de realizar el mantenimiento peri\u00f3dico correspondiente en los natatorios de nuestros campos se precedi\u00f3 a realizar los trabajos de pintura oportunos, para tal fin se procedi\u00f3 a la limpieza y lijado de la superficie retirando<br \/>\npartes flojas, para luego aplicar las manos de pinturas correspondientes a efectos de logra una terminaci\u00f3n correcta, tambi\u00e9n se realizaron las marcaciones indicando las distintas profundidades como as\u00ed tambi\u00e9n las l\u00edneas<br \/>\nde cambio de pendiente a modo de dar respuesta a las reglamentaciones de seguridad vigentes.<\/p>\n<p>&nbsp;<\/p>\n<p>La capacitaci\u00f3n fue realizada para todos los compa\u00f1eros que realizan el mantenimiento de los campos de recreo adem\u00e1s de los trabajos especificados en este informe.[\/vc_column_text][vc_empty_space height=&#8221;60px&#8221;][\/vc_column_inner][\/vc_row_inner][\/vc_column][vc_column width=&#8221;1\/3&#8243;][vc_gallery interval=&#8221;3&#8243; images=&#8221;812,6283,6281&#8243; img_size=&#8221;full&#8221;][vc_column_text css=&#8221;.vc_custom_1573559048643{background-color: #ffffff !important;}&#8221;]<\/p>\n<p style=\"text-align: center;\"><strong>Subsecretario Suplente: Miguel \u00c1ngel Marano<\/strong><\/p>\n<p>[\/vc_column_text][\/vc_column][\/vc_row][vc_row css_animation=&#8221;&#8221; row_type=&#8221;row&#8221; use_row_as_full_screen_section=&#8221;no&#8221; type=&#8221;full_width&#8221; angled_section=&#8221;no&#8221; text_align=&#8221;left&#8221; background_image_as_pattern=&#8221;without_pattern&#8221;][vc_column][vc_empty_space height=&#8221;60&#8243;][\/vc_column][\/vc_row][vc_row css_animation=&#8221;&#8221; row_type=&#8221;row&#8221; use_row_as_full_screen_section=&#8221;no&#8221; type=&#8221;grid&#8221; angled_section=&#8221;no&#8221; text_align=&#8221;left&#8221; background_image_as_pattern=&#8221;without_pattern&#8221; background_color=&#8221;#e8e8e8&#8243; border_color=&#8221;#1e73be&#8221; z_index=&#8221;&#8221;][vc_column][vc_empty_space height=&#8221;60&#8243;][\/vc_column][\/vc_row]<\/p>\n","protected":false},"excerpt":{"rendered":"<p>[vc_row css_animation=&#8221;&#8221; row_type=&#8221;row&#8221; use_row_as_full_screen_section=&#8221;no&#8221; type=&#8221;full_width&#8221; angled_section=&#8221;no&#8221; text_align=&#8221;left&#8221; background_image_as_pattern=&#8221;without_pattern&#8221;][vc_column][vc_empty_space height=&#8221;60&#8243;][\/vc_column][\/vc_row][vc_row css_animation=&#8221;&#8221; row_type=&#8221;row&#8221; use_row_as_full_screen_section=&#8221;no&#8221; type=&#8221;grid&#8221; angled_section=&#8221;no&#8221; text_align=&#8221;left&#8221; background_image_as_pattern=&#8221;without_pattern&#8221; z_index=&#8221;&#8221;][vc_column width=&#8221;2\/3&#8243;][vc_column_text] Secretar\u00eda de Vivienda [\/vc_column_text][vc_empty_space height=&#8221;21px&#8221;][vc_column_text] Obras &#8211; Campos de Recreo [\/vc_column_text][vc_empty_space][vc_row_inner row_type=&#8221;row&#8221; type=&#8221;full_width&#8221; text_align=&#8221;left&#8221; css_animation=&#8221;&#8221;][vc_column_inner width=&#8221;2\/3&#8243;][vc_column_text]INFORME T\u00c9CNICO &#8211; CONTROL DE AGUA EN PISCINAS[\/vc_column_text][vc_empty_space][vc_gallery interval=&#8221;3&#8243; images=&#8221;6984,6982,6981,6983,6985,6980&#8243; img_size=&#8221;full&#8221; onclick=&#8221;&#8221;&#8230;<\/p>\n","protected":false},"author":4,"featured_media":0,"parent":1262,"menu_order":0,"comment_status":"closed","ping_status":"closed","template":"full_width.php","meta":[],"_links":{"self":[{"href":"https:\/\/www.sind-luzyfuerza-cap.org.ar\/slyf\/wp-json\/wp\/v2\/pages\/7017"}],"collection":[{"href":"https:\/\/www.sind-luzyfuerza-cap.org.ar\/slyf\/wp-json\/wp\/v2\/pages"}],"about":[{"href":"https:\/\/www.sind-luzyfuerza-cap.org.ar\/slyf\/wp-json\/wp\/v2\/types\/page"}],"author":[{"embeddable":true,"href":"https:\/\/www.sind-luzyfuerza-cap.org.ar\/slyf\/wp-json\/wp\/v2\/users\/4"}],"replies":[{"embeddable":true,"href":"https:\/\/www.sind-luzyfuerza-cap.org.ar\/slyf\/wp-json\/wp\/v2\/comments?post=7017"}],"version-history":[{"count":7,"href":"https:\/\/www.sind-luzyfuerza-cap.org.ar\/slyf\/wp-json\/wp\/v2\/pages\/7017\/revisions"}],"predecessor-version":[{"id":7024,"href":"https:\/\/www.sind-luzyfuerza-cap.org.ar\/slyf\/wp-json\/wp\/v2\/pages\/7017\/revisions\/7024"}],"up":[{"embeddable":true,"href":"https:\/\/www.sind-luzyfuerza-cap.org.ar\/slyf\/wp-json\/wp\/v2\/pages\/1262"}],"wp:attachment":[{"href":"https:\/\/www.sind-luzyfuerza-cap.org.ar\/slyf\/wp-json\/wp\/v2\/media?parent=7017"}],"curies":[{"name":"wp","href":"https:\/\/api.w.org\/{rel}","templated":true}]}}