{"id":972,"date":"2018-04-27T16:12:50","date_gmt":"2018-04-27T16:12:50","guid":{"rendered":"https:\/\/www.sind-luzyfuerza-cap.org.ar\/slyf\/?page_id=972"},"modified":"2022-04-08T15:49:16","modified_gmt":"2022-04-08T15:49:16","slug":"cfp","status":"publish","type":"page","link":"https:\/\/www.sind-luzyfuerza-cap.org.ar\/slyf\/secretarias\/cultura\/cfp\/","title":{"rendered":"CFP &#8211; Cap. Fed y Pcia Bs. As."},"content":{"rendered":"<p>[vc_row css_animation=&#8221;&#8221; row_type=&#8221;row&#8221; use_row_as_full_screen_section=&#8221;no&#8221; type=&#8221;full_width&#8221; angled_section=&#8221;no&#8221; text_align=&#8221;left&#8221; background_image_as_pattern=&#8221;without_pattern&#8221;][vc_column][vc_empty_space height=&#8221;60&#8243;][\/vc_column][\/vc_row][vc_row css_animation=&#8221;&#8221; row_type=&#8221;row&#8221; use_row_as_full_screen_section=&#8221;no&#8221; type=&#8221;grid&#8221; angled_section=&#8221;no&#8221; text_align=&#8221;left&#8221; background_image_as_pattern=&#8221;without_pattern&#8221; z_index=&#8221;&#8221;][vc_column width=&#8221;2\/3&#8243;][vc_column_text]<\/p>\n<h6>Centros de Formaci\u00f3n Profesional &#8211; Capital Federal y Provincia de Buenos Aires<\/h6>\n<p>[\/vc_column_text][vc_empty_space][vc_row_inner row_type=&#8221;row&#8221; type=&#8221;full_width&#8221; text_align=&#8221;left&#8221; css_animation=&#8221;&#8221;][vc_column_inner width=&#8221;1\/4&#8243;]<a  itemprop=\"url\" href=\"https:\/\/www.sind-luzyfuerza-cap.org.ar\/slyf\/secretarias\/cultura\/cfp\/#403\" target=\"_parent\" data-hover-background-color=#508bbf  class=\"qbutton  small center default\" style=\"background-color: #1e73be;\">Centro de Formaci\u00f3n 403<\/a>[\/vc_column_inner][vc_column_inner width=&#8221;1\/4&#8243;]<a  itemprop=\"url\" href=\"https:\/\/www.sind-luzyfuerza-cap.org.ar\/slyf\/secretarias\/cultura\/cfp\/#408\" target=\"_parent\" data-hover-background-color=#508bbf  class=\"qbutton  small center default\" style=\"background-color: #1e73be;\">Centro de Formaci\u00f3n 408<\/a>[\/vc_column_inner][vc_column_inner width=&#8221;1\/4&#8243;][\/vc_column_inner][vc_column_inner width=&#8221;1\/4&#8243;][\/vc_column_inner][\/vc_row_inner][vc_empty_space][vc_row_inner row_type=&#8221;row&#8221; type=&#8221;full_width&#8221; text_align=&#8221;left&#8221; css_animation=&#8221;&#8221;][vc_column_inner width=&#8221;1\/6&#8243;][\/vc_column_inner][vc_column_inner width=&#8221;4\/6&#8243;][vc_single_image image=&#8221;4938&#8243; img_size=&#8221;full&#8221; qode_css_animation=&#8221;&#8221;][\/vc_column_inner][vc_column_inner width=&#8221;1\/6&#8243;][\/vc_column_inner][\/vc_row_inner][vc_empty_space][vc_separator type=&#8221;normal&#8221; color=&#8221;#c4c4c4&#8243;][vc_empty_space][vc_row_inner row_type=&#8221;row&#8221; type=&#8221;full_width&#8221; text_align=&#8221;left&#8221; css_animation=&#8221;&#8221;][vc_column_inner][vc_column_text]<\/p>\n<h4>Jornada de Capacitaci\u00f3n en el Centro de Formaci\u00f3n Laboral N\u00ba 403<\/h4>\n<p>[\/vc_column_text][vc_empty_space height=&#8221;20px&#8221;][vc_column_text]El d\u00eda 8 de Mayo de 2019 el Instituto Provincial de Formaci\u00f3n Laboral realizo en el Centro de Formaci\u00f3n Laboral N\u00ba 403\u00a0\u00a0una jornada de capacitaci\u00f3n , en la cual su Director Marcelo Steimberg, Osvaldo Coyra\u00a0\u00a0\u00a0y dem\u00e1s miembros de su equipo de trabajo escucharon las opiniones de los directivos de los centros\u00a0\u00a0y luego disertaron sobre la importancia de los mismos dentro del universo educativo y la visi\u00f3n de ellos sobre los objetivos a cumplir en los mismos de acuerdo a sus tareas formativas y la implicancia que esto tiene en la inserci\u00f3n en un trabajo digno y con visi\u00f3n a las nuevas tecnolog\u00edas.[\/vc_column_text][\/vc_column_inner][\/vc_row_inner][vc_empty_space height=&#8221;20px&#8221;][vc_row_inner row_type=&#8221;row&#8221; type=&#8221;full_width&#8221; text_align=&#8221;left&#8221; css_animation=&#8221;&#8221;][vc_column_inner width=&#8221;1\/6&#8243;][\/vc_column_inner][vc_column_inner width=&#8221;4\/6&#8243;][vc_gallery type=&#8221;flexslider_slide&#8221; interval=&#8221;3&#8243; images=&#8221;2829,2830,2831&#8243; img_size=&#8221;full&#8221; onclick=&#8221;&#8221;][\/vc_column_inner][vc_column_inner width=&#8221;1\/6&#8243;][\/vc_column_inner][\/vc_row_inner][vc_column_text]En dicho encuentro estaban presentes de los centros que dirigen, el CFL N\u00ba 403 y CFL N\u00ba 408, los compa\u00f1eros Secretario y Subsecretario de Cultura, Educaci\u00f3n y Deporte Daniel Fern\u00e1ndez y Marcelo Ripoli respectivamente. Dando su punto de vista y haciendo conocer como estos centros con convenios\u00a0 con nuestro Sindicato est\u00e1n adaptados a las nuevas tecnolog\u00edas. Sus docentes est\u00e1n en capacitaci\u00f3n permanente para brindarle a los alumnos el nivel de ense\u00f1anza y capacitaci\u00f3n necesarios\u00a0\u00a0para su desarrollo en el mundo del trabajo.<\/p>\n<p>&nbsp;<\/p>\n<p>En dicho encuentro hizo tambi\u00e9n una disertaci\u00f3n el empresario Sergio Haddad\u00a0 y dando su punto de vista en qu\u00e9 clase de capacitaci\u00f3n y qu\u00e9 debe tener un trabajador a la hora de solicitar un puesto de trabajo.<\/p>\n<p>&nbsp;<\/p>\n<p>Tambi\u00e9n en este encuentro se dio a conocer la ley provincial N\u00ba 13.136 ALAS en la cual tiene como objetivo registrar la actividad laboral que tenga como base el autoempleo propendiendo a la solidaridad y cooperaci\u00f3n entre sus integrantes, esto apunta a trabajadores que no est\u00e9n bajo relaci\u00f3n de dependencia.<\/p>\n<p>&nbsp;<\/p>\n<p>El encuentro termin\u00f3 con el agradecimiento del Director Marcelo Steimberg\u00a0\u00a0hacia todos los directores de los centros presentes y del trabajo que estos realizan en pos de la educaci\u00f3n.[\/vc_column_text][vc_empty_space][vc_separator type=&#8221;normal&#8221; color=&#8221;#c4c4c4&#8243;][vc_empty_space height=&#8221;20px&#8221;][vc_empty_space][vc_row_inner row_type=&#8221;row&#8221; type=&#8221;full_width&#8221; anchor=&#8221;403&#8243; text_align=&#8221;left&#8221; css_animation=&#8221;&#8221;][vc_column_inner][vc_empty_space][vc_column_text]<\/p>\n<h4>CENTRO DE FORMACI\u00d3N PROFESIONAL 403<\/h4>\n<p>[\/vc_column_text][vc_empty_space height=&#8221;20px&#8221;][vc_column_text]Tenemos que manifestar que la concurrencia a los cursos por parte de los afiliados ha sido importante y eso nos da aliciente para seguir trabajando cada d\u00eda mas en pos de una capacitaci\u00f3n mejor para todos nuestros afiliados, hijos y la comunidad toda.<\/p>\n<p>Hace mas de 43 a\u00f1os que estamos capacitando a nuestros compa\u00f1eros y sus familias; as\u00ed como tambi\u00e9n a la comunidad en generales \u00a0por eso que en este nuevo ciclo lectivo seguimos actualizando nuestros equipos para brinda dar una excelente capacitaci\u00f3n en el \u00e1rea de\u00a0inform\u00e1tica, y ahora tambi\u00e9n en las \u00e1reas de electricidad e ingl\u00e9s.<\/p>\n<p>Estamos trabajando con las diferentes subsecretarias para lograr satisfacer las demandas de cursos que nos est\u00e1n solicitando haciendo las gestiones necesarias con la Direcci\u00f3n de Formaci\u00f3n Profesional del Adulto de Gobierno de la Provincia de Buenos Airesy con el Gobierno de la Ciudad de Buenos Aires para afrontar el proceso de innovaci\u00f3n desde la formaci\u00f3n profesional basada en competencias.<\/p>\n<p>&nbsp;<\/p>\n<p><a href=\"https:\/\/cfp403luzyfuerza.edu.ar\/\" target=\"_blank\" rel=\"noopener\">Ir al sitio web<\/a>[\/vc_column_text][vc_empty_space][\/vc_column_inner][\/vc_row_inner][vc_accordion active_tab=&#8221;false&#8221; collapsible=&#8221;yes&#8221; style=&#8221;accordion&#8221;][vc_accordion_tab title=&#8221;Actualizaci\u00f3n de Cursos de Formaci\u00f3n Profesional&#8221;][vc_column_text]Del an\u00e1lisis permanente de la demanda laboral, surge claramente la demanda de cursos que permitan a las personas, adecuarse a las modalidades nuevas planteadas desde el mundo del trabajo,\u00a0 prueba de ello es el incremento masivo de la matr\u00edcula de alumnos en todas las actividades llevadas a cabo desde esta secretar\u00eda y en especial del\u00a0\u00a0Centro de Formaci\u00f3n Profesional N\u00ba 27, el Centro de Formaci\u00f3n Profesional N\u00b0 403 y el N\u00b0 408.[\/vc_column_text][\/vc_accordion_tab][vc_accordion_tab title=&#8221;Equipamiento&#8221;][vc_column_text]El Centro N\u00ba 27\u00a0 y\u00a0 N\u00ba 403 ha incorporado en la actualidad equipamiento de primera l\u00ednea para sus aulas, cabe destacar los laboratorios de energ\u00edas alternativas con una turbina e\u00f3lica y paneles solares, como as\u00ed tambi\u00e9n lleva a cabo acciones de capacitaci\u00f3n docente, a la vanguardia de los pedidos del mundo laboral actual.<br \/>\nEl equipamiento adquirido y la preparaci\u00f3n de instructores se est\u00e1n orientando fuertemente sobre los cursos de Electricidad Mantenimiento de Planta, Programaci\u00f3n, Dise\u00f1o Gr\u00e1fico<br \/>\ny Dise\u00f1o de P\u00e1ginas Web.[\/vc_column_text][\/vc_accordion_tab][vc_accordion_tab title=&#8221;Proyectos en desarrollo&#8221;][vc_column_text]Incorporaci\u00f3n de Laboratorios especializados<strong><em>:\u00a0<\/em><\/strong>Est\u00e1n pr\u00f3ximos para su adquisici\u00f3n dos Laboratorios, uno orientado a Mediciones El\u00e9ctricas y otro de Energ\u00edas Renovables, como resultado del Plan de Fortalecimiento que lleva adelante nuestro Sindicato con el Ministerio de Trabajo de la Naci\u00f3n. Mediante esta acci\u00f3n se busca, fundamentalmente con el laboratorio de energ\u00edas alternativas, instalar conceptos de ahorro energ\u00e9tico, cuidado del medio ambiente, y orientar la mirada hacia las nuevas tecnolog\u00edas del primer mundo. Esta adquisici\u00f3n prev\u00e9 tambi\u00e9n la formaci\u00f3n de formadores, para la transmisi\u00f3n del conocimiento sobre estas disciplinas y el uso correcto del equipamiento.<br \/>\nAsimismo, se va a incorporar una nueva herramienta vinculada al \u00e1rea de la energ\u00eda el\u00e9ctrica: en la b\u00fasqueda de sumar acciones formativas, se desarrollar\u00e1 un curso de Planos para Instalaciones Domiciliarias para los alumnos de los m\u00f3dulos de Electricidad como<br \/>\nprimer paso. El nivel siguiente contemplar\u00e1 un curso de Dise\u00f1o Asistido por Computadora:<br \/>\nAutocad.<br \/>\nTenemos que destacar que la importancia y la excelencia educacional en los diferentes centros de formaci\u00f3n profesional y la cantidad de alumnos que a\u00f1o a a\u00f1o reciben su certificaci\u00f3n oficial\u00a0 ya sea en el Centro de Formaci\u00f3n Profesional N\u00ba 403 con 5.450 alumnos recibidos por a\u00f1o , el Centro de Formaci\u00f3n Profesional N\u00ba 27 con 2.250 alumnos recibidos<br \/>\npor a\u00f1o y el Centro de Formaci\u00f3n Profesional N\u00ba 408 con 550 alumnos recibidos por a\u00f1o.\u00a0<strong><em><br \/>\n<\/em><\/strong>[\/vc_column_text][\/vc_accordion_tab][vc_accordion_tab title=&#8221;Plan sectorial de calificaci\u00f3n&#8221;][vc_column_text]Se ha llevado a cabo y se sigue desarrollando un plan de formaci\u00f3n continua que se propone capacitar a trabajadores ocupados y desocupados, de acuerdo a las demandas de calificaciones del sector determinadas por las distintas realidades locales. Este proyecto busca facilitar la incorporaci\u00f3n de trabajadores desocupados a empleos de calidad en las empresas de energ\u00eda el\u00e9ctrica.<br \/>\nA la fecha se han dictado 28 cursos de electricidad\u00a0 en Capital Federal y en Gran Buenos Aires, con un resultado de 750 egresados.<br \/>\nEste plan articulado con el Ministerio de Trabajo ha permitido incorporar a los Centros de Formaci\u00f3n Profesional de nuestra organizaci\u00f3n equipamiento, herramientas e insumos que propenden a una mejor formaci\u00f3n.[\/vc_column_text][\/vc_accordion_tab][vc_accordion_tab title=&#8221;Cursos oficiales&#8221;][vc_column_text]<span style=\"color: #993300;\">INFORM\u00c1TICA B\u00c1SICA<\/span><\/p>\n<ul>\n<li class=\"texto-cuerpo\">Operador de Procesador\u00a0 de textos con sistema operativo.<\/li>\n<li class=\"texto-cuerpo\">Operador de\u00a0 procesador de textos avanzado.<\/li>\n<li class=\"texto-cuerpo\">Operador de planillas de c\u00e1lculos.<\/li>\n<li class=\"texto-cuerpo\">Operador de administrador de bases de datos.<\/li>\n<li class=\"texto-cuerpo\">Operador de generador de presentaciones<\/li>\n<li class=\"texto-cuerpo\">Operador de b\u00e1sico de Internet.<\/li>\n<\/ul>\n<p><span style=\"color: #993300;\">INFORM\u00c1TICA APLICADA<\/span><\/p>\n<ul>\n<li class=\"texto-cuerpo\">Dise\u00f1o gr\u00e1fico asistido por computadoras.<\/li>\n<li class=\"texto-cuerpo\">Introducci\u00f3n a la administraci\u00f3n de<br \/>\nredes inform\u00e1ticas.<\/li>\n<li class=\"texto-cuerpo\">Operador de computadoras personales en ambiente de oficina.<\/li>\n<li class=\"texto-cuerpo\">Operador de software administrativo-contable (Tango Gesti\u00f3n).<\/li>\n<li class=\"texto-cuerpo\">Programaci\u00f3n de lenguaje visual<br \/>\n(b\u00e1sica y orientaci\u00f3n de eventos).<\/li>\n<\/ul>\n<p><span style=\"color: #993300;\">OFICIOS Y SERVICIOS<\/span><\/p>\n<ul>\n<li class=\"texto-cuerpo\">Electricista instalador.<\/li>\n<li class=\"texto-cuerpo\">Electr\u00f3nica b\u00e1sica<br \/>\n(orientaci\u00f3n computadoras personales).<\/li>\n<li class=\"texto-cuerpo\">Matriculaci\u00f3n electricista 3\u00aa categor\u00eda.<\/li>\n<li class=\"texto-cuerpo\">Reparaci\u00f3n de computadoras personales.<\/li>\n<li class=\"texto-cuerpo\"><span class=\"texto-cuerpo\">Operador de sonido. Cine y video Fotograf\u00eda (niveles I , II, II<\/span>I)<\/li>\n<\/ul>\n<p><span style=\"color: #993300;\">EST\u00c9TICA<\/span><\/p>\n<ul>\n<li>Depilaci\u00f3n y manicura.<\/li>\n<li>Est\u00e9tica\u00a0 corporal.<\/li>\n<li>Maquillaje social.<\/li>\n<li>Peluquer\u00eda<\/li>\n<\/ul>\n<p><span style=\"color: #993300;\">IDIOMAS<\/span><\/p>\n<p>Ingl\u00e9s gesti\u00f3n Pymes<br \/>\n(niveles\u00a0 I, II ,III, IV).[\/vc_column_text][\/vc_accordion_tab][vc_accordion_tab title=&#8221;Subsecretar\u00edas&#8221;][vc_column_text]<span style=\"color: #000080;\"><strong>Lomas de Zamora<\/strong><\/span>: Su\u00e1rez 451 \u2013 T\u00e9mperley TE: 4243-2669<\/p>\n<p><span style=\"color: #000080;\"><strong>Quilmes<\/strong><\/span>: Mitre 869 TE: 4253-2007<\/p>\n<p><span style=\"color: #000080;\"><strong>Zona Norte<\/strong><\/span>: Italia 1662 &#8211; Mart\u00ednez\u00a0 TE: 4792-7787<\/p>\n<p><span style=\"color: #000080;\"><strong>La Matanza<\/strong><\/span>: M\u00f1or. Bufano 2560 San Justo TE: 4441-1455<\/p>\n<p><span style=\"color: #000080;\"><strong>Zona Oeste<\/strong><\/span>: Machado 749 \u2013 Mor\u00f3n TE: 4629-2721<\/p>\n<p><span style=\"color: #000080;\"><strong>San Miguel<\/strong><\/span>: Mu\u00f1oz 2944 \u2013 San Miguel TE: 4667-3410<\/p>\n<p><span style=\"color: #000080;\"><strong>Anexo San Mart\u00edn<\/strong><\/span>: Ayacucho y Rivadavia \u2013 San Mart\u00edn TE 4753-3699<\/p>\n<p><span style=\"color: #000080;\"><strong>Anexo Dock Sud<\/strong><\/span>: Ing. Huergo 1586 _ Avellaneda TE: 4205-0822 \/ 0773<\/p>\n<p><span style=\"color: #000080;\"><strong>La Plata<\/strong><\/span>: Calle 3\u00a0 N\u00ba 481 TE: 0221-4226098<\/p>\n<p><strong><span style=\"color: #000080;\">CENTRO CULTURAL LUZ y FUERZA<\/span>\u00a0:\u00a0\u00a0 PERU 823\u00a0\u00a0\u00a0\u00a0\u00a0 TE: 4362-1639<\/strong>[\/vc_column_text][\/vc_accordion_tab][\/vc_accordion][vc_empty_space][vc_separator type=&#8221;normal&#8221; color=&#8221;#c4c4c4&#8243;][vc_row_inner row_type=&#8221;row&#8221; type=&#8221;full_width&#8221; anchor=&#8221;408&#8243; text_align=&#8221;left&#8221; css_animation=&#8221;&#8221;][vc_column_inner][vc_empty_space][vc_column_text]<\/p>\n<h4>CENTRO DE FORMACI\u00d3N PROFESIONAL 408<\/h4>\n<p>[\/vc_column_text][vc_empty_space height=&#8221;20px&#8221;][vc_single_image image=&#8221;4864&#8243; img_size=&#8221;full&#8221; qode_css_animation=&#8221;&#8221;][vc_empty_space height=&#8221;20px&#8221;][\/vc_column_inner][\/vc_row_inner][vc_column_text]<\/p>\n<p style=\"text-align: center;\"><a href=\"http:\/\/centro408avellaneda.edu.ar\/\">Ir al sitio web<\/a><\/p>\n<p>[\/vc_column_text][vc_empty_space][\/vc_column][vc_column width=&#8221;1\/3&#8243;][vc_gallery interval=&#8221;3&#8243; images=&#8221;792,793,3180&#8243; img_size=&#8221;full&#8221;][vc_column_text css=&#8221;.vc_custom_1573559752299{background-color: #ffffff !important;}&#8221;]<\/p>\n<p style=\"text-align: center;\"><strong>Subsecretario Suplente: N\u00e9stor Tarelli<\/strong><br \/>\n<strong>Subsecretario Suplente: Javier Vicente<\/strong><\/p>\n<p>[\/vc_column_text][\/vc_column][\/vc_row][vc_row css_animation=&#8221;&#8221; row_type=&#8221;row&#8221; use_row_as_full_screen_section=&#8221;no&#8221; type=&#8221;grid&#8221; angled_section=&#8221;no&#8221; text_align=&#8221;left&#8221; background_image_as_pattern=&#8221;without_pattern&#8221; background_color=&#8221;#e8e8e8&#8243; border_color=&#8221;#1e73be&#8221; z_index=&#8221;&#8221;][vc_column][vc_empty_space height=&#8221;60&#8243;][vc_empty_space height=&#8221;21px&#8221;]<div class='blog_slider_holder clearfix '><div class='blog_slider blog_slider_carousel' data-blogs_shown='3' data-auto_start='true'><ul class='blog_slides'><li class='item'><div class=\"item_holder\"><div class=\"blog_text_holder info_bottom\" style=\"background-color:rgba(30,115,190,0.83);\"><div class=\"blog_text_holder_outer\"><div class=\"blog_text_date_holder\"><div itemprop=\"dateCreated\" class=\"blog_slider_date_holder entry_date updated\"><span class=\"blog_slider_day\" style= \"color: rgba(0,0,0,0.01);\" >09<\/span><span class=\"blog_slider_month\" style= \"color: rgba(0,0,0,0.01);\">Mar<\/span><meta itemprop=\"interactionCount\" content=\"UserComments:0\"\/><\/div><\/div><div class=\"blog_text_holder_inner\"><h3 itemprop=\"name\" class=\"blog_slider_title entry_title\" ><a itemprop=\"url\" href=\"https:\/\/www.sind-luzyfuerza-cap.org.ar\/slyf\/titulo-de-la-noticia-vivienda-01-2\/\" >CGT &#8211; Pedido de Ratificaci\u00f3n  Convenio n\u00b0 190 de la OIT<\/a><\/h3><\/div><\/div><\/div><div class=\"blog_image_holder\"><span class=\"image\"><img width=\"1000\" height=\"540\" src=\"https:\/\/www.sind-luzyfuerza-cap.org.ar\/slyf\/wp-content\/uploads\/2020\/03\/destacada-4demarzo.jpg\" class=\"attachment-full size-full wp-post-image\" alt=\"\" loading=\"lazy\" srcset=\"https:\/\/www.sind-luzyfuerza-cap.org.ar\/slyf\/wp-content\/uploads\/2020\/03\/destacada-4demarzo.jpg 1000w, https:\/\/www.sind-luzyfuerza-cap.org.ar\/slyf\/wp-content\/uploads\/2020\/03\/destacada-4demarzo-300x162.jpg 300w, https:\/\/www.sind-luzyfuerza-cap.org.ar\/slyf\/wp-content\/uploads\/2020\/03\/destacada-4demarzo-768x415.jpg 768w, https:\/\/www.sind-luzyfuerza-cap.org.ar\/slyf\/wp-content\/uploads\/2020\/03\/destacada-4demarzo-700x378.jpg 700w\" sizes=\"(max-width: 1000px) 100vw, 1000px\" \/><\/span><\/div><\/div><\/li><li class='item'><div class=\"item_holder\"><div class=\"blog_text_holder info_bottom\" style=\"background-color:rgba(30,115,190,0.83);\"><div class=\"blog_text_holder_outer\"><div class=\"blog_text_date_holder\"><div itemprop=\"dateCreated\" class=\"blog_slider_date_holder entry_date updated\"><span class=\"blog_slider_day\" style= \"color: rgba(0,0,0,0.01);\" >15<\/span><span class=\"blog_slider_month\" style= \"color: rgba(0,0,0,0.01);\">Oct<\/span><meta itemprop=\"interactionCount\" content=\"UserComments:0\"\/><\/div><\/div><div class=\"blog_text_holder_inner\"><h3 itemprop=\"name\" class=\"blog_slider_title entry_title\" ><a itemprop=\"url\" href=\"https:\/\/www.sind-luzyfuerza-cap.org.ar\/slyf\/titulo-de-la-noticia-vivienda-01\/\" >Educaci\u00f3n &#8211; Beneficios<\/a><\/h3><\/div><\/div><\/div><div class=\"blog_image_holder\"><span class=\"image\"><img width=\"1000\" height=\"540\" src=\"https:\/\/www.sind-luzyfuerza-cap.org.ar\/slyf\/wp-content\/uploads\/2018\/03\/uai-febrero2019miniatura.jpg\" class=\"attachment-full size-full wp-post-image\" alt=\"\" loading=\"lazy\" srcset=\"https:\/\/www.sind-luzyfuerza-cap.org.ar\/slyf\/wp-content\/uploads\/2018\/03\/uai-febrero2019miniatura.jpg 1000w, https:\/\/www.sind-luzyfuerza-cap.org.ar\/slyf\/wp-content\/uploads\/2018\/03\/uai-febrero2019miniatura-300x162.jpg 300w, https:\/\/www.sind-luzyfuerza-cap.org.ar\/slyf\/wp-content\/uploads\/2018\/03\/uai-febrero2019miniatura-768x415.jpg 768w, https:\/\/www.sind-luzyfuerza-cap.org.ar\/slyf\/wp-content\/uploads\/2018\/03\/uai-febrero2019miniatura-700x378.jpg 700w\" sizes=\"(max-width: 1000px) 100vw, 1000px\" \/><\/span><\/div><\/div><\/li><li class='item'><div class=\"item_holder\"><div class=\"blog_text_holder info_bottom\" style=\"background-color:rgba(30,115,190,0.83);\"><div class=\"blog_text_holder_outer\"><div class=\"blog_text_date_holder\"><div itemprop=\"dateCreated\" class=\"blog_slider_date_holder entry_date updated\"><span class=\"blog_slider_day\" style= \"color: rgba(0,0,0,0.01);\" >15<\/span><span class=\"blog_slider_month\" style= \"color: rgba(0,0,0,0.01);\">Ene<\/span><meta itemprop=\"interactionCount\" content=\"UserComments:0\"\/><\/div><\/div><div class=\"blog_text_holder_inner\"><h3 itemprop=\"name\" class=\"blog_slider_title entry_title\" ><a itemprop=\"url\" href=\"https:\/\/www.sind-luzyfuerza-cap.org.ar\/slyf\/titulo-de-la-noticia-2\/\" >Cursos 2022<\/a><\/h3><\/div><\/div><\/div><div class=\"blog_image_holder\"><span class=\"image\"><img width=\"900\" height=\"540\" src=\"https:\/\/www.sind-luzyfuerza-cap.org.ar\/slyf\/wp-content\/uploads\/2018\/01\/CENTRO408-para-carrousell-noticias.jpg\" class=\"attachment-full size-full wp-post-image\" alt=\"\" loading=\"lazy\" srcset=\"https:\/\/www.sind-luzyfuerza-cap.org.ar\/slyf\/wp-content\/uploads\/2018\/01\/CENTRO408-para-carrousell-noticias.jpg 900w, https:\/\/www.sind-luzyfuerza-cap.org.ar\/slyf\/wp-content\/uploads\/2018\/01\/CENTRO408-para-carrousell-noticias-300x180.jpg 300w, https:\/\/www.sind-luzyfuerza-cap.org.ar\/slyf\/wp-content\/uploads\/2018\/01\/CENTRO408-para-carrousell-noticias-768x461.jpg 768w, https:\/\/www.sind-luzyfuerza-cap.org.ar\/slyf\/wp-content\/uploads\/2018\/01\/CENTRO408-para-carrousell-noticias-700x420.jpg 700w\" sizes=\"(max-width: 900px) 100vw, 900px\" \/><\/span><\/div><\/div><\/li><\/ul><ul class=\"caroufredsel-direction-nav\"><li><a id=\"caroufredsel-prev\" class=\"caroufredsel-prev\" href=\"#\"><div><i class=\"fa fa-angle-left\"><\/i><\/div><\/a><\/li><li><a class=\"caroufredsel-next\" id=\"caroufredsel-next\" href=\"#\"><div><i class=\"fa fa-angle-right\"><\/i><\/div><\/a><\/li><\/ul><\/div><\/div>[vc_empty_space height=&#8221;60&#8243;][\/vc_column][\/vc_row]<\/p>\n","protected":false},"excerpt":{"rendered":"<p>[vc_row css_animation=&#8221;&#8221; row_type=&#8221;row&#8221; use_row_as_full_screen_section=&#8221;no&#8221; type=&#8221;full_width&#8221; angled_section=&#8221;no&#8221; text_align=&#8221;left&#8221; background_image_as_pattern=&#8221;without_pattern&#8221;][vc_column][vc_empty_space height=&#8221;60&#8243;][\/vc_column][\/vc_row][vc_row css_animation=&#8221;&#8221; row_type=&#8221;row&#8221; use_row_as_full_screen_section=&#8221;no&#8221; type=&#8221;grid&#8221; angled_section=&#8221;no&#8221; text_align=&#8221;left&#8221; background_image_as_pattern=&#8221;without_pattern&#8221; z_index=&#8221;&#8221;][vc_column width=&#8221;2\/3&#8243;][vc_column_text] Centros de Formaci\u00f3n Profesional &#8211; Capital Federal y Provincia de Buenos Aires [\/vc_column_text][vc_empty_space][vc_row_inner row_type=&#8221;row&#8221; type=&#8221;full_width&#8221; text_align=&#8221;left&#8221; css_animation=&#8221;&#8221;][vc_column_inner width=&#8221;1\/4&#8243;][\/vc_column_inner][vc_column_inner width=&#8221;1\/4&#8243;][\/vc_column_inner][vc_column_inner width=&#8221;1\/4&#8243;][\/vc_column_inner][vc_column_inner width=&#8221;1\/4&#8243;][\/vc_column_inner][\/vc_row_inner][vc_empty_space][vc_row_inner row_type=&#8221;row&#8221; type=&#8221;full_width&#8221; text_align=&#8221;left&#8221; css_animation=&#8221;&#8221;][vc_column_inner width=&#8221;1\/6&#8243;][\/vc_column_inner][vc_column_inner width=&#8221;4\/6&#8243;][vc_single_image&#8230;<\/p>\n","protected":false},"author":3,"featured_media":0,"parent":462,"menu_order":0,"comment_status":"closed","ping_status":"closed","template":"full_width.php","meta":[],"_links":{"self":[{"href":"https:\/\/www.sind-luzyfuerza-cap.org.ar\/slyf\/wp-json\/wp\/v2\/pages\/972"}],"collection":[{"href":"https:\/\/www.sind-luzyfuerza-cap.org.ar\/slyf\/wp-json\/wp\/v2\/pages"}],"about":[{"href":"https:\/\/www.sind-luzyfuerza-cap.org.ar\/slyf\/wp-json\/wp\/v2\/types\/page"}],"author":[{"embeddable":true,"href":"https:\/\/www.sind-luzyfuerza-cap.org.ar\/slyf\/wp-json\/wp\/v2\/users\/3"}],"replies":[{"embeddable":true,"href":"https:\/\/www.sind-luzyfuerza-cap.org.ar\/slyf\/wp-json\/wp\/v2\/comments?post=972"}],"version-history":[{"count":32,"href":"https:\/\/www.sind-luzyfuerza-cap.org.ar\/slyf\/wp-json\/wp\/v2\/pages\/972\/revisions"}],"predecessor-version":[{"id":4940,"href":"https:\/\/www.sind-luzyfuerza-cap.org.ar\/slyf\/wp-json\/wp\/v2\/pages\/972\/revisions\/4940"}],"up":[{"embeddable":true,"href":"https:\/\/www.sind-luzyfuerza-cap.org.ar\/slyf\/wp-json\/wp\/v2\/pages\/462"}],"wp:attachment":[{"href":"https:\/\/www.sind-luzyfuerza-cap.org.ar\/slyf\/wp-json\/wp\/v2\/media?parent=972"}],"curies":[{"name":"wp","href":"https:\/\/api.w.org\/{rel}","templated":true}]}}