{"id":983,"date":"2018-04-27T20:36:16","date_gmt":"2018-04-27T20:36:16","guid":{"rendered":"https:\/\/www.sind-luzyfuerza-cap.org.ar\/slyf\/?page_id=983"},"modified":"2019-11-12T11:54:24","modified_gmt":"2019-11-12T11:54:24","slug":"deporte","status":"publish","type":"page","link":"https:\/\/www.sind-luzyfuerza-cap.org.ar\/slyf\/secretarias\/cultura\/deporte\/","title":{"rendered":"Deporte"},"content":{"rendered":"<p>[vc_row css_animation=&#8221;&#8221; row_type=&#8221;row&#8221; use_row_as_full_screen_section=&#8221;no&#8221; type=&#8221;full_width&#8221; angled_section=&#8221;no&#8221; text_align=&#8221;left&#8221; background_image_as_pattern=&#8221;without_pattern&#8221;][vc_column][vc_empty_space height=&#8221;60&#8243;][\/vc_column][\/vc_row][vc_row css_animation=&#8221;&#8221; row_type=&#8221;row&#8221; use_row_as_full_screen_section=&#8221;no&#8221; type=&#8221;grid&#8221; angled_section=&#8221;no&#8221; text_align=&#8221;left&#8221; background_image_as_pattern=&#8221;without_pattern&#8221; z_index=&#8221;&#8221;][vc_column width=&#8221;2\/3&#8243;][vc_column_text]<\/p>\n<h6>Deporte<\/h6>\n<p>[\/vc_column_text][vc_empty_space height=&#8221;20px&#8221;][vc_tabs style=&#8221;boxed&#8221;][vc_tab title=&#8221;Novedades&#8221; tab_id=&#8221;1530618616198-5-0&#8243;][vc_empty_space height=&#8221;20px&#8221;][vc_row_inner row_type=&#8221;row&#8221; type=&#8221;full_width&#8221; text_align=&#8221;left&#8221; css_animation=&#8221;&#8221;][vc_column_inner][vc_column_text]<\/p>\n<h4><span style=\"color: #000080;\">Campo Deportivo Segurola<\/span><\/h4>\n<p>[\/vc_column_text][vc_empty_space height=&#8221;20px&#8221;][vc_column_text]<\/p>\n<h5><span style=\"color: #333399;\">Mejoras<\/span><\/h5>\n<p>[\/vc_column_text][vc_empty_space height=&#8221;20px&#8221;][vc_gallery type=&#8221;image_grid&#8221; images=&#8221;2654,2655,2656,2657&#8243; img_size=&#8221;medium&#8221; onclick=&#8221;&#8221; column_number=&#8221;4&#8243; grayscale=&#8221;no&#8221; images_space=&#8221;gallery_with_space&#8221;][vc_column_text]Compartimos im\u00e1genes de los trabajos de mejoras, que se contin\u00faan realizando en el predio de nuestro Campo Deportivo Segurola. La finalizaci\u00f3n de las mismas, permitir\u00e1n nuevamente la total utilizaci\u00f3n de sus instalaciones por parte de nuestros afiliados.[\/vc_column_text][vc_empty_space height=&#8221;20px&#8221;][vc_separator type=&#8221;normal&#8221; color=&#8221;#d8d8d8&#8243;][vc_column_text]<\/p>\n<h5><span style=\"color: #333399;\">Resembrado cancha de f\u00fatbol 11\u00a0<\/span><\/h5>\n<p>[\/vc_column_text][vc_empty_space height=&#8221;15px&#8221;][\/vc_column_inner][\/vc_row_inner][vc_row_inner row_type=&#8221;row&#8221; type=&#8221;full_width&#8221; text_align=&#8221;left&#8221; css_animation=&#8221;&#8221;][vc_column_inner width=&#8221;1\/2&#8243;][vc_single_image image=&#8221;1960&#8243; img_size=&#8221;full&#8221; alignment=&#8221;center&#8221; qode_css_animation=&#8221;&#8221;][\/vc_column_inner][vc_column_inner width=&#8221;1\/2&#8243;][vc_column_text]Compartimos la imagen, que nos muestra el buen estado de la cancha de once, de nuestro campo deportivo Segurola, luego del proceso de resembrado que se realiza en los meses de verano, al finalizar la actividad deportiva anual. De este modo, ya se encuentra en \u00f3ptimas condiciones para el inicio del Campeonato de F\u00fatbol Libre, en fecha pr\u00f3xima.[\/vc_column_text][\/vc_column_inner][\/vc_row_inner][vc_separator type=&#8221;normal&#8221;][vc_column_text]<\/p>\n<h5><span style=\"color: #333399;\">El Campo deportivo Segurola cuenta con:<\/span><\/h5>\n<p><strong><br \/>\nCanchas de f\u00fatbol<\/strong> (seleccionado de f\u00fatbol LyF, torneos internos)<\/p>\n<p><strong>Canchas de tenis, f\u00fatbol 5\/8, paddle, pelota paleta.<\/strong><\/p>\n<p><strong>Actividades recreativas, torneos intercolegiales.<\/strong><\/p>\n<p>&nbsp;<\/p>\n<p>Durante este periodo en forma paulatina e ininterrumpida se realizaron importantes mejoras como por ejemplo la terminaci\u00f3n de los vestuarios y ba\u00f1os para damas y caballeros que realicen la pr\u00e1ctica de tenis y\/o pelota al front\u00f3n.<\/p>\n<p>Se realiz\u00f3 el resembrado del c\u00e9sped de la cancha de 11 y rellenado alisamiento de la cancha de 8.<\/p>\n<p>A su vez d\u00eda a d\u00eda se van mejorando las comodidades en los distintos lugares, contando para este fin con la colaboraci\u00f3n de la Secretaria de Hacienda.[\/vc_column_text][vc_empty_space][\/vc_tab][vc_tab title=&#8221;Informes&#8221; tab_id=&#8221;1530618958141-5-7&#8243;][vc_column_text]<\/p>\n<h5><span style=\"color: #333399;\">Caza, tiro y pesca<\/span><\/h5>\n<p><strong>Permisos, caza, pesca, torneos.<\/strong><\/p>\n<p>Se podr\u00e1n adquirir los correspondientes permisos por la temporada, en esta Secretaria:<\/p>\n<p>&nbsp;<\/p>\n<p style=\"text-align: center;\"><strong>Defensa 453 4\u00ba piso <\/strong><br \/>\n<strong>te. 4342-2441 <\/strong><br \/>\n<strong>de lunes a viernes de 10 a 18 hs.<\/strong><\/p>\n<p>[\/vc_column_text][\/vc_tab][vc_tab title=&#8221;Pesca&#8221; tab_id=&#8221;1571143516800-2-0&#8243;][vc_empty_space height=&#8221;20px&#8221;][vc_column_text]Se realiz\u00f3 con todo \u00e9xito y el marco de un clima de camarader\u00eda y sana competencia deportiva la primera excursi\u00f3n de pesca embarcados a la Laguna Salada de Gral. Madariaga a partir del 10.08.2019<\/p>\n<p>A pesar del clima fr\u00edo en la zona, l\u00f3gico para la \u00e9poca, la experiencia colmo las expectativas de los Cros. aficionados al deporte de la pesca, participantes de la excursi\u00f3n.<\/p>\n<p>Una buena gu\u00eda y buena pesca matizaron el encuentro, que seguramente tendr\u00e1 una repetici\u00f3n en un futuro cercano.[\/vc_column_text][vc_empty_space][vc_gallery type=&#8221;image_grid&#8221; images=&#8221;3066,3067,3068,3069&#8243; img_size=&#8221;full&#8221; column_number=&#8221;2&#8243; grayscale=&#8221;no&#8221; images_space=&#8221;gallery_without_space&#8221;][\/vc_tab][vc_tab title=&#8221;Tae Kwondo&#8221; tab_id=&#8221;1571144814182-3-2&#8243;][vc_column_text]<strong>CAMPEONATO MUNDIAL DE TAE KWONDO 2019<\/strong><\/p>\n<p>La Srta. Nadia Szeremeta, que es hija del Cro. Walter Szeremeta perteneciente al Sector Roca (Edesur) y a la Delegaci\u00f3n Gremial Laboratorio Sur iba a participar de dicho campeonato mundial.<\/p>\n<p>&nbsp;<\/p>\n<p>Felicitamos a Nadia por el tercer puesto obtenido. Este Torneo World Cup Brasil 2019 se desarroll\u00f3 los d\u00edas 9; 10 y 11 de agosto en la ciudad de Fox de Iguaz\u00fa, en el estadio Costa Cavalcante.<\/p>\n<p>&nbsp;<\/p>\n<p>Con aproximadamente 1800 participantes de distintas delegaciones, Argentina, Brasil, Uruguay, Colombia, EE.UU., Canad\u00e1, Sud\u00e1frica, Etiop\u00eda, Gales, Polonia, Noruega, Australia, Nueva Zelandia. Se van desarrollando las distintas modalidades de combate y diferentes formas del tae kwondo en forma individual y grupal; rotura de tablas; salto en alto y en largo. Estas actividades desarrolladas en las distintas categor\u00edas habilitadas: infantiles, juveniles, adultos y seniors.<\/p>\n<p>&nbsp;<\/p>\n<p>Nadia particip\u00f3 en categor\u00eda adultos (18 a 33 a\u00f1os); pero en cuanto al peso la clasificaron en pesados (+ de 75 Kg). Por eso al quedar por escasos gramos por sobre esa marca, tuvo que enfrentarse a competidores de talla y peso marcadamente superiores, lo cual supon\u00eda mayor ventaja deportiva. Siendo la de menor edad y peso en esa categor\u00eda, el tercer puesto en combate, cumple con las expectativas.<\/p>\n<p>&nbsp;<\/p>\n<p>En la actualidad continuar\u00e1 el entrenamiento junto a la escuela \u201cLanda Sports\u201d a la que pertenece. Estar\u00e1 participando el en Torneo Argentina Tae Kwondo Tour y en el Open International Championship Uruguay 2020. Nadia tambi\u00e9n nos invita a\u00a0 participar de la pr\u00e1ctica de este arte marcial; el tae kwondo es una disciplina donde cuerpo y mente pasa a ser uno solo y es apto para todas las edades.[\/vc_column_text][vc_empty_space height=&#8221;20px&#8221;][vc_gallery type=&#8221;image_grid&#8221; images=&#8221;3073,3074,3075,3077,3078,3076&#8243; img_size=&#8221;medium&#8221; column_number=&#8221;3&#8243; grayscale=&#8221;no&#8221; images_space=&#8221;gallery_with_space&#8221;][\/vc_tab][vc_tab title=&#8221;CAMPEONATO OSCAR SMITH &#8221; tab_id=&#8221;1571400436881-4-10&#8243;][vc_column_text]<strong>CAMPEONATO ARGENTINO OSCAR SMITH 2019<\/strong><\/p>\n<p>&nbsp;<\/p>\n<p>Se desarroll\u00f3 en la ciudad de Mar del Plata el Campeonato Argentino Oscar Smith 2019, organizado por la FATLyF. Luz y Fuerza Capital Federal estuvo presente en las competencias finales de la especialidad Cross Country. Tambi\u00e9n en bowling masculino, tejo y truco.[\/vc_column_text][vc_empty_space height=&#8221;20px&#8221;][vc_gallery type=&#8221;flexslider_slide&#8221; interval=&#8221;3&#8243; images=&#8221;3119,3120,3121,3122,3123&#8243; img_size=&#8221;full&#8221; onclick=&#8221;&#8221; css=&#8221;.vc_custom_1571401201175{margin-right: 25px !important;margin-left: 25px !important;border-right-width: 25px !important;border-left-width: 25px !important;padding-right: 50px !important;padding-left: 50px !important;}&#8221;][vc_column_text]La delegaci\u00f3n deportiva estuvo encabezada por el Secretario de Cultura, Educaci\u00f3n y Deporte Cro. Daniel Fern\u00e1ndez, junto al Subsecretario Marcelo R\u00edpoli y el Subsecretario Suplente N\u00e9stor Tarelli. Acompa\u00f1aron algunos militantes del Gremio y junto a ellos, los participantes de las distintas disciplinas deportivas detallados a continuaci\u00f3n:<\/p>\n<p>&nbsp;<\/p>\n<p><strong>Cross Country (mayor de 40 a\u00f1os):<\/strong><\/p>\n<p>Cro. Arias, David\u00a0 Sector Tronador &#8211; Cra. Menna, Marisa Sector Lomas de Zamora<\/p>\n<p><strong>Cross Country (menor de 40 a\u00f1os):<\/strong><\/p>\n<p>Cro. Ayala, Mart\u00edn\u00a0 Sector Barrag\u00e1n \u2013 Cra. Vega, Ivana Sector San Miguel<\/p>\n<p><strong>Truco:\u00a0 <\/strong>Cro. Iba\u00f1ez, Roberto y Cro. Tama, Oscar\u00a0\u00a0\u00a0 Sector R\u00edo de la Plata<\/p>\n<p>&nbsp;<\/p>\n<p>Cabe destacar que los participantes masculinos de cross country participaban tambi\u00e9n de la disciplina bowling masculino. Mientras que las participantes femeninas lo hicieron en tejo. La competencia de cross country se premi\u00f3 individualmente en cada categor\u00eda y\u00a0 por equipo, es decir por sindicato, considerando las categor\u00edas femenina y masculino.<\/p>\n<p>&nbsp;<\/p>\n<p>Luz y Fuerza Capital tuvo una destacada participaci\u00f3n alcanzando:<\/p>\n<p>&nbsp;<\/p>\n<p><strong>1er. lugar en cross country mayor de 40 a\u00f1os masculino (Cro. Arias, David)<\/strong>.<\/p>\n<p>10mo. lugar en cross country menor de 40 a\u00f1os masculino. (Cro. Ayala, Mart\u00edn).<\/p>\n<p>7mo. lugar en cross country mayor de 40 a\u00f1os femenino.\u00a0 (Cra. Menna, Marisa).<\/p>\n<p>11vo. lugar en cross country menor de 40 a\u00f1os femenino.\u00a0 (Cra. Vega, Ivana).<\/p>\n<p>&nbsp;<\/p>\n<p>Estas destacadas posiciones permitieron alcanzar el <strong>2do. puesto en la final por sindicatos<\/strong>.<\/p>\n<p>&nbsp;<\/p>\n<p>En otro orden se logr\u00f3 el <strong>2do. puesto en Tejo. (Cra. Vega, Ivana)<\/strong>.<\/p>\n<p>&nbsp;<\/p>\n<p>Nuestras felicitaciones a la Delegaci\u00f3n Deportiva del Sindicato Capital, que tan bien nos represent\u00f3 en el Campeonato Argentino \u201cOscar Smith\u201d 2019.[\/vc_column_text][\/vc_tab][\/vc_tabs][vc_separator type=&#8221;normal&#8221;][vc_column_text]<\/p>\n<p style=\"text-align: center;\"><strong>Las actividades deportivas tambi\u00e9n se organizan en conjunto con las zonas (subsecretarias):<\/strong><br \/>\n<strong>Zona Norte &#8211; Mor\u00f3n -La Matanza &#8211; Quilmes &#8211; La Plata &#8211; Lomas de Zamora &#8211; <\/strong><br \/>\n<strong>Anexo Dock Sud &#8211; Anexo San Mart\u00edn<\/strong><\/p>\n<p>[\/vc_column_text][\/vc_column][vc_column width=&#8221;1\/3&#8243;][vc_gallery interval=&#8221;3&#8243; images=&#8221;792,793,3180&#8243; img_size=&#8221;full&#8221;][vc_column_text css=&#8221;.vc_custom_1573559635834{background-color: #ffffff !important;}&#8221;]<\/p>\n<p style=\"text-align: center;\"><strong>Subsecretario Suplente: N\u00e9stor Tarelli<\/strong><br \/>\n<strong>Subsecretario Suplente: Javier Vicente<\/strong><\/p>\n<p>[\/vc_column_text][\/vc_column][\/vc_row][vc_row css_animation=&#8221;&#8221; row_type=&#8221;row&#8221; use_row_as_full_screen_section=&#8221;no&#8221; type=&#8221;grid&#8221; angled_section=&#8221;no&#8221; text_align=&#8221;left&#8221; background_image_as_pattern=&#8221;without_pattern&#8221; background_color=&#8221;#e8e8e8&#8243; border_color=&#8221;#1e73be&#8221; z_index=&#8221;&#8221;][vc_column][vc_empty_space height=&#8221;60&#8243;][vc_empty_space height=&#8221;21px&#8221;]<div class='blog_slider_holder clearfix '><div class='blog_slider blog_slider_carousel' data-blogs_shown='3' data-auto_start='true'><ul class='blog_slides'><li class='item'><div class=\"item_holder\"><div class=\"blog_text_holder info_bottom\" style=\"background-color:rgba(30,115,190,0.83);\"><div class=\"blog_text_holder_outer\"><div class=\"blog_text_date_holder\"><div itemprop=\"dateCreated\" class=\"blog_slider_date_holder entry_date updated\"><span class=\"blog_slider_day\" style= \"color: rgba(0,0,0,0.01);\" >09<\/span><span class=\"blog_slider_month\" style= \"color: rgba(0,0,0,0.01);\">Mar<\/span><meta itemprop=\"interactionCount\" content=\"UserComments:0\"\/><\/div><\/div><div class=\"blog_text_holder_inner\"><h3 itemprop=\"name\" class=\"blog_slider_title entry_title\" ><a itemprop=\"url\" href=\"https:\/\/www.sind-luzyfuerza-cap.org.ar\/slyf\/titulo-de-la-noticia-vivienda-01-2\/\" >CGT &#8211; Pedido de Ratificaci\u00f3n  Convenio n\u00b0 190 de la OIT<\/a><\/h3><\/div><\/div><\/div><div class=\"blog_image_holder\"><span class=\"image\"><img width=\"1000\" height=\"540\" src=\"https:\/\/www.sind-luzyfuerza-cap.org.ar\/slyf\/wp-content\/uploads\/2020\/03\/destacada-4demarzo.jpg\" class=\"attachment-full size-full wp-post-image\" alt=\"\" loading=\"lazy\" srcset=\"https:\/\/www.sind-luzyfuerza-cap.org.ar\/slyf\/wp-content\/uploads\/2020\/03\/destacada-4demarzo.jpg 1000w, https:\/\/www.sind-luzyfuerza-cap.org.ar\/slyf\/wp-content\/uploads\/2020\/03\/destacada-4demarzo-300x162.jpg 300w, https:\/\/www.sind-luzyfuerza-cap.org.ar\/slyf\/wp-content\/uploads\/2020\/03\/destacada-4demarzo-768x415.jpg 768w, https:\/\/www.sind-luzyfuerza-cap.org.ar\/slyf\/wp-content\/uploads\/2020\/03\/destacada-4demarzo-700x378.jpg 700w\" sizes=\"(max-width: 1000px) 100vw, 1000px\" \/><\/span><\/div><\/div><\/li><li class='item'><div class=\"item_holder\"><div class=\"blog_text_holder info_bottom\" style=\"background-color:rgba(30,115,190,0.83);\"><div class=\"blog_text_holder_outer\"><div class=\"blog_text_date_holder\"><div itemprop=\"dateCreated\" class=\"blog_slider_date_holder entry_date updated\"><span class=\"blog_slider_day\" style= \"color: rgba(0,0,0,0.01);\" >15<\/span><span class=\"blog_slider_month\" style= \"color: rgba(0,0,0,0.01);\">Oct<\/span><meta itemprop=\"interactionCount\" content=\"UserComments:0\"\/><\/div><\/div><div class=\"blog_text_holder_inner\"><h3 itemprop=\"name\" class=\"blog_slider_title entry_title\" ><a itemprop=\"url\" href=\"https:\/\/www.sind-luzyfuerza-cap.org.ar\/slyf\/titulo-de-la-noticia-vivienda-01\/\" >Educaci\u00f3n &#8211; Beneficios<\/a><\/h3><\/div><\/div><\/div><div class=\"blog_image_holder\"><span class=\"image\"><img width=\"1000\" height=\"540\" src=\"https:\/\/www.sind-luzyfuerza-cap.org.ar\/slyf\/wp-content\/uploads\/2018\/03\/uai-febrero2019miniatura.jpg\" class=\"attachment-full size-full wp-post-image\" alt=\"\" loading=\"lazy\" srcset=\"https:\/\/www.sind-luzyfuerza-cap.org.ar\/slyf\/wp-content\/uploads\/2018\/03\/uai-febrero2019miniatura.jpg 1000w, https:\/\/www.sind-luzyfuerza-cap.org.ar\/slyf\/wp-content\/uploads\/2018\/03\/uai-febrero2019miniatura-300x162.jpg 300w, https:\/\/www.sind-luzyfuerza-cap.org.ar\/slyf\/wp-content\/uploads\/2018\/03\/uai-febrero2019miniatura-768x415.jpg 768w, https:\/\/www.sind-luzyfuerza-cap.org.ar\/slyf\/wp-content\/uploads\/2018\/03\/uai-febrero2019miniatura-700x378.jpg 700w\" sizes=\"(max-width: 1000px) 100vw, 1000px\" \/><\/span><\/div><\/div><\/li><li class='item'><div class=\"item_holder\"><div class=\"blog_text_holder info_bottom\" style=\"background-color:rgba(30,115,190,0.83);\"><div class=\"blog_text_holder_outer\"><div class=\"blog_text_date_holder\"><div itemprop=\"dateCreated\" class=\"blog_slider_date_holder entry_date updated\"><span class=\"blog_slider_day\" style= \"color: rgba(0,0,0,0.01);\" >15<\/span><span class=\"blog_slider_month\" style= \"color: rgba(0,0,0,0.01);\">Ene<\/span><meta itemprop=\"interactionCount\" content=\"UserComments:0\"\/><\/div><\/div><div class=\"blog_text_holder_inner\"><h3 itemprop=\"name\" class=\"blog_slider_title entry_title\" ><a itemprop=\"url\" href=\"https:\/\/www.sind-luzyfuerza-cap.org.ar\/slyf\/titulo-de-la-noticia-2\/\" >Cursos 2022<\/a><\/h3><\/div><\/div><\/div><div class=\"blog_image_holder\"><span class=\"image\"><img width=\"900\" height=\"540\" src=\"https:\/\/www.sind-luzyfuerza-cap.org.ar\/slyf\/wp-content\/uploads\/2018\/01\/CENTRO408-para-carrousell-noticias.jpg\" class=\"attachment-full size-full wp-post-image\" alt=\"\" loading=\"lazy\" srcset=\"https:\/\/www.sind-luzyfuerza-cap.org.ar\/slyf\/wp-content\/uploads\/2018\/01\/CENTRO408-para-carrousell-noticias.jpg 900w, https:\/\/www.sind-luzyfuerza-cap.org.ar\/slyf\/wp-content\/uploads\/2018\/01\/CENTRO408-para-carrousell-noticias-300x180.jpg 300w, https:\/\/www.sind-luzyfuerza-cap.org.ar\/slyf\/wp-content\/uploads\/2018\/01\/CENTRO408-para-carrousell-noticias-768x461.jpg 768w, https:\/\/www.sind-luzyfuerza-cap.org.ar\/slyf\/wp-content\/uploads\/2018\/01\/CENTRO408-para-carrousell-noticias-700x420.jpg 700w\" sizes=\"(max-width: 900px) 100vw, 900px\" \/><\/span><\/div><\/div><\/li><\/ul><ul class=\"caroufredsel-direction-nav\"><li><a id=\"caroufredsel-prev\" class=\"caroufredsel-prev\" href=\"#\"><div><i class=\"fa fa-angle-left\"><\/i><\/div><\/a><\/li><li><a class=\"caroufredsel-next\" id=\"caroufredsel-next\" href=\"#\"><div><i class=\"fa fa-angle-right\"><\/i><\/div><\/a><\/li><\/ul><\/div><\/div>[vc_empty_space height=&#8221;60&#8243;][\/vc_column][\/vc_row]<\/p>\n","protected":false},"excerpt":{"rendered":"<p>[vc_row css_animation=&#8221;&#8221; row_type=&#8221;row&#8221; use_row_as_full_screen_section=&#8221;no&#8221; type=&#8221;full_width&#8221; angled_section=&#8221;no&#8221; text_align=&#8221;left&#8221; background_image_as_pattern=&#8221;without_pattern&#8221;][vc_column][vc_empty_space height=&#8221;60&#8243;][\/vc_column][\/vc_row][vc_row css_animation=&#8221;&#8221; row_type=&#8221;row&#8221; use_row_as_full_screen_section=&#8221;no&#8221; type=&#8221;grid&#8221; angled_section=&#8221;no&#8221; text_align=&#8221;left&#8221; background_image_as_pattern=&#8221;without_pattern&#8221; z_index=&#8221;&#8221;][vc_column width=&#8221;2\/3&#8243;][vc_column_text] Deporte [\/vc_column_text][vc_empty_space height=&#8221;20px&#8221;][vc_tabs style=&#8221;boxed&#8221;][vc_tab title=&#8221;Novedades&#8221; tab_id=&#8221;1530618616198-5-0&#8243;][vc_empty_space height=&#8221;20px&#8221;][vc_row_inner row_type=&#8221;row&#8221; type=&#8221;full_width&#8221; text_align=&#8221;left&#8221; css_animation=&#8221;&#8221;][vc_column_inner][vc_column_text] Campo Deportivo Segurola [\/vc_column_text][vc_empty_space height=&#8221;20px&#8221;][vc_column_text] Mejoras [\/vc_column_text][vc_empty_space height=&#8221;20px&#8221;][vc_gallery type=&#8221;image_grid&#8221; images=&#8221;2654,2655,2656,2657&#8243; img_size=&#8221;medium&#8221; onclick=&#8221;&#8221; column_number=&#8221;4&#8243; grayscale=&#8221;no&#8221; images_space=&#8221;gallery_with_space&#8221;][vc_column_text]Compartimos im\u00e1genes&#8230;<\/p>\n","protected":false},"author":3,"featured_media":0,"parent":462,"menu_order":0,"comment_status":"closed","ping_status":"closed","template":"full_width.php","meta":[],"_links":{"self":[{"href":"https:\/\/www.sind-luzyfuerza-cap.org.ar\/slyf\/wp-json\/wp\/v2\/pages\/983"}],"collection":[{"href":"https:\/\/www.sind-luzyfuerza-cap.org.ar\/slyf\/wp-json\/wp\/v2\/pages"}],"about":[{"href":"https:\/\/www.sind-luzyfuerza-cap.org.ar\/slyf\/wp-json\/wp\/v2\/types\/page"}],"author":[{"embeddable":true,"href":"https:\/\/www.sind-luzyfuerza-cap.org.ar\/slyf\/wp-json\/wp\/v2\/users\/3"}],"replies":[{"embeddable":true,"href":"https:\/\/www.sind-luzyfuerza-cap.org.ar\/slyf\/wp-json\/wp\/v2\/comments?post=983"}],"version-history":[{"count":47,"href":"https:\/\/www.sind-luzyfuerza-cap.org.ar\/slyf\/wp-json\/wp\/v2\/pages\/983\/revisions"}],"predecessor-version":[{"id":3223,"href":"https:\/\/www.sind-luzyfuerza-cap.org.ar\/slyf\/wp-json\/wp\/v2\/pages\/983\/revisions\/3223"}],"up":[{"embeddable":true,"href":"https:\/\/www.sind-luzyfuerza-cap.org.ar\/slyf\/wp-json\/wp\/v2\/pages\/462"}],"wp:attachment":[{"href":"https:\/\/www.sind-luzyfuerza-cap.org.ar\/slyf\/wp-json\/wp\/v2\/media?parent=983"}],"curies":[{"name":"wp","href":"https:\/\/api.w.org\/{rel}","templated":true}]}}